{"id":875,"date":"2019-02-26T15:36:34","date_gmt":"2019-02-26T20:36:34","guid":{"rendered":"https:\/\/uossc.ca\/?page_id=875"},"modified":"2019-10-07T10:28:03","modified_gmt":"2019-10-07T14:28:03","slug":"ce-que-nous-offrons","status":"publish","type":"page","link":"https:\/\/uossc.ca\/fr\/ce-que-nous-offrons\/","title":{"rendered":"Ce que nous offrons"},"content":{"rendered":"\t\t<div data-elementor-type=\"wp-page\" data-elementor-id=\"875\" class=\"elementor elementor-875 elementor-22\" data-elementor-post-type=\"page\">\n\t\t\t\t\t\t<section class=\"elementor-section elementor-top-section elementor-element elementor-element-3c6ce39 elementor-section-boxed elementor-section-height-default elementor-section-height-default\" data-id=\"3c6ce39\" data-element_type=\"section\" data-e-type=\"section\">\n\t\t\t\t\t\t<div class=\"elementor-container elementor-column-gap-default\">\n\t\t\t\t\t<div class=\"elementor-column elementor-col-100 elementor-top-column elementor-element elementor-element-3791f15\" data-id=\"3791f15\" data-element_type=\"column\" data-e-type=\"column\">\n\t\t\t<div class=\"elementor-widget-wrap elementor-element-populated\">\n\t\t\t\t\t\t<div class=\"elementor-element elementor-element-78c7f6e elementor-widget elementor-widget-text-editor\" data-id=\"78c7f6e\" data-element_type=\"widget\" data-e-type=\"widget\" data-widget_type=\"text-editor.default\">\n\t\t\t\t<div class=\"elementor-widget-container\">\n\t\t\t\t\t\t\t\t\t<h2>Miser sur des formations pratiques pour am\u00e9liorer la s\u00e9curit\u00e9 des patients<\/h2><p>Tout comme le secteur de l\u2019aviation utilise des simulateurs de vol pour former ses pilotes, nous utilisons des simulateurs de patients pour offrir aux professionnels de la sant\u00e9 des formations et des exp\u00e9riences pratiques sur la meilleure fa\u00e7on de traiter les patients.<\/p><p>Les participants utilisent une vaste gamme d\u2019outils de formation et de recherche pendant les simulations. Les simulateurs de t\u00e2ches partielles, faits de plastique, reproduisent l\u2019anatomie de diff\u00e9rentes parties du corps avec pr\u00e9cision. Ils permettent aux professionnels de la sant\u00e9 de s\u2019exercer \u00e0 r\u00e9aliser des interventions. Les simulateurs virtuels permettent d\u2019enseigner la r\u00e9alisation de chirurgies compl\u00e8tes. Les mannequins complets ont un pouls et une fr\u00e9quence cardiaque et peuvent respirer et parler. De plus, ils r\u00e9agissent avec pr\u00e9cision aux m\u00e9dicaments et aux fluides administr\u00e9s, ainsi qu\u2019aux compressions thoraciques.\u00a0<\/p><p>Ces mannequins dirig\u00e9s par ordinateurs permettent ainsi de reproduire les soins fournis aux patients dans une unit\u00e9 de soins, une urgence, une unit\u00e9 de soins intensifs et une salle d\u2019op\u00e9ration. La simulation procure la meilleure formation pratique sans mettre de patients en danger, ce qui am\u00e9liore la s\u00e9curit\u00e9 des patients et nous permet de continuer d\u2019offrir des soins de calibre mondial.<\/p><p>Pour en savoir plus, explorez ci-dessous nos services et nos locaux.<\/p>\t\t\t\t\t\t\t\t<\/div>\n\t\t\t\t<\/div>\n\t\t\t\t<div class=\"elementor-element elementor-element-932cf3b elementor-widget elementor-widget-text-editor\" data-id=\"932cf3b\" data-element_type=\"widget\" data-e-type=\"widget\" data-widget_type=\"text-editor.default\">\n\t\t\t\t<div class=\"elementor-widget-container\">\n\t\t\t\t\t\t\t\t\t<h3 style=\"text-align: center;\">Pour en savoir plus, explorez ci-dessous nos services et nos locaux.<\/h3>\t\t\t\t\t\t\t\t<\/div>\n\t\t\t\t<\/div>\n\t\t\t\t\t<\/div>\n\t\t<\/div>\n\t\t\t\t\t<\/div>\n\t\t<\/section>\n\t\t\t\t<section class=\"elementor-section elementor-top-section elementor-element elementor-element-56decf3 elementor-section-full_width elementor-section-height-default elementor-section-height-default\" data-id=\"56decf3\" data-element_type=\"section\" data-e-type=\"section\">\n\t\t\t\t\t\t<div class=\"elementor-container elementor-column-gap-no\">\n\t\t\t\t\t<div class=\"elementor-column elementor-col-33 elementor-top-column elementor-element elementor-element-52e6a52\" data-id=\"52e6a52\" data-element_type=\"column\" data-e-type=\"column\">\n\t\t\t<div class=\"elementor-widget-wrap elementor-element-populated\">\n\t\t\t\t\t\t<div class=\"elementor-element elementor-element-7cf366f elementor-widget elementor-widget-uossc-cta-box\" data-id=\"7cf366f\" data-element_type=\"widget\" data-e-type=\"widget\" data-widget_type=\"uossc-cta-box.default\">\n\t\t\t\t<div class=\"elementor-widget-container\">\n\t\t\t\t\t\t\t\t<a href=\"https:\/\/uossc.ca\/fr\/ce-que-nous-offrons\/nos-services\/\" target=\"_self\" rel=\"\" class=\"uossc-cta-box\" >\n\t\t\t\t<div class=\"uossc-background-overlay\"><\/div>\n\t\t\t\t<div class=\"uossc-title-bar\">\n\t\t\t\t\t<div class=\"uossc-info\">\n\t\t\t\t\t\t<div>\n\t\t\t\t\t\t\t<p class=\"title\" >Op\u00e9ration simul\u00e9e<\/p>\n\t\t\t\t\t\t\t<p class=\"subtitle\" >EXPLOREZ NOS SERVICES ><\/p>\n\t\t\t\t\t\t<\/div>\n\t\t\t\t\t<\/div>\n\t\t\t\t\t<div class=\"uossc-icon\">\n\t\t\t\t\t\t<i class=\"fa fa-angle-right\"><\/i>\n\t\t\t\t\t<\/div>\n\t\t\t\t<\/div>\n\t\t\t<\/a>\n\n\t\t\t\t\t\t<\/div>\n\t\t\t\t<\/div>\n\t\t\t\t\t<\/div>\n\t\t<\/div>\n\t\t\t\t<div class=\"elementor-column elementor-col-33 elementor-top-column elementor-element elementor-element-393ed42\" data-id=\"393ed42\" data-element_type=\"column\" data-e-type=\"column\">\n\t\t\t<div class=\"elementor-widget-wrap elementor-element-populated\">\n\t\t\t\t\t\t<div class=\"elementor-element elementor-element-f582896 elementor-widget-uossc-cta-box-last elementor-widget elementor-widget-uossc-cta-box\" data-id=\"f582896\" data-element_type=\"widget\" data-e-type=\"widget\" data-widget_type=\"uossc-cta-box.default\">\n\t\t\t\t<div class=\"elementor-widget-container\">\n\t\t\t\t\t\t\t\t<a href=\"https:\/\/uossc.ca\/fr\/ce-que-nous-offrons\/simulation-par-jeux-de-role\/\" target=\"_self\" rel=\"\" class=\"uossc-cta-box\" >\n\t\t\t\t<div class=\"uossc-background-overlay\"><\/div>\n\t\t\t\t<div class=\"uossc-title-bar\">\n\t\t\t\t\t<div class=\"uossc-info\">\n\t\t\t\t\t\t<div>\n\t\t\t\t\t\t\t<p class=\"title\" >Simulation par jeux de r\u00f4le<\/p>\n\t\t\t\t\t\t\t<p class=\"subtitle\" >EN SAVOIR PLUS ><\/p>\n\t\t\t\t\t\t<\/div>\n\t\t\t\t\t<\/div>\n\t\t\t\t\t<div class=\"uossc-icon\">\n\t\t\t\t\t\t<i class=\"fa fa-angle-right\"><\/i>\n\t\t\t\t\t<\/div>\n\t\t\t\t<\/div>\n\t\t\t<\/a>\n\n\t\t\t\t\t\t<\/div>\n\t\t\t\t<\/div>\n\t\t\t\t\t<\/div>\n\t\t<\/div>\n\t\t\t\t<div class=\"elementor-column elementor-col-33 elementor-top-column elementor-element elementor-element-a45af8d\" data-id=\"a45af8d\" data-element_type=\"column\" data-e-type=\"column\">\n\t\t\t<div class=\"elementor-widget-wrap elementor-element-populated\">\n\t\t\t\t\t\t<div class=\"elementor-element elementor-element-be16c1d elementor-widget elementor-widget-uossc-cta-box\" data-id=\"be16c1d\" data-element_type=\"widget\" data-e-type=\"widget\" data-widget_type=\"uossc-cta-box.default\">\n\t\t\t\t<div class=\"elementor-widget-container\">\n\t\t\t\t\t\t\t\t<a href=\"https:\/\/uossc.ca\/fr\/ce-que-nous-offrons\/techniques-dintervention\/\" target=\"_self\" rel=\"\" class=\"uossc-cta-box last\" >\n\t\t\t\t<div class=\"uossc-background-overlay\"><\/div>\n\t\t\t\t<div class=\"uossc-title-bar\">\n\t\t\t\t\t<div class=\"uossc-info\">\n\t\t\t\t\t\t<div>\n\t\t\t\t\t\t\t<p class=\"title\" >Techniques d\u2019intervention<\/p>\n\t\t\t\t\t\t\t<p class=\"subtitle\" >EN SAVOIR PLUS ><\/p>\n\t\t\t\t\t\t<\/div>\n\t\t\t\t\t<\/div>\n\t\t\t\t\t<div class=\"uossc-icon\">\n\t\t\t\t\t\t<i class=\"fa fa-angle-right\"><\/i>\n\t\t\t\t\t<\/div>\n\t\t\t\t<\/div>\n\t\t\t<\/a>\n\n\t\t\t\t\t\t<\/div>\n\t\t\t\t<\/div>\n\t\t\t\t\t<\/div>\n\t\t<\/div>\n\t\t\t\t\t<\/div>\n\t\t<\/section>\n\t\t\t\t<section class=\"elementor-section elementor-top-section elementor-element elementor-element-406f5f5 elementor-section-full_width elementor-section-height-default elementor-section-height-default\" data-id=\"406f5f5\" data-element_type=\"section\" data-e-type=\"section\">\n\t\t\t\t\t\t<div class=\"elementor-container elementor-column-gap-no\">\n\t\t\t\t\t<div class=\"elementor-column elementor-col-33 elementor-top-column elementor-element elementor-element-6b90e2f\" data-id=\"6b90e2f\" data-element_type=\"column\" data-e-type=\"column\">\n\t\t\t<div class=\"elementor-widget-wrap elementor-element-populated\">\n\t\t\t\t\t\t<div class=\"elementor-element elementor-element-ea3abb8 elementor-widget elementor-widget-uossc-cta-box\" data-id=\"ea3abb8\" data-element_type=\"widget\" data-e-type=\"widget\" data-widget_type=\"uossc-cta-box.default\">\n\t\t\t\t<div class=\"elementor-widget-container\">\n\t\t\t\t\t\t\t\t<a href=\"https:\/\/uossc.ca\/fr\/ce-que-nous-offrons\/rencontres-structurees-avec-des-patients\/\" target=\"_self\" rel=\"\" class=\"uossc-cta-box\" >\n\t\t\t\t<div class=\"uossc-background-overlay\"><\/div>\n\t\t\t\t<div class=\"uossc-title-bar\">\n\t\t\t\t\t<div class=\"uossc-info\">\n\t\t\t\t\t\t<div>\n\t\t\t\t\t\t\t<p class=\"title\" >Rencontres structur\u00e9es avec des patients<\/p>\n\t\t\t\t\t\t\t<p class=\"subtitle\" >EN SAVOIR PLUS ><\/p>\n\t\t\t\t\t\t<\/div>\n\t\t\t\t\t<\/div>\n\t\t\t\t\t<div class=\"uossc-icon\">\n\t\t\t\t\t\t<i class=\"fa fa-angle-right\"><\/i>\n\t\t\t\t\t<\/div>\n\t\t\t\t<\/div>\n\t\t\t<\/a>\n\n\t\t\t\t\t\t<\/div>\n\t\t\t\t<\/div>\n\t\t\t\t\t<\/div>\n\t\t<\/div>\n\t\t\t\t<div class=\"elementor-column elementor-col-33 elementor-top-column elementor-element elementor-element-e04538c\" data-id=\"e04538c\" data-element_type=\"column\" data-e-type=\"column\">\n\t\t\t<div class=\"elementor-widget-wrap elementor-element-populated\">\n\t\t\t\t\t\t<div class=\"elementor-element elementor-element-19fb422 elementor-widget-uossc-cta-box-last elementor-widget elementor-widget-uossc-cta-box\" data-id=\"19fb422\" data-element_type=\"widget\" data-e-type=\"widget\" data-widget_type=\"uossc-cta-box.default\">\n\t\t\t\t<div class=\"elementor-widget-container\">\n\t\t\t\t\t\t\t\t<a href=\"https:\/\/uossc.ca\/fr\/in-situ\/\" target=\"_self\" rel=\"\" class=\"uossc-cta-box\" >\n\t\t\t\t<div class=\"uossc-background-overlay\"><\/div>\n\t\t\t\t<div class=\"uossc-title-bar\">\n\t\t\t\t\t<div class=\"uossc-info\">\n\t\t\t\t\t\t<div>\n\t\t\t\t\t\t\t<p class=\"title\" >Simulation (in situ)<\/p>\n\t\t\t\t\t\t\t<p class=\"subtitle\" >EN SAVOIR PLUS ><\/p>\n\t\t\t\t\t\t<\/div>\n\t\t\t\t\t<\/div>\n\t\t\t\t\t<div class=\"uossc-icon\">\n\t\t\t\t\t\t<i class=\"fa fa-angle-right\"><\/i>\n\t\t\t\t\t<\/div>\n\t\t\t\t<\/div>\n\t\t\t<\/a>\n\n\t\t\t\t\t\t<\/div>\n\t\t\t\t<\/div>\n\t\t\t\t\t<\/div>\n\t\t<\/div>\n\t\t\t\t<div class=\"elementor-column elementor-col-33 elementor-top-column elementor-element elementor-element-ea7c842\" data-id=\"ea7c842\" data-element_type=\"column\" data-e-type=\"column\">\n\t\t\t<div class=\"elementor-widget-wrap elementor-element-populated\">\n\t\t\t\t\t\t<div class=\"elementor-element elementor-element-49c3977 elementor-widget elementor-widget-uossc-cta-box\" data-id=\"49c3977\" data-element_type=\"widget\" data-e-type=\"widget\" data-widget_type=\"uossc-cta-box.default\">\n\t\t\t\t<div class=\"elementor-widget-container\">\n\t\t\t\t\t\t\t\t<a href=\"https:\/\/uossc.ca\/fr\/plan-interactif\/\" target=\"_self\" rel=\"\" class=\"uossc-cta-box last\" >\n\t\t\t\t<div class=\"uossc-background-overlay\"><\/div>\n\t\t\t\t<div class=\"uossc-title-bar\">\n\t\t\t\t\t<div class=\"uossc-info\">\n\t\t\t\t\t\t<div>\n\t\t\t\t\t\t\t<p class=\"title\" >Plan interactif<\/p>\n\t\t\t\t\t\t\t<p class=\"subtitle\" >EN SAVOIR PLUS ><\/p>\n\t\t\t\t\t\t<\/div>\n\t\t\t\t\t<\/div>\n\t\t\t\t\t<div class=\"uossc-icon\">\n\t\t\t\t\t\t<i class=\"fa fa-angle-right\"><\/i>\n\t\t\t\t\t<\/div>\n\t\t\t\t<\/div>\n\t\t\t<\/a>\n\n\t\t\t\t\t\t<\/div>\n\t\t\t\t<\/div>\n\t\t\t\t\t<\/div>\n\t\t<\/div>\n\t\t\t\t\t<\/div>\n\t\t<\/section>\n\t\t\t\t<section class=\"elementor-section elementor-top-section elementor-element elementor-element-7296e46 elementor-section-boxed elementor-section-height-default elementor-section-height-default\" data-id=\"7296e46\" data-element_type=\"section\" data-e-type=\"section\" data-settings=\"{&quot;background_background&quot;:&quot;classic&quot;}\">\n\t\t\t\t\t\t\t<div class=\"elementor-background-overlay\"><\/div>\n\t\t\t\t\t\t\t<div class=\"elementor-container elementor-column-gap-default\">\n\t\t\t\t\t<div class=\"elementor-column elementor-col-100 elementor-top-column elementor-element elementor-element-4408c67\" data-id=\"4408c67\" data-element_type=\"column\" data-e-type=\"column\">\n\t\t\t<div class=\"elementor-widget-wrap elementor-element-populated\">\n\t\t\t\t\t\t<div class=\"elementor-element elementor-element-1fe83c5 elementor-widget elementor-widget-heading\" data-id=\"1fe83c5\" data-element_type=\"widget\" data-e-type=\"widget\" data-widget_type=\"heading.default\">\n\t\t\t\t<div class=\"elementor-widget-container\">\n\t\t\t\t\t<h2 class=\"elementor-heading-title elementor-size-default\">Consolidation d\u2019\u00e9quipe et activit\u00e9s publiques  <\/h2>\t\t\t\t<\/div>\n\t\t\t\t<\/div>\n\t\t\t\t<div class=\"elementor-element elementor-element-fcf6c14 elementor-align-center elementor-widget elementor-widget-button\" data-id=\"fcf6c14\" data-element_type=\"widget\" data-e-type=\"widget\" data-widget_type=\"button.default\">\n\t\t\t\t<div class=\"elementor-widget-container\">\n\t\t\t\t\t\t\t\t\t<div class=\"elementor-button-wrapper\">\n\t\t\t\t\t<a class=\"elementor-button elementor-button-link elementor-size-sm\" href=\"https:\/\/uossc.ca\/fr\/activites-publiques-et-formations-d%ca%bcequipes\/\">\n\t\t\t\t\t\t<span class=\"elementor-button-content-wrapper\">\n\t\t\t\t\t\t\t\t\t<span class=\"elementor-button-text\">En savoir plus<\/span>\n\t\t\t\t\t<\/span>\n\t\t\t\t\t<\/a>\n\t\t\t\t<\/div>\n\t\t\t\t\t\t\t\t<\/div>\n\t\t\t\t<\/div>\n\t\t\t\t\t<\/div>\n\t\t<\/div>\n\t\t\t\t\t<\/div>\n\t\t<\/section>\n\t\t\t\t<\/div>\n\t\t","protected":false},"excerpt":{"rendered":"<p>Miser sur des formations pratiques pour am\u00e9liorer la s\u00e9curit\u00e9 des patients Tout comme le secteur de l\u2019aviation utilise des simulateurs de vol pour former ses pilotes, nous utilisons des simulateurs de patients pour offrir aux professionnels de la sant\u00e9 des formations et des exp\u00e9riences pratiques sur la meilleure fa\u00e7on de traiter les patients. Les participants [&hellip;]<\/p>\n","protected":false},"author":1,"featured_media":0,"parent":0,"menu_order":0,"comment_status":"closed","ping_status":"closed","template":"","meta":{"_acf_changed":false,"site-sidebar-layout":"no-sidebar","site-content-layout":"page-builder","ast-site-content-layout":"default","site-content-style":"default","site-sidebar-style":"default","ast-global-header-display":"","ast-banner-title-visibility":"","ast-main-header-display":"","ast-hfb-above-header-display":"","ast-hfb-below-header-display":"","ast-hfb-mobile-header-display":"","site-post-title":"disabled","ast-breadcrumbs-content":"","ast-featured-img":"disabled","footer-sml-layout":"","ast-disable-related-posts":"","theme-transparent-header-meta":"default","adv-header-id-meta":"","stick-header-meta":"","header-above-stick-meta":"","header-main-stick-meta":"","header-below-stick-meta":"","astra-migrate-meta-layouts":"default","ast-page-background-enabled":"default","ast-page-background-meta":{"desktop":{"background-color":"","background-image":"","background-repeat":"repeat","background-position":"center center","background-size":"auto","background-attachment":"scroll","background-type":"","background-media":"","overlay-type":"","overlay-color":"","overlay-opacity":"","overlay-gradient":""},"tablet":{"background-color":"","background-image":"","background-repeat":"repeat","background-position":"center center","background-size":"auto","background-attachment":"scroll","background-type":"","background-media":"","overlay-type":"","overlay-color":"","overlay-opacity":"","overlay-gradient":""},"mobile":{"background-color":"","background-image":"","background-repeat":"repeat","background-position":"center center","background-size":"auto","background-attachment":"scroll","background-type":"","background-media":"","overlay-type":"","overlay-color":"","overlay-opacity":"","overlay-gradient":""}},"ast-content-background-meta":{"desktop":{"background-color":"var(--ast-global-color-5)","background-image":"","background-repeat":"repeat","background-position":"center center","background-size":"auto","background-attachment":"scroll","background-type":"","background-media":"","overlay-type":"","overlay-color":"","overlay-opacity":"","overlay-gradient":""},"tablet":{"background-color":"var(--ast-global-color-5)","background-image":"","background-repeat":"repeat","background-position":"center center","background-size":"auto","background-attachment":"scroll","background-type":"","background-media":"","overlay-type":"","overlay-color":"","overlay-opacity":"","overlay-gradient":""},"mobile":{"background-color":"var(--ast-global-color-5)","background-image":"","background-repeat":"repeat","background-position":"center center","background-size":"auto","background-attachment":"scroll","background-type":"","background-media":"","overlay-type":"","overlay-color":"","overlay-opacity":"","overlay-gradient":""}},"footnotes":"","_links_to":"","_links_to_target":""},"class_list":["post-875","page","type-page","status-publish","hentry"],"acf":[],"yoast_head":"<!-- This site is optimized with the Yoast SEO plugin v27.5 - https:\/\/yoast.com\/product\/yoast-seo-wordpress\/ -->\n<title>Centre de comp\u00e9tences et de simulation de l&#039;Universit\u00e9 d&#039;Ottawa - Ce que nous offrons<\/title>\n<meta name=\"robots\" content=\"index, follow, max-snippet:-1, max-image-preview:large, max-video-preview:-1\" \/>\n<link rel=\"canonical\" href=\"https:\/\/uossc.ca\/fr\/ce-que-nous-offrons\/\" \/>\n<meta property=\"og:locale\" content=\"fr_CA\" \/>\n<meta property=\"og:type\" content=\"article\" \/>\n<meta property=\"og:title\" content=\"Centre de comp\u00e9tences et de simulation de l&#039;Universit\u00e9 d&#039;Ottawa - Ce que nous offrons\" \/>\n<meta property=\"og:description\" content=\"Miser sur des formations pratiques pour am\u00e9liorer la s\u00e9curit\u00e9 des patients Tout comme le secteur de l\u2019aviation utilise des simulateurs de vol pour former ses pilotes, nous utilisons des simulateurs de patients pour offrir aux professionnels de la sant\u00e9 des formations et des exp\u00e9riences pratiques sur la meilleure fa\u00e7on de traiter les patients. Les participants [&hellip;]\" \/>\n<meta property=\"og:url\" content=\"https:\/\/uossc.ca\/fr\/ce-que-nous-offrons\/\" \/>\n<meta property=\"og:site_name\" content=\"Centre de comp\u00e9tences et de simulation de l&#039;Universit\u00e9 d&#039;Ottawa\" \/>\n<meta property=\"article:modified_time\" content=\"2019-10-07T14:28:03+00:00\" \/>\n<meta name=\"twitter:card\" content=\"summary_large_image\" \/>\n<meta name=\"twitter:site\" content=\"@uOSSC_CCSuO\" \/>\n<meta name=\"twitter:label1\" content=\"Estimation du temps de lecture\" \/>\n\t<meta name=\"twitter:data1\" content=\"1 minute\" \/>\n<script type=\"application\/ld+json\" class=\"yoast-schema-graph\">{\"@context\":\"https:\\\/\\\/schema.org\",\"@graph\":[{\"@type\":\"WebPage\",\"@id\":\"https:\\\/\\\/uossc.ca\\\/fr\\\/ce-que-nous-offrons\\\/\",\"url\":\"https:\\\/\\\/uossc.ca\\\/fr\\\/ce-que-nous-offrons\\\/\",\"name\":\"Centre de comp\u00e9tences et de simulation de l&#039;Universit\u00e9 d&#039;Ottawa - Ce que nous offrons\",\"isPartOf\":{\"@id\":\"https:\\\/\\\/uossc.ca\\\/fr\\\/#website\"},\"datePublished\":\"2019-02-26T20:36:34+00:00\",\"dateModified\":\"2019-10-07T14:28:03+00:00\",\"breadcrumb\":{\"@id\":\"https:\\\/\\\/uossc.ca\\\/fr\\\/ce-que-nous-offrons\\\/#breadcrumb\"},\"inLanguage\":\"fr-CA\",\"potentialAction\":[{\"@type\":\"ReadAction\",\"target\":[\"https:\\\/\\\/uossc.ca\\\/fr\\\/ce-que-nous-offrons\\\/\"]}]},{\"@type\":\"BreadcrumbList\",\"@id\":\"https:\\\/\\\/uossc.ca\\\/fr\\\/ce-que-nous-offrons\\\/#breadcrumb\",\"itemListElement\":[{\"@type\":\"ListItem\",\"position\":1,\"name\":\"Home\",\"item\":\"https:\\\/\\\/uossc.ca\\\/fr\\\/\"},{\"@type\":\"ListItem\",\"position\":2,\"name\":\"Ce que nous offrons\"}]},{\"@type\":\"WebSite\",\"@id\":\"https:\\\/\\\/uossc.ca\\\/fr\\\/#website\",\"url\":\"https:\\\/\\\/uossc.ca\\\/fr\\\/\",\"name\":\"Centre de comp\u00e9tences et de simulation de l&#039;Universit\u00e9 d&#039;Ottawa\",\"description\":\"An international leader in collaborative simulation-based education.\",\"publisher\":{\"@id\":\"https:\\\/\\\/uossc.ca\\\/fr\\\/#organization\"},\"potentialAction\":[{\"@type\":\"SearchAction\",\"target\":{\"@type\":\"EntryPoint\",\"urlTemplate\":\"https:\\\/\\\/uossc.ca\\\/fr\\\/?s={search_term_string}\"},\"query-input\":{\"@type\":\"PropertyValueSpecification\",\"valueRequired\":true,\"valueName\":\"search_term_string\"}}],\"inLanguage\":\"fr-CA\"},{\"@type\":\"Organization\",\"@id\":\"https:\\\/\\\/uossc.ca\\\/fr\\\/#organization\",\"name\":\"The University of Ottawa Skills and Simulation Centre\",\"url\":\"https:\\\/\\\/uossc.ca\\\/fr\\\/\",\"logo\":{\"@type\":\"ImageObject\",\"inLanguage\":\"fr-CA\",\"@id\":\"https:\\\/\\\/uossc.ca\\\/fr\\\/#\\\/schema\\\/logo\\\/image\\\/\",\"url\":\"https:\\\/\\\/uossc.ca\\\/wp-content\\\/uploads\\\/2019\\\/07\\\/uossc-logo.jpg\",\"contentUrl\":\"https:\\\/\\\/uossc.ca\\\/wp-content\\\/uploads\\\/2019\\\/07\\\/uossc-logo.jpg\",\"width\":790,\"height\":92,\"caption\":\"The University of Ottawa Skills and Simulation Centre\"},\"image\":{\"@id\":\"https:\\\/\\\/uossc.ca\\\/fr\\\/#\\\/schema\\\/logo\\\/image\\\/\"},\"sameAs\":[\"https:\\\/\\\/x.com\\\/uOSSC_CCSuO\"]}]}<\/script>\n<!-- \/ Yoast SEO plugin. -->","yoast_head_json":{"title":"Centre de comp\u00e9tences et de simulation de l&#039;Universit\u00e9 d&#039;Ottawa - Ce que nous offrons","robots":{"index":"index","follow":"follow","max-snippet":"max-snippet:-1","max-image-preview":"max-image-preview:large","max-video-preview":"max-video-preview:-1"},"canonical":"https:\/\/uossc.ca\/fr\/ce-que-nous-offrons\/","og_locale":"fr_CA","og_type":"article","og_title":"Centre de comp\u00e9tences et de simulation de l&#039;Universit\u00e9 d&#039;Ottawa - Ce que nous offrons","og_description":"Miser sur des formations pratiques pour am\u00e9liorer la s\u00e9curit\u00e9 des patients Tout comme le secteur de l\u2019aviation utilise des simulateurs de vol pour former ses pilotes, nous utilisons des simulateurs de patients pour offrir aux professionnels de la sant\u00e9 des formations et des exp\u00e9riences pratiques sur la meilleure fa\u00e7on de traiter les patients. Les participants [&hellip;]","og_url":"https:\/\/uossc.ca\/fr\/ce-que-nous-offrons\/","og_site_name":"Centre de comp\u00e9tences et de simulation de l&#039;Universit\u00e9 d&#039;Ottawa","article_modified_time":"2019-10-07T14:28:03+00:00","twitter_card":"summary_large_image","twitter_site":"@uOSSC_CCSuO","twitter_misc":{"Estimation du temps de lecture":"1 minute"},"schema":{"@context":"https:\/\/schema.org","@graph":[{"@type":"WebPage","@id":"https:\/\/uossc.ca\/fr\/ce-que-nous-offrons\/","url":"https:\/\/uossc.ca\/fr\/ce-que-nous-offrons\/","name":"Centre de comp\u00e9tences et de simulation de l&#039;Universit\u00e9 d&#039;Ottawa - Ce que nous offrons","isPartOf":{"@id":"https:\/\/uossc.ca\/fr\/#website"},"datePublished":"2019-02-26T20:36:34+00:00","dateModified":"2019-10-07T14:28:03+00:00","breadcrumb":{"@id":"https:\/\/uossc.ca\/fr\/ce-que-nous-offrons\/#breadcrumb"},"inLanguage":"fr-CA","potentialAction":[{"@type":"ReadAction","target":["https:\/\/uossc.ca\/fr\/ce-que-nous-offrons\/"]}]},{"@type":"BreadcrumbList","@id":"https:\/\/uossc.ca\/fr\/ce-que-nous-offrons\/#breadcrumb","itemListElement":[{"@type":"ListItem","position":1,"name":"Home","item":"https:\/\/uossc.ca\/fr\/"},{"@type":"ListItem","position":2,"name":"Ce que nous offrons"}]},{"@type":"WebSite","@id":"https:\/\/uossc.ca\/fr\/#website","url":"https:\/\/uossc.ca\/fr\/","name":"Centre de comp\u00e9tences et de simulation de l&#039;Universit\u00e9 d&#039;Ottawa","description":"An international leader in collaborative simulation-based education.","publisher":{"@id":"https:\/\/uossc.ca\/fr\/#organization"},"potentialAction":[{"@type":"SearchAction","target":{"@type":"EntryPoint","urlTemplate":"https:\/\/uossc.ca\/fr\/?s={search_term_string}"},"query-input":{"@type":"PropertyValueSpecification","valueRequired":true,"valueName":"search_term_string"}}],"inLanguage":"fr-CA"},{"@type":"Organization","@id":"https:\/\/uossc.ca\/fr\/#organization","name":"The University of Ottawa Skills and Simulation Centre","url":"https:\/\/uossc.ca\/fr\/","logo":{"@type":"ImageObject","inLanguage":"fr-CA","@id":"https:\/\/uossc.ca\/fr\/#\/schema\/logo\/image\/","url":"https:\/\/uossc.ca\/wp-content\/uploads\/2019\/07\/uossc-logo.jpg","contentUrl":"https:\/\/uossc.ca\/wp-content\/uploads\/2019\/07\/uossc-logo.jpg","width":790,"height":92,"caption":"The University of Ottawa Skills and Simulation Centre"},"image":{"@id":"https:\/\/uossc.ca\/fr\/#\/schema\/logo\/image\/"},"sameAs":["https:\/\/x.com\/uOSSC_CCSuO"]}]}},"_links":{"self":[{"href":"https:\/\/uossc.ca\/fr\/wp-json\/wp\/v2\/pages\/875","targetHints":{"allow":["GET"]}}],"collection":[{"href":"https:\/\/uossc.ca\/fr\/wp-json\/wp\/v2\/pages"}],"about":[{"href":"https:\/\/uossc.ca\/fr\/wp-json\/wp\/v2\/types\/page"}],"author":[{"embeddable":true,"href":"https:\/\/uossc.ca\/fr\/wp-json\/wp\/v2\/users\/1"}],"replies":[{"embeddable":true,"href":"https:\/\/uossc.ca\/fr\/wp-json\/wp\/v2\/comments?post=875"}],"version-history":[{"count":5,"href":"https:\/\/uossc.ca\/fr\/wp-json\/wp\/v2\/pages\/875\/revisions"}],"predecessor-version":[{"id":3012,"href":"https:\/\/uossc.ca\/fr\/wp-json\/wp\/v2\/pages\/875\/revisions\/3012"}],"wp:attachment":[{"href":"https:\/\/uossc.ca\/fr\/wp-json\/wp\/v2\/media?parent=875"}],"curies":[{"name":"wp","href":"https:\/\/api.w.org\/{rel}","templated":true}]}}