{"id":863,"date":"2019-01-17T16:26:24","date_gmt":"2019-01-17T21:26:24","guid":{"rendered":"https:\/\/uossc.ca\/news-press-releases\/"},"modified":"2019-09-23T16:00:16","modified_gmt":"2019-09-23T20:00:16","slug":"nouvelles-et-communiques-de-presse","status":"publish","type":"page","link":"https:\/\/uossc.ca\/fr\/a-propos-de-nous\/nouvelles-et-communiques-de-presse\/","title":{"rendered":"Nouvelles et communiqu\u00e9s de presse"},"content":{"rendered":"\t\t<div data-elementor-type=\"wp-post\" data-elementor-id=\"863\" class=\"elementor elementor-863 elementor-54\" data-elementor-post-type=\"page\">\n\t\t\t\t\t\t<section class=\"elementor-section elementor-top-section elementor-element elementor-element-4e17e8f elementor-section-boxed elementor-section-height-default elementor-section-height-default\" data-id=\"4e17e8f\" data-element_type=\"section\" data-e-type=\"section\">\n\t\t\t\t\t\t<div class=\"elementor-container elementor-column-gap-default\">\n\t\t\t\t\t<div class=\"elementor-column elementor-col-100 elementor-top-column elementor-element elementor-element-44e7129\" data-id=\"44e7129\" data-element_type=\"column\" data-e-type=\"column\">\n\t\t\t<div class=\"elementor-widget-wrap elementor-element-populated\">\n\t\t\t\t\t\t<div class=\"elementor-element elementor-element-9a3e972 elementor-widget elementor-widget-heading\" data-id=\"9a3e972\" data-element_type=\"widget\" data-e-type=\"widget\" data-widget_type=\"heading.default\">\n\t\t\t\t<div class=\"elementor-widget-container\">\n\t\t\t\t\t<h2 class=\"elementor-heading-title elementor-size-default\">Derni\u00e8res nouvelles<\/h2>\t\t\t\t<\/div>\n\t\t\t\t<\/div>\n\t\t\t\t<div class=\"elementor-element elementor-element-ccfc002 elementor-grid-3 elementor-grid-tablet-2 elementor-grid-mobile-1 elementor-posts--thumbnail-top elementor-widget elementor-widget-posts\" data-id=\"ccfc002\" data-element_type=\"widget\" data-e-type=\"widget\" data-settings=\"{&quot;classic_columns&quot;:&quot;3&quot;,&quot;classic_columns_tablet&quot;:&quot;2&quot;,&quot;classic_columns_mobile&quot;:&quot;1&quot;,&quot;classic_row_gap&quot;:{&quot;unit&quot;:&quot;px&quot;,&quot;size&quot;:35,&quot;sizes&quot;:[]},&quot;classic_row_gap_tablet&quot;:{&quot;unit&quot;:&quot;px&quot;,&quot;size&quot;:&quot;&quot;,&quot;sizes&quot;:[]},&quot;classic_row_gap_mobile&quot;:{&quot;unit&quot;:&quot;px&quot;,&quot;size&quot;:&quot;&quot;,&quot;sizes&quot;:[]}}\" data-widget_type=\"posts.classic\">\n\t\t\t\t<div class=\"elementor-widget-container\">\n\t\t\t\t\t\t\t<div class=\"elementor-posts-container elementor-posts elementor-posts--skin-classic elementor-grid\" role=\"list\">\n\t\t\t\t<article class=\"elementor-post elementor-grid-item post-10779 post type-post status-publish format-standard has-post-thumbnail hentry category-non-classifiee\" role=\"listitem\">\n\t\t\t\t<a class=\"elementor-post__thumbnail__link\" href=\"https:\/\/uossc.ca\/fr\/visite-du-premier-ministre\/\" tabindex=\"-1\" >\n\t\t\t<div class=\"elementor-post__thumbnail\"><img fetchpriority=\"high\" decoding=\"async\" width=\"2048\" height=\"1366\" src=\"https:\/\/uossc.ca\/wp-content\/uploads\/2025\/11\/Pm-and-jason.jpg\" class=\"attachment-full size-full wp-image-10768\" alt=\"\" srcset=\"https:\/\/uossc.ca\/wp-content\/uploads\/2025\/11\/Pm-and-jason.jpg 2048w, https:\/\/uossc.ca\/wp-content\/uploads\/2025\/11\/Pm-and-jason-300x200.jpg 300w, https:\/\/uossc.ca\/wp-content\/uploads\/2025\/11\/Pm-and-jason-1024x683.jpg 1024w, https:\/\/uossc.ca\/wp-content\/uploads\/2025\/11\/Pm-and-jason-768x512.jpg 768w, https:\/\/uossc.ca\/wp-content\/uploads\/2025\/11\/Pm-and-jason-1536x1025.jpg 1536w\" sizes=\"(max-width: 2048px) 100vw, 2048px\" \/><\/div>\n\t\t<\/a>\n\t\t\t\t<div class=\"elementor-post__text\">\n\t\t\t\t<h3 class=\"elementor-post__title\">\n\t\t\t<a href=\"https:\/\/uossc.ca\/fr\/visite-du-premier-ministre\/\" >\n\t\t\t\tVisite du Premier ministre\t\t\t<\/a>\n\t\t<\/h3>\n\t\t\t\t<div class=\"elementor-post__meta-data\">\n\t\t\t\t\t<span class=\"elementor-post-date\">\n\t\t\t17 novembre 2025\t\t<\/span>\n\t\t\t\t<\/div>\n\t\t\t\t<div class=\"elementor-post__excerpt\">\n\t\t\t<p>Merci au premier ministre Mark Carney, au maire d\u2019Ottawa Mark Sutcliffe, au Ministre de la Sant\u00e9 Marjorie Michel et aux d\u00e9put\u00e9s f\u00e9d\u00e9raux pour leur visite<\/p>\n\t\t<\/div>\n\t\t\n\t\t<a class=\"elementor-post__read-more\" href=\"https:\/\/uossc.ca\/fr\/visite-du-premier-ministre\/\" aria-label=\"Read more about Visite du Premier ministre\" tabindex=\"-1\" >\n\t\t\tLire la suite \u00bb\t\t<\/a>\n\n\t\t\t\t<\/div>\n\t\t\t\t<\/article>\n\t\t\t\t<article class=\"elementor-post elementor-grid-item post-10095 post type-post status-publish format-standard has-post-thumbnail hentry category-nouvelles\" role=\"listitem\">\n\t\t\t\t<a class=\"elementor-post__thumbnail__link\" href=\"https:\/\/uossc.ca\/fr\/the-ottawa-hospital-foundation-hosts-the-ultimate-immersive-experience-for-its-next-gen-supporters\/\" tabindex=\"-1\" >\n\t\t\t<div class=\"elementor-post__thumbnail\"><img decoding=\"async\" width=\"1200\" height=\"800\" src=\"https:\/\/uossc.ca\/wp-content\/uploads\/2025\/04\/52-3-1200x800-1.jpg\" class=\"attachment-full size-full wp-image-10057\" alt=\"\" srcset=\"https:\/\/uossc.ca\/wp-content\/uploads\/2025\/04\/52-3-1200x800-1.jpg 1200w, https:\/\/uossc.ca\/wp-content\/uploads\/2025\/04\/52-3-1200x800-1-300x200.jpg 300w, https:\/\/uossc.ca\/wp-content\/uploads\/2025\/04\/52-3-1200x800-1-1024x683.jpg 1024w, https:\/\/uossc.ca\/wp-content\/uploads\/2025\/04\/52-3-1200x800-1-768x512.jpg 768w\" sizes=\"(max-width: 1200px) 100vw, 1200px\" \/><\/div>\n\t\t<\/a>\n\t\t\t\t<div class=\"elementor-post__text\">\n\t\t\t\t<h3 class=\"elementor-post__title\">\n\t\t\t<a href=\"https:\/\/uossc.ca\/fr\/the-ottawa-hospital-foundation-hosts-the-ultimate-immersive-experience-for-its-next-gen-supporters\/\" >\n\t\t\t\tThe Ottawa Hospital Foundation hosts the ultimate immersive experience for its Next Gen supporters (en anglais seulement)\t\t\t<\/a>\n\t\t<\/h3>\n\t\t\t\t<div class=\"elementor-post__meta-data\">\n\t\t\t\t\t<span class=\"elementor-post-date\">\n\t\t\t3 avril 2025\t\t<\/span>\n\t\t\t\t<\/div>\n\t\t\t\t<div class=\"elementor-post__excerpt\">\n\t\t\t<p>Leaders with The Ottawa Hospital Foundation&rsquo;s Next Gen program, including Santana Campanale, participated in simulation exercises replicating the challenges of real-life situations. Photo by Caroline<\/p>\n\t\t<\/div>\n\t\t\n\t\t<a class=\"elementor-post__read-more\" href=\"https:\/\/uossc.ca\/fr\/the-ottawa-hospital-foundation-hosts-the-ultimate-immersive-experience-for-its-next-gen-supporters\/\" aria-label=\"Read more about The Ottawa Hospital Foundation hosts the ultimate immersive experience for its Next Gen supporters (en anglais seulement)\" tabindex=\"-1\" >\n\t\t\tLire la suite \u00bb\t\t<\/a>\n\n\t\t\t\t<\/div>\n\t\t\t\t<\/article>\n\t\t\t\t<article class=\"elementor-post elementor-grid-item post-9844 post type-post status-publish format-standard has-post-thumbnail hentry category-non-classifiee\" role=\"listitem\">\n\t\t\t\t<a class=\"elementor-post__thumbnail__link\" href=\"https:\/\/uossc.ca\/fr\/des-salles-de-reunion-a-la-pratique-clinique\/\" tabindex=\"-1\" >\n\t\t\t<div class=\"elementor-post__thumbnail\"><img decoding=\"async\" width=\"960\" height=\"640\" src=\"https:\/\/uossc.ca\/wp-content\/uploads\/2025\/02\/Boardroom-to-Bedside.jpg\" class=\"attachment-full size-full wp-image-9778\" alt=\"\" srcset=\"https:\/\/uossc.ca\/wp-content\/uploads\/2025\/02\/Boardroom-to-Bedside.jpg 960w, https:\/\/uossc.ca\/wp-content\/uploads\/2025\/02\/Boardroom-to-Bedside-300x200.jpg 300w, https:\/\/uossc.ca\/wp-content\/uploads\/2025\/02\/Boardroom-to-Bedside-768x512.jpg 768w\" sizes=\"(max-width: 960px) 100vw, 960px\" \/><\/div>\n\t\t<\/a>\n\t\t\t\t<div class=\"elementor-post__text\">\n\t\t\t\t<h3 class=\"elementor-post__title\">\n\t\t\t<a href=\"https:\/\/uossc.ca\/fr\/des-salles-de-reunion-a-la-pratique-clinique\/\" >\n\t\t\t\tDes salles de r\u00e9union \u00e0 la pratique clinique\t\t\t<\/a>\n\t\t<\/h3>\n\t\t\t\t<div class=\"elementor-post__meta-data\">\n\t\t\t\t\t<span class=\"elementor-post-date\">\n\t\t\t27 f\u00e9vrier 2025\t\t<\/span>\n\t\t\t\t<\/div>\n\t\t\t\t<div class=\"elementor-post__excerpt\">\n\t\t\t<p>Des salles de r\u00e9union \u00e0 la pratique clinique &lt;&gt; Le 31 octobre 2024, Cameron Love, Virginia Roth et l\u2019\u00e9quipe de la haute direction se sont<\/p>\n\t\t<\/div>\n\t\t\n\t\t<a class=\"elementor-post__read-more\" href=\"https:\/\/uossc.ca\/fr\/des-salles-de-reunion-a-la-pratique-clinique\/\" aria-label=\"Read more about Des salles de r\u00e9union \u00e0 la pratique clinique\" tabindex=\"-1\" >\n\t\t\tLire la suite \u00bb\t\t<\/a>\n\n\t\t\t\t<\/div>\n\t\t\t\t<\/article>\n\t\t\t\t<article class=\"elementor-post elementor-grid-item post-9836 post type-post status-publish format-standard has-post-thumbnail hentry category-non-classifiee\" role=\"listitem\">\n\t\t\t\t<a class=\"elementor-post__thumbnail__link\" href=\"https:\/\/uossc.ca\/fr\/des-essais-vitaux-la-formation-par-simulation-prepare-nos-equipes-de-soins-aux-urgences-reelles\/\" tabindex=\"-1\" >\n\t\t\t<div class=\"elementor-post__thumbnail\"><img loading=\"lazy\" decoding=\"async\" width=\"1480\" height=\"660\" src=\"https:\/\/uossc.ca\/wp-content\/uploads\/2025\/02\/Dr_Glenn_Posner_Dr_Doran_Drew_RN_Jennifer_Dale-Tam_Simulation_Patient_Safety_Program.jpeg\" class=\"attachment-full size-full wp-image-9829\" alt=\"\" srcset=\"https:\/\/uossc.ca\/wp-content\/uploads\/2025\/02\/Dr_Glenn_Posner_Dr_Doran_Drew_RN_Jennifer_Dale-Tam_Simulation_Patient_Safety_Program.jpeg 1480w, https:\/\/uossc.ca\/wp-content\/uploads\/2025\/02\/Dr_Glenn_Posner_Dr_Doran_Drew_RN_Jennifer_Dale-Tam_Simulation_Patient_Safety_Program-300x134.jpeg 300w, https:\/\/uossc.ca\/wp-content\/uploads\/2025\/02\/Dr_Glenn_Posner_Dr_Doran_Drew_RN_Jennifer_Dale-Tam_Simulation_Patient_Safety_Program-1024x457.jpeg 1024w, https:\/\/uossc.ca\/wp-content\/uploads\/2025\/02\/Dr_Glenn_Posner_Dr_Doran_Drew_RN_Jennifer_Dale-Tam_Simulation_Patient_Safety_Program-768x342.jpeg 768w\" sizes=\"(max-width: 1480px) 100vw, 1480px\" \/><\/div>\n\t\t<\/a>\n\t\t\t\t<div class=\"elementor-post__text\">\n\t\t\t\t<h3 class=\"elementor-post__title\">\n\t\t\t<a href=\"https:\/\/uossc.ca\/fr\/des-essais-vitaux-la-formation-par-simulation-prepare-nos-equipes-de-soins-aux-urgences-reelles\/\" >\n\t\t\t\tDes essais vitaux : la formation par simulation pr\u00e9pare nos \u00e9quipes de soins aux urgences r\u00e9elles\t\t\t<\/a>\n\t\t<\/h3>\n\t\t\t\t<div class=\"elementor-post__meta-data\">\n\t\t\t\t\t<span class=\"elementor-post-date\">\n\t\t\t27 f\u00e9vrier 2025\t\t<\/span>\n\t\t\t\t<\/div>\n\t\t\t\t<div class=\"elementor-post__excerpt\">\n\t\t\t<p>Des essais vitaux\u00a0: la formation par simulation pr\u00e9pare nos \u00e9quipes de soins aux urgences r\u00e9elles De gauche \u00e0 droite\u00a0: Faites la connaissance de nos experts<\/p>\n\t\t<\/div>\n\t\t\n\t\t<a class=\"elementor-post__read-more\" href=\"https:\/\/uossc.ca\/fr\/des-essais-vitaux-la-formation-par-simulation-prepare-nos-equipes-de-soins-aux-urgences-reelles\/\" aria-label=\"Read more about Des essais vitaux : la formation par simulation pr\u00e9pare nos \u00e9quipes de soins aux urgences r\u00e9elles\" tabindex=\"-1\" >\n\t\t\tLire la suite \u00bb\t\t<\/a>\n\n\t\t\t\t<\/div>\n\t\t\t\t<\/article>\n\t\t\t\t<article class=\"elementor-post elementor-grid-item post-8726 post type-post status-publish format-standard has-post-thumbnail hentry category-nouvelles\" role=\"listitem\">\n\t\t\t\t<a class=\"elementor-post__thumbnail__link\" href=\"https:\/\/uossc.ca\/fr\/simulate-to-innovate-elevating-health-care-at-toh\/\" tabindex=\"-1\" >\n\t\t\t<div class=\"elementor-post__thumbnail\"><img loading=\"lazy\" decoding=\"async\" width=\"960\" height=\"640\" src=\"https:\/\/uossc.ca\/wp-content\/uploads\/2024\/07\/2ef074b0cd87fc11c05eba.jpg\" class=\"attachment-full size-full wp-image-8715\" alt=\"\" srcset=\"https:\/\/uossc.ca\/wp-content\/uploads\/2024\/07\/2ef074b0cd87fc11c05eba.jpg 960w, https:\/\/uossc.ca\/wp-content\/uploads\/2024\/07\/2ef074b0cd87fc11c05eba-300x200.jpg 300w, https:\/\/uossc.ca\/wp-content\/uploads\/2024\/07\/2ef074b0cd87fc11c05eba-768x512.jpg 768w\" sizes=\"(max-width: 960px) 100vw, 960px\" \/><\/div>\n\t\t<\/a>\n\t\t\t\t<div class=\"elementor-post__text\">\n\t\t\t\t<h3 class=\"elementor-post__title\">\n\t\t\t<a href=\"https:\/\/uossc.ca\/fr\/simulate-to-innovate-elevating-health-care-at-toh\/\" >\n\t\t\t\tSimuler pour innover : \u00c9lever les soins de sant\u00e9 \u00e0 L\u2019H\u00f4pital d\u2019Ottawa\t\t\t<\/a>\n\t\t<\/h3>\n\t\t\t\t<div class=\"elementor-post__meta-data\">\n\t\t\t\t\t<span class=\"elementor-post-date\">\n\t\t\t11 juillet 2024\t\t<\/span>\n\t\t\t\t<\/div>\n\t\t\t\t<div class=\"elementor-post__excerpt\">\n\t\t\t<p>Le Programme de simulation en s\u00e9curit\u00e9 des patients de L\u2019H\u00f4pital d\u2019Ottawa est un programme de formation interprofessionnelle con\u00e7u pour am\u00e9liorer la s\u00e9curit\u00e9 des patients et<\/p>\n\t\t<\/div>\n\t\t\n\t\t<a class=\"elementor-post__read-more\" href=\"https:\/\/uossc.ca\/fr\/simulate-to-innovate-elevating-health-care-at-toh\/\" aria-label=\"Read more about Simuler pour innover : \u00c9lever les soins de sant\u00e9 \u00e0 L\u2019H\u00f4pital d\u2019Ottawa\" tabindex=\"-1\" >\n\t\t\tLire la suite \u00bb\t\t<\/a>\n\n\t\t\t\t<\/div>\n\t\t\t\t<\/article>\n\t\t\t\t<article class=\"elementor-post elementor-grid-item post-8611 post type-post status-publish format-standard has-post-thumbnail hentry category-nouvelles\" role=\"listitem\">\n\t\t\t\t<a class=\"elementor-post__thumbnail__link\" href=\"https:\/\/uossc.ca\/fr\/100-moments-of-the-ottawa-hospital-foundation-opening-of-the-skills-and-simulation-centre\/\" tabindex=\"-1\" >\n\t\t\t<div class=\"elementor-post__thumbnail\"><img loading=\"lazy\" decoding=\"async\" width=\"1000\" height=\"667\" src=\"https:\/\/uossc.ca\/wp-content\/uploads\/2024\/05\/2010_Skills-and-Simulation-Centre_.png\" class=\"attachment-full size-full wp-image-8607\" alt=\"\" srcset=\"https:\/\/uossc.ca\/wp-content\/uploads\/2024\/05\/2010_Skills-and-Simulation-Centre_.png 1000w, https:\/\/uossc.ca\/wp-content\/uploads\/2024\/05\/2010_Skills-and-Simulation-Centre_-300x200.png 300w, https:\/\/uossc.ca\/wp-content\/uploads\/2024\/05\/2010_Skills-and-Simulation-Centre_-768x512.png 768w\" sizes=\"(max-width: 1000px) 100vw, 1000px\" \/><\/div>\n\t\t<\/a>\n\t\t\t\t<div class=\"elementor-post__text\">\n\t\t\t\t<h3 class=\"elementor-post__title\">\n\t\t\t<a href=\"https:\/\/uossc.ca\/fr\/100-moments-of-the-ottawa-hospital-foundation-opening-of-the-skills-and-simulation-centre\/\" >\n\t\t\t\t100 moments de la fondation de l&rsquo;hopital d&rsquo;Ottawa: Ouverture du Centre de comp\u00e9tences et de simulation\t\t\t<\/a>\n\t\t<\/h3>\n\t\t\t\t<div class=\"elementor-post__meta-data\">\n\t\t\t\t\t<span class=\"elementor-post-date\">\n\t\t\t28 mai 2024\t\t<\/span>\n\t\t\t\t<\/div>\n\t\t\t\t<div class=\"elementor-post__excerpt\">\n\t\t\t<p>Avez-vous d\u00e9j\u00e0 vu un mannequin respirer ou parler? En 2010, l\u2019ouverture du Centre de comp\u00e9tences et de simulation de l\u2019Universit\u00e9 d\u2019Ottawa au Campus Civic a<\/p>\n\t\t<\/div>\n\t\t\n\t\t<a class=\"elementor-post__read-more\" href=\"https:\/\/uossc.ca\/fr\/100-moments-of-the-ottawa-hospital-foundation-opening-of-the-skills-and-simulation-centre\/\" aria-label=\"Read more about 100 moments de la fondation de l&rsquo;hopital d&rsquo;Ottawa: Ouverture du Centre de comp\u00e9tences et de simulation\" tabindex=\"-1\" >\n\t\t\tLire la suite \u00bb\t\t<\/a>\n\n\t\t\t\t<\/div>\n\t\t\t\t<\/article>\n\t\t\t\t<\/div>\n\t\t\n\t\t\t\t\t\t<\/div>\n\t\t\t\t<\/div>\n\t\t\t\t\t<\/div>\n\t\t<\/div>\n\t\t\t\t\t<\/div>\n\t\t<\/section>\n\t\t\t\t<\/div>\n\t\t","protected":false},"excerpt":{"rendered":"<p>Derni\u00e8res nouvelles<\/p>\n","protected":false},"author":1,"featured_media":0,"parent":881,"menu_order":0,"comment_status":"closed","ping_status":"closed","template":"","meta":{"_acf_changed":false,"site-sidebar-layout":"no-sidebar","site-content-layout":"page-builder","ast-site-content-layout":"default","site-content-style":"default","site-sidebar-style":"default","ast-global-header-display":"","ast-banner-title-visibility":"","ast-main-header-display":"","ast-hfb-above-header-display":"","ast-hfb-below-header-display":"","ast-hfb-mobile-header-display":"","site-post-title":"disabled","ast-breadcrumbs-content":"","ast-featured-img":"disabled","footer-sml-layout":"","ast-disable-related-posts":"","theme-transparent-header-meta":"default","adv-header-id-meta":"","stick-header-meta":"","header-above-stick-meta":"","header-main-stick-meta":"","header-below-stick-meta":"","astra-migrate-meta-layouts":"default","ast-page-background-enabled":"default","ast-page-background-meta":{"desktop":{"background-color":"","background-image":"","background-repeat":"repeat","background-position":"center center","background-size":"auto","background-attachment":"scroll","background-type":"","background-media":"","overlay-type":"","overlay-color":"","overlay-opacity":"","overlay-gradient":""},"tablet":{"background-color":"","background-image":"","background-repeat":"repeat","background-position":"center center","background-size":"auto","background-attachment":"scroll","background-type":"","background-media":"","overlay-type":"","overlay-color":"","overlay-opacity":"","overlay-gradient":""},"mobile":{"background-color":"","background-image":"","background-repeat":"repeat","background-position":"center center","background-size":"auto","background-attachment":"scroll","background-type":"","background-media":"","overlay-type":"","overlay-color":"","overlay-opacity":"","overlay-gradient":""}},"ast-content-background-meta":{"desktop":{"background-color":"var(--ast-global-color-5)","background-image":"","background-repeat":"repeat","background-position":"center center","background-size":"auto","background-attachment":"scroll","background-type":"","background-media":"","overlay-type":"","overlay-color":"","overlay-opacity":"","overlay-gradient":""},"tablet":{"background-color":"var(--ast-global-color-5)","background-image":"","background-repeat":"repeat","background-position":"center center","background-size":"auto","background-attachment":"scroll","background-type":"","background-media":"","overlay-type":"","overlay-color":"","overlay-opacity":"","overlay-gradient":""},"mobile":{"background-color":"var(--ast-global-color-5)","background-image":"","background-repeat":"repeat","background-position":"center center","background-size":"auto","background-attachment":"scroll","background-type":"","background-media":"","overlay-type":"","overlay-color":"","overlay-opacity":"","overlay-gradient":""}},"footnotes":"","_links_to":"","_links_to_target":""},"class_list":["post-863","page","type-page","status-publish","hentry"],"acf":[],"yoast_head":"<!-- This site is optimized with the Yoast SEO plugin v27.4 - https:\/\/yoast.com\/product\/yoast-seo-wordpress\/ -->\n<title>Centre de comp\u00e9tences et de simulation de l&#039;Universit\u00e9 d&#039;Ottawa - Nouvelles et communiqu\u00e9s de presse<\/title>\n<meta name=\"robots\" content=\"index, follow, max-snippet:-1, max-image-preview:large, max-video-preview:-1\" \/>\n<link rel=\"canonical\" href=\"https:\/\/uossc.ca\/fr\/a-propos-de-nous\/nouvelles-et-communiques-de-presse\/\" \/>\n<meta property=\"og:locale\" content=\"fr_CA\" \/>\n<meta property=\"og:type\" content=\"article\" \/>\n<meta property=\"og:title\" content=\"Centre de comp\u00e9tences et de simulation de l&#039;Universit\u00e9 d&#039;Ottawa - Nouvelles et communiqu\u00e9s de presse\" \/>\n<meta property=\"og:description\" content=\"Derni\u00e8res nouvelles\" \/>\n<meta property=\"og:url\" content=\"https:\/\/uossc.ca\/fr\/a-propos-de-nous\/nouvelles-et-communiques-de-presse\/\" \/>\n<meta property=\"og:site_name\" content=\"Centre de comp\u00e9tences et de simulation de l&#039;Universit\u00e9 d&#039;Ottawa\" \/>\n<meta property=\"article:modified_time\" content=\"2019-09-23T20:00:16+00:00\" \/>\n<meta name=\"twitter:card\" content=\"summary_large_image\" \/>\n<meta name=\"twitter:site\" content=\"@uOSSC_CCSuO\" \/>\n<script type=\"application\/ld+json\" class=\"yoast-schema-graph\">{\"@context\":\"https:\\\/\\\/schema.org\",\"@graph\":[{\"@type\":\"WebPage\",\"@id\":\"https:\\\/\\\/uossc.ca\\\/fr\\\/a-propos-de-nous\\\/nouvelles-et-communiques-de-presse\\\/\",\"url\":\"https:\\\/\\\/uossc.ca\\\/fr\\\/a-propos-de-nous\\\/nouvelles-et-communiques-de-presse\\\/\",\"name\":\"Centre de comp\u00e9tences et de simulation de l&#039;Universit\u00e9 d&#039;Ottawa - Nouvelles et communiqu\u00e9s de presse\",\"isPartOf\":{\"@id\":\"https:\\\/\\\/uossc.ca\\\/fr\\\/#website\"},\"datePublished\":\"2019-01-17T21:26:24+00:00\",\"dateModified\":\"2019-09-23T20:00:16+00:00\",\"breadcrumb\":{\"@id\":\"https:\\\/\\\/uossc.ca\\\/fr\\\/a-propos-de-nous\\\/nouvelles-et-communiques-de-presse\\\/#breadcrumb\"},\"inLanguage\":\"fr-CA\",\"potentialAction\":[{\"@type\":\"ReadAction\",\"target\":[\"https:\\\/\\\/uossc.ca\\\/fr\\\/a-propos-de-nous\\\/nouvelles-et-communiques-de-presse\\\/\"]}]},{\"@type\":\"BreadcrumbList\",\"@id\":\"https:\\\/\\\/uossc.ca\\\/fr\\\/a-propos-de-nous\\\/nouvelles-et-communiques-de-presse\\\/#breadcrumb\",\"itemListElement\":[{\"@type\":\"ListItem\",\"position\":1,\"name\":\"Home\",\"item\":\"https:\\\/\\\/uossc.ca\\\/fr\\\/\"},{\"@type\":\"ListItem\",\"position\":2,\"name\":\"\u00c0 propos de nous\",\"item\":\"https:\\\/\\\/uossc.ca\\\/fr\\\/a-propos-de-nous\\\/\"},{\"@type\":\"ListItem\",\"position\":3,\"name\":\"Nouvelles et communiqu\u00e9s de presse\"}]},{\"@type\":\"WebSite\",\"@id\":\"https:\\\/\\\/uossc.ca\\\/fr\\\/#website\",\"url\":\"https:\\\/\\\/uossc.ca\\\/fr\\\/\",\"name\":\"Centre de comp\u00e9tences et de simulation de l&#039;Universit\u00e9 d&#039;Ottawa\",\"description\":\"An international leader in collaborative simulation-based education.\",\"publisher\":{\"@id\":\"https:\\\/\\\/uossc.ca\\\/fr\\\/#organization\"},\"potentialAction\":[{\"@type\":\"SearchAction\",\"target\":{\"@type\":\"EntryPoint\",\"urlTemplate\":\"https:\\\/\\\/uossc.ca\\\/fr\\\/?s={search_term_string}\"},\"query-input\":{\"@type\":\"PropertyValueSpecification\",\"valueRequired\":true,\"valueName\":\"search_term_string\"}}],\"inLanguage\":\"fr-CA\"},{\"@type\":\"Organization\",\"@id\":\"https:\\\/\\\/uossc.ca\\\/fr\\\/#organization\",\"name\":\"The University of Ottawa Skills and Simulation Centre\",\"url\":\"https:\\\/\\\/uossc.ca\\\/fr\\\/\",\"logo\":{\"@type\":\"ImageObject\",\"inLanguage\":\"fr-CA\",\"@id\":\"https:\\\/\\\/uossc.ca\\\/fr\\\/#\\\/schema\\\/logo\\\/image\\\/\",\"url\":\"https:\\\/\\\/uossc.ca\\\/wp-content\\\/uploads\\\/2019\\\/07\\\/uossc-logo.jpg\",\"contentUrl\":\"https:\\\/\\\/uossc.ca\\\/wp-content\\\/uploads\\\/2019\\\/07\\\/uossc-logo.jpg\",\"width\":790,\"height\":92,\"caption\":\"The University of Ottawa Skills and Simulation Centre\"},\"image\":{\"@id\":\"https:\\\/\\\/uossc.ca\\\/fr\\\/#\\\/schema\\\/logo\\\/image\\\/\"},\"sameAs\":[\"https:\\\/\\\/x.com\\\/uOSSC_CCSuO\"]}]}<\/script>\n<!-- \/ Yoast SEO plugin. -->","yoast_head_json":{"title":"Centre de comp\u00e9tences et de simulation de l&#039;Universit\u00e9 d&#039;Ottawa - Nouvelles et communiqu\u00e9s de presse","robots":{"index":"index","follow":"follow","max-snippet":"max-snippet:-1","max-image-preview":"max-image-preview:large","max-video-preview":"max-video-preview:-1"},"canonical":"https:\/\/uossc.ca\/fr\/a-propos-de-nous\/nouvelles-et-communiques-de-presse\/","og_locale":"fr_CA","og_type":"article","og_title":"Centre de comp\u00e9tences et de simulation de l&#039;Universit\u00e9 d&#039;Ottawa - Nouvelles et communiqu\u00e9s de presse","og_description":"Derni\u00e8res nouvelles","og_url":"https:\/\/uossc.ca\/fr\/a-propos-de-nous\/nouvelles-et-communiques-de-presse\/","og_site_name":"Centre de comp\u00e9tences et de simulation de l&#039;Universit\u00e9 d&#039;Ottawa","article_modified_time":"2019-09-23T20:00:16+00:00","twitter_card":"summary_large_image","twitter_site":"@uOSSC_CCSuO","schema":{"@context":"https:\/\/schema.org","@graph":[{"@type":"WebPage","@id":"https:\/\/uossc.ca\/fr\/a-propos-de-nous\/nouvelles-et-communiques-de-presse\/","url":"https:\/\/uossc.ca\/fr\/a-propos-de-nous\/nouvelles-et-communiques-de-presse\/","name":"Centre de comp\u00e9tences et de simulation de l&#039;Universit\u00e9 d&#039;Ottawa - Nouvelles et communiqu\u00e9s de presse","isPartOf":{"@id":"https:\/\/uossc.ca\/fr\/#website"},"datePublished":"2019-01-17T21:26:24+00:00","dateModified":"2019-09-23T20:00:16+00:00","breadcrumb":{"@id":"https:\/\/uossc.ca\/fr\/a-propos-de-nous\/nouvelles-et-communiques-de-presse\/#breadcrumb"},"inLanguage":"fr-CA","potentialAction":[{"@type":"ReadAction","target":["https:\/\/uossc.ca\/fr\/a-propos-de-nous\/nouvelles-et-communiques-de-presse\/"]}]},{"@type":"BreadcrumbList","@id":"https:\/\/uossc.ca\/fr\/a-propos-de-nous\/nouvelles-et-communiques-de-presse\/#breadcrumb","itemListElement":[{"@type":"ListItem","position":1,"name":"Home","item":"https:\/\/uossc.ca\/fr\/"},{"@type":"ListItem","position":2,"name":"\u00c0 propos de nous","item":"https:\/\/uossc.ca\/fr\/a-propos-de-nous\/"},{"@type":"ListItem","position":3,"name":"Nouvelles et communiqu\u00e9s de presse"}]},{"@type":"WebSite","@id":"https:\/\/uossc.ca\/fr\/#website","url":"https:\/\/uossc.ca\/fr\/","name":"Centre de comp\u00e9tences et de simulation de l&#039;Universit\u00e9 d&#039;Ottawa","description":"An international leader in collaborative simulation-based education.","publisher":{"@id":"https:\/\/uossc.ca\/fr\/#organization"},"potentialAction":[{"@type":"SearchAction","target":{"@type":"EntryPoint","urlTemplate":"https:\/\/uossc.ca\/fr\/?s={search_term_string}"},"query-input":{"@type":"PropertyValueSpecification","valueRequired":true,"valueName":"search_term_string"}}],"inLanguage":"fr-CA"},{"@type":"Organization","@id":"https:\/\/uossc.ca\/fr\/#organization","name":"The University of Ottawa Skills and Simulation Centre","url":"https:\/\/uossc.ca\/fr\/","logo":{"@type":"ImageObject","inLanguage":"fr-CA","@id":"https:\/\/uossc.ca\/fr\/#\/schema\/logo\/image\/","url":"https:\/\/uossc.ca\/wp-content\/uploads\/2019\/07\/uossc-logo.jpg","contentUrl":"https:\/\/uossc.ca\/wp-content\/uploads\/2019\/07\/uossc-logo.jpg","width":790,"height":92,"caption":"The University of Ottawa Skills and Simulation Centre"},"image":{"@id":"https:\/\/uossc.ca\/fr\/#\/schema\/logo\/image\/"},"sameAs":["https:\/\/x.com\/uOSSC_CCSuO"]}]}},"_links":{"self":[{"href":"https:\/\/uossc.ca\/fr\/wp-json\/wp\/v2\/pages\/863","targetHints":{"allow":["GET"]}}],"collection":[{"href":"https:\/\/uossc.ca\/fr\/wp-json\/wp\/v2\/pages"}],"about":[{"href":"https:\/\/uossc.ca\/fr\/wp-json\/wp\/v2\/types\/page"}],"author":[{"embeddable":true,"href":"https:\/\/uossc.ca\/fr\/wp-json\/wp\/v2\/users\/1"}],"replies":[{"embeddable":true,"href":"https:\/\/uossc.ca\/fr\/wp-json\/wp\/v2\/comments?post=863"}],"version-history":[{"count":5,"href":"https:\/\/uossc.ca\/fr\/wp-json\/wp\/v2\/pages\/863\/revisions"}],"predecessor-version":[{"id":2899,"href":"https:\/\/uossc.ca\/fr\/wp-json\/wp\/v2\/pages\/863\/revisions\/2899"}],"up":[{"embeddable":true,"href":"https:\/\/uossc.ca\/fr\/wp-json\/wp\/v2\/pages\/881"}],"wp:attachment":[{"href":"https:\/\/uossc.ca\/fr\/wp-json\/wp\/v2\/media?parent=863"}],"curies":[{"name":"wp","href":"https:\/\/api.w.org\/{rel}","templated":true}]}}