{"id":6484,"date":"2023-02-08T15:31:26","date_gmt":"2023-02-08T20:31:26","guid":{"rendered":"https:\/\/uossc.ca\/activites-publiques-et-formations-d%ca%bcequipes\/doors-open-ottawa-2\/"},"modified":"2026-03-16T14:03:52","modified_gmt":"2026-03-16T18:03:52","slug":"portes-ouvertes-ottawa","status":"publish","type":"page","link":"https:\/\/uossc.ca\/fr\/activites-publiques-et-formations-d%ca%bcequipes\/portes-ouvertes-ottawa\/","title":{"rendered":"Portes ouvertes Ottawa"},"content":{"rendered":"\t\t<div data-elementor-type=\"wp-page\" data-elementor-id=\"6484\" class=\"elementor elementor-6484 elementor-6477\" data-elementor-post-type=\"page\">\n\t\t\t\t\t\t<section class=\"elementor-section elementor-top-section elementor-element elementor-element-e7e2c4c elementor-section-boxed elementor-section-height-default elementor-section-height-default\" data-id=\"e7e2c4c\" data-element_type=\"section\" data-e-type=\"section\">\n\t\t\t\t\t\t<div class=\"elementor-container elementor-column-gap-default\">\n\t\t\t\t\t<div class=\"elementor-column elementor-col-100 elementor-top-column elementor-element elementor-element-d72ad2b\" data-id=\"d72ad2b\" data-element_type=\"column\" data-e-type=\"column\">\n\t\t\t<div class=\"elementor-widget-wrap elementor-element-populated\">\n\t\t\t\t\t\t<div class=\"elementor-element elementor-element-ac6ffb3 elementor-widget elementor-widget-text-editor\" data-id=\"ac6ffb3\" data-element_type=\"widget\" data-e-type=\"widget\" data-widget_type=\"text-editor.default\">\n\t\t\t\t<div class=\"elementor-widget-container\">\n\t\t\t\t\t\t\t\t\t<h2>Le Centre de comp\u00e9tences et de simulation de l\u2019Universit\u00e9 d\u2019Ottawa est le fruit d\u2019un partenariat entre L\u2019H\u00f4pital d\u2019Ottawa et l\u2019Universit\u00e9 d\u2019Ottawa.<\/h2>\t\t\t\t\t\t\t\t<\/div>\n\t\t\t\t<\/div>\n\t\t\t\t\t<\/div>\n\t\t<\/div>\n\t\t\t\t\t<\/div>\n\t\t<\/section>\n\t\t\t\t<section class=\"elementor-section elementor-top-section elementor-element elementor-element-3d2bb3d elementor-section-boxed elementor-section-height-default elementor-section-height-default\" data-id=\"3d2bb3d\" data-element_type=\"section\" data-e-type=\"section\">\n\t\t\t\t\t\t<div class=\"elementor-container elementor-column-gap-default\">\n\t\t\t\t\t<div class=\"elementor-column elementor-col-50 elementor-top-column elementor-element elementor-element-04d8408\" data-id=\"04d8408\" data-element_type=\"column\" data-e-type=\"column\">\n\t\t\t<div class=\"elementor-widget-wrap elementor-element-populated\">\n\t\t\t\t\t\t<div class=\"elementor-element elementor-element-50893ed elementor-widget elementor-widget-text-editor\" data-id=\"50893ed\" data-element_type=\"widget\" data-e-type=\"widget\" data-widget_type=\"text-editor.default\">\n\t\t\t\t<div class=\"elementor-widget-container\">\n\t\t\t\t\t\t\t\t\t<h2><strong>MARS 2026<\/strong><\/h2><h1><strong>Portes ouvertes Ottawa 2026.<\/strong><\/h1><h1><b style=\"font-style: inherit;\">7 juin, 2026<\/b><\/h1><h1><strong>Veuillez revenir plus tard pour conna\u00eetre les d\u00e9tails de l&rsquo;\u00e9v\u00e9nement <\/strong><\/h1><div class=\"paragraph paragraph--type--text-block-with-image paragraph--view-mode--default\"><div class=\"ottca-pattern ottca-text-with-image ottca-text-with-image--right\"><div class=\"d-flex flex-column flex-md-row justify-content-center align-items-center pb-4\"><div class=\"col-md-6 text-content__content\"><div class=\"clearfix text-formatted field field--name-field-body field--type-text-long field--label-hidden field__item\">\u00a0<\/div><\/div><\/div><\/div><\/div><p><span lang=\"EN-US\">\u00a0<\/span><\/p>\t\t\t\t\t\t\t\t<\/div>\n\t\t\t\t<\/div>\n\t\t\t\t\t<\/div>\n\t\t<\/div>\n\t\t\t\t<div class=\"elementor-column elementor-col-50 elementor-top-column elementor-element elementor-element-67e2be6\" data-id=\"67e2be6\" data-element_type=\"column\" data-e-type=\"column\">\n\t\t\t<div class=\"elementor-widget-wrap elementor-element-populated\">\n\t\t\t\t\t\t<div class=\"elementor-element elementor-element-ec51ce7 elementor-widget elementor-widget-image\" data-id=\"ec51ce7\" data-element_type=\"widget\" data-e-type=\"widget\" data-widget_type=\"image.default\">\n\t\t\t\t<div class=\"elementor-widget-container\">\n\t\t\t\t\t\t\t\t\t\t\t\t\t\t\t<img fetchpriority=\"high\" decoding=\"async\" width=\"226\" height=\"223\" src=\"https:\/\/uossc.ca\/wp-content\/uploads\/2026\/03\/Doors-Open-Ottawa.jpeg\" class=\"attachment-large size-large wp-image-11466\" alt=\"\" \/>\t\t\t\t\t\t\t\t\t\t\t\t\t\t\t<\/div>\n\t\t\t\t<\/div>\n\t\t\t\t\t<\/div>\n\t\t<\/div>\n\t\t\t\t\t<\/div>\n\t\t<\/section>\n\t\t\t\t<section class=\"elementor-section elementor-top-section elementor-element elementor-element-4733158 elementor-section-boxed elementor-section-height-default elementor-section-height-default\" data-id=\"4733158\" data-element_type=\"section\" data-e-type=\"section\">\n\t\t\t\t\t\t<div class=\"elementor-container elementor-column-gap-default\">\n\t\t\t\t\t<div class=\"elementor-column elementor-col-100 elementor-top-column elementor-element elementor-element-cec841b\" data-id=\"cec841b\" data-element_type=\"column\" data-e-type=\"column\">\n\t\t\t<div class=\"elementor-widget-wrap elementor-element-populated\">\n\t\t\t\t\t\t<div class=\"elementor-element elementor-element-695b5fc elementor-widget-divider--view-line elementor-widget elementor-widget-divider\" data-id=\"695b5fc\" data-element_type=\"widget\" data-e-type=\"widget\" data-widget_type=\"divider.default\">\n\t\t\t\t<div class=\"elementor-widget-container\">\n\t\t\t\t\t\t\t<div class=\"elementor-divider\">\n\t\t\t<span class=\"elementor-divider-separator\">\n\t\t\t\t\t\t<\/span>\n\t\t<\/div>\n\t\t\t\t\t\t<\/div>\n\t\t\t\t<\/div>\n\t\t\t\t\t<\/div>\n\t\t<\/div>\n\t\t\t\t\t<\/div>\n\t\t<\/section>\n\t\t\t\t<section class=\"elementor-section elementor-top-section elementor-element elementor-element-5b71926 elementor-section-boxed elementor-section-height-default elementor-section-height-default\" data-id=\"5b71926\" data-element_type=\"section\" data-e-type=\"section\">\n\t\t\t\t\t\t<div class=\"elementor-container elementor-column-gap-default\">\n\t\t\t\t\t<div class=\"elementor-column elementor-col-50 elementor-top-column elementor-element elementor-element-378414d\" data-id=\"378414d\" data-element_type=\"column\" data-e-type=\"column\">\n\t\t\t<div class=\"elementor-widget-wrap elementor-element-populated\">\n\t\t\t\t\t\t<div class=\"elementor-element elementor-element-1b91d2e elementor-widget elementor-widget-text-editor\" data-id=\"1b91d2e\" data-element_type=\"widget\" data-e-type=\"widget\" data-widget_type=\"text-editor.default\">\n\t\t\t\t<div class=\"elementor-widget-container\">\n\t\t\t\t\t\t\t\t\t<p>Le Centre de comp\u00e9tences et de simulation de l\u2019Universit\u00e9 d\u2019Ottawa simule des situations de soins r\u00e9alistes, ce qui peut troubler certaines personnes.<\/p><p>Veuillez en tenir compte avant de vous inscrire ou d\u2019inscrire votre enfant \u00e0 une visite guid\u00e9e.<\/p>\t\t\t\t\t\t\t\t<\/div>\n\t\t\t\t<\/div>\n\t\t\t\t\t<\/div>\n\t\t<\/div>\n\t\t\t\t<div class=\"elementor-column elementor-col-50 elementor-top-column elementor-element elementor-element-46fbf8d\" data-id=\"46fbf8d\" data-element_type=\"column\" data-e-type=\"column\">\n\t\t\t<div class=\"elementor-widget-wrap elementor-element-populated\">\n\t\t\t\t\t\t\t<\/div>\n\t\t<\/div>\n\t\t\t\t\t<\/div>\n\t\t<\/section>\n\t\t\t\t<section class=\"elementor-section elementor-top-section elementor-element elementor-element-cc12dab elementor-section-boxed elementor-section-height-default elementor-section-height-default\" data-id=\"cc12dab\" data-element_type=\"section\" data-e-type=\"section\">\n\t\t\t\t\t\t<div class=\"elementor-container elementor-column-gap-default\">\n\t\t\t\t\t<div class=\"elementor-column elementor-col-100 elementor-top-column elementor-element elementor-element-9bbdb19\" data-id=\"9bbdb19\" data-element_type=\"column\" data-e-type=\"column\">\n\t\t\t<div class=\"elementor-widget-wrap elementor-element-populated\">\n\t\t\t\t\t\t<div class=\"elementor-element elementor-element-7364c64 elementor-align-center elementor-widget elementor-widget-button\" data-id=\"7364c64\" data-element_type=\"widget\" data-e-type=\"widget\" data-widget_type=\"button.default\">\n\t\t\t\t<div class=\"elementor-widget-container\">\n\t\t\t\t\t\t\t\t\t<div class=\"elementor-button-wrapper\">\n\t\t\t\t\t<a class=\"elementor-button elementor-button-link elementor-size-sm\" href=\"https:\/\/ottawa.ca\/fr\/residents\/arts-culture-et-patrimoine\/musees-et-lieux-historiques\/portes-ouvertes-ottawa\" target=\"_blank\" rel=\"nofollow\">\n\t\t\t\t\t\t<span class=\"elementor-button-content-wrapper\">\n\t\t\t\t\t\t\t\t\t<span class=\"elementor-button-text\">Portes ouvertes Ottawa<\/span>\n\t\t\t\t\t<\/span>\n\t\t\t\t\t<\/a>\n\t\t\t\t<\/div>\n\t\t\t\t\t\t\t\t<\/div>\n\t\t\t\t<\/div>\n\t\t\t\t\t<\/div>\n\t\t<\/div>\n\t\t\t\t\t<\/div>\n\t\t<\/section>\n\t\t\t\t<\/div>\n\t\t","protected":false},"excerpt":{"rendered":"<p>Le Centre de comp\u00e9tences et de simulation de l\u2019Universit\u00e9 d\u2019Ottawa est le fruit d\u2019un partenariat entre L\u2019H\u00f4pital d\u2019Ottawa et l\u2019Universit\u00e9 d\u2019Ottawa. MARS 2026 Portes ouvertes Ottawa 2026. 7 juin, 2026 Veuillez revenir plus tard pour conna\u00eetre les d\u00e9tails de l&rsquo;\u00e9v\u00e9nement \u00a0 \u00a0 Le Centre de comp\u00e9tences et de simulation de l\u2019Universit\u00e9 d\u2019Ottawa simule des situations [&hellip;]<\/p>\n","protected":false},"author":1,"featured_media":0,"parent":893,"menu_order":0,"comment_status":"closed","ping_status":"closed","template":"","meta":{"_acf_changed":false,"site-sidebar-layout":"no-sidebar","site-content-layout":"page-builder","ast-site-content-layout":"default","site-content-style":"default","site-sidebar-style":"default","ast-global-header-display":"","ast-banner-title-visibility":"","ast-main-header-display":"","ast-hfb-above-header-display":"","ast-hfb-below-header-display":"","ast-hfb-mobile-header-display":"","site-post-title":"disabled","ast-breadcrumbs-content":"","ast-featured-img":"disabled","footer-sml-layout":"","ast-disable-related-posts":"","theme-transparent-header-meta":"default","adv-header-id-meta":"","stick-header-meta":"","header-above-stick-meta":"","header-main-stick-meta":"","header-below-stick-meta":"","astra-migrate-meta-layouts":"default","ast-page-background-enabled":"default","ast-page-background-meta":{"desktop":{"background-color":"","background-image":"","background-repeat":"repeat","background-position":"center center","background-size":"auto","background-attachment":"scroll","background-type":"","background-media":"","overlay-type":"","overlay-color":"","overlay-opacity":"","overlay-gradient":""},"tablet":{"background-color":"","background-image":"","background-repeat":"repeat","background-position":"center center","background-size":"auto","background-attachment":"scroll","background-type":"","background-media":"","overlay-type":"","overlay-color":"","overlay-opacity":"","overlay-gradient":""},"mobile":{"background-color":"","background-image":"","background-repeat":"repeat","background-position":"center center","background-size":"auto","background-attachment":"scroll","background-type":"","background-media":"","overlay-type":"","overlay-color":"","overlay-opacity":"","overlay-gradient":""}},"ast-content-background-meta":{"desktop":{"background-color":"var(--ast-global-color-5)","background-image":"","background-repeat":"repeat","background-position":"center center","background-size":"auto","background-attachment":"scroll","background-type":"","background-media":"","overlay-type":"","overlay-color":"","overlay-opacity":"","overlay-gradient":""},"tablet":{"background-color":"var(--ast-global-color-5)","background-image":"","background-repeat":"repeat","background-position":"center center","background-size":"auto","background-attachment":"scroll","background-type":"","background-media":"","overlay-type":"","overlay-color":"","overlay-opacity":"","overlay-gradient":""},"mobile":{"background-color":"var(--ast-global-color-5)","background-image":"","background-repeat":"repeat","background-position":"center center","background-size":"auto","background-attachment":"scroll","background-type":"","background-media":"","overlay-type":"","overlay-color":"","overlay-opacity":"","overlay-gradient":""}},"footnotes":"","_links_to":"","_links_to_target":""},"class_list":["post-6484","page","type-page","status-publish","hentry"],"acf":[],"yoast_head":"<!-- This site is optimized with the Yoast SEO plugin v27.4 - https:\/\/yoast.com\/product\/yoast-seo-wordpress\/ -->\n<title>Centre de comp\u00e9tences et de simulation de l&#039;Universit\u00e9 d&#039;Ottawa - Portes ouvertes Ottawa<\/title>\n<meta name=\"robots\" content=\"index, follow, max-snippet:-1, max-image-preview:large, max-video-preview:-1\" \/>\n<link rel=\"canonical\" href=\"https:\/\/uossc.ca\/fr\/activites-publiques-et-formations-d%ca%bcequipes\/portes-ouvertes-ottawa\/\" \/>\n<meta property=\"og:locale\" content=\"fr_CA\" \/>\n<meta property=\"og:type\" content=\"article\" \/>\n<meta property=\"og:title\" content=\"Centre de comp\u00e9tences et de simulation de l&#039;Universit\u00e9 d&#039;Ottawa - Portes ouvertes Ottawa\" \/>\n<meta property=\"og:description\" content=\"Le Centre de comp\u00e9tences et de simulation de l\u2019Universit\u00e9 d\u2019Ottawa est le fruit d\u2019un partenariat entre L\u2019H\u00f4pital d\u2019Ottawa et l\u2019Universit\u00e9 d\u2019Ottawa. MARS 2026 Portes ouvertes Ottawa 2026. 7 juin, 2026 Veuillez revenir plus tard pour conna\u00eetre les d\u00e9tails de l&rsquo;\u00e9v\u00e9nement \u00a0 \u00a0 Le Centre de comp\u00e9tences et de simulation de l\u2019Universit\u00e9 d\u2019Ottawa simule des situations [&hellip;]\" \/>\n<meta property=\"og:url\" content=\"https:\/\/uossc.ca\/fr\/activites-publiques-et-formations-d%ca%bcequipes\/portes-ouvertes-ottawa\/\" \/>\n<meta property=\"og:site_name\" content=\"Centre de comp\u00e9tences et de simulation de l&#039;Universit\u00e9 d&#039;Ottawa\" \/>\n<meta property=\"article:modified_time\" content=\"2026-03-16T18:03:52+00:00\" \/>\n<meta property=\"og:image\" content=\"https:\/\/uossc.ca\/wp-content\/uploads\/2026\/03\/Doors-Open-Ottawa.jpeg\" \/>\n\t<meta property=\"og:image:width\" content=\"226\" \/>\n\t<meta property=\"og:image:height\" content=\"223\" \/>\n\t<meta property=\"og:image:type\" content=\"image\/jpeg\" \/>\n<meta name=\"twitter:card\" content=\"summary_large_image\" \/>\n<meta name=\"twitter:site\" content=\"@uOSSC_CCSuO\" \/>\n<meta name=\"twitter:label1\" content=\"Estimation du temps de lecture\" \/>\n\t<meta name=\"twitter:data1\" content=\"1 minute\" \/>\n<script type=\"application\/ld+json\" class=\"yoast-schema-graph\">{\"@context\":\"https:\\\/\\\/schema.org\",\"@graph\":[{\"@type\":\"WebPage\",\"@id\":\"https:\\\/\\\/uossc.ca\\\/fr\\\/activites-publiques-et-formations-d%ca%bcequipes\\\/portes-ouvertes-ottawa\\\/\",\"url\":\"https:\\\/\\\/uossc.ca\\\/fr\\\/activites-publiques-et-formations-d%ca%bcequipes\\\/portes-ouvertes-ottawa\\\/\",\"name\":\"Centre de comp\u00e9tences et de simulation de l&#039;Universit\u00e9 d&#039;Ottawa - Portes ouvertes Ottawa\",\"isPartOf\":{\"@id\":\"https:\\\/\\\/uossc.ca\\\/fr\\\/#website\"},\"primaryImageOfPage\":{\"@id\":\"https:\\\/\\\/uossc.ca\\\/fr\\\/activites-publiques-et-formations-d%ca%bcequipes\\\/portes-ouvertes-ottawa\\\/#primaryimage\"},\"image\":{\"@id\":\"https:\\\/\\\/uossc.ca\\\/fr\\\/activites-publiques-et-formations-d%ca%bcequipes\\\/portes-ouvertes-ottawa\\\/#primaryimage\"},\"thumbnailUrl\":\"https:\\\/\\\/uossc.ca\\\/wp-content\\\/uploads\\\/2026\\\/03\\\/Doors-Open-Ottawa.jpeg\",\"datePublished\":\"2023-02-08T20:31:26+00:00\",\"dateModified\":\"2026-03-16T18:03:52+00:00\",\"breadcrumb\":{\"@id\":\"https:\\\/\\\/uossc.ca\\\/fr\\\/activites-publiques-et-formations-d%ca%bcequipes\\\/portes-ouvertes-ottawa\\\/#breadcrumb\"},\"inLanguage\":\"fr-CA\",\"potentialAction\":[{\"@type\":\"ReadAction\",\"target\":[\"https:\\\/\\\/uossc.ca\\\/fr\\\/activites-publiques-et-formations-d%ca%bcequipes\\\/portes-ouvertes-ottawa\\\/\"]}]},{\"@type\":\"ImageObject\",\"inLanguage\":\"fr-CA\",\"@id\":\"https:\\\/\\\/uossc.ca\\\/fr\\\/activites-publiques-et-formations-d%ca%bcequipes\\\/portes-ouvertes-ottawa\\\/#primaryimage\",\"url\":\"https:\\\/\\\/uossc.ca\\\/wp-content\\\/uploads\\\/2026\\\/03\\\/Doors-Open-Ottawa.jpeg\",\"contentUrl\":\"https:\\\/\\\/uossc.ca\\\/wp-content\\\/uploads\\\/2026\\\/03\\\/Doors-Open-Ottawa.jpeg\"},{\"@type\":\"BreadcrumbList\",\"@id\":\"https:\\\/\\\/uossc.ca\\\/fr\\\/activites-publiques-et-formations-d%ca%bcequipes\\\/portes-ouvertes-ottawa\\\/#breadcrumb\",\"itemListElement\":[{\"@type\":\"ListItem\",\"position\":1,\"name\":\"Home\",\"item\":\"https:\\\/\\\/uossc.ca\\\/fr\\\/\"},{\"@type\":\"ListItem\",\"position\":2,\"name\":\"Consolidation d\u2019\u00e9quipe et activit\u00e9s publiques\",\"item\":\"https:\\\/\\\/uossc.ca\\\/fr\\\/activites-publiques-et-formations-d%ca%bcequipes\\\/\"},{\"@type\":\"ListItem\",\"position\":3,\"name\":\"Portes ouvertes Ottawa\"}]},{\"@type\":\"WebSite\",\"@id\":\"https:\\\/\\\/uossc.ca\\\/fr\\\/#website\",\"url\":\"https:\\\/\\\/uossc.ca\\\/fr\\\/\",\"name\":\"Centre de comp\u00e9tences et de simulation de l&#039;Universit\u00e9 d&#039;Ottawa\",\"description\":\"An international leader in collaborative simulation-based education.\",\"publisher\":{\"@id\":\"https:\\\/\\\/uossc.ca\\\/fr\\\/#organization\"},\"potentialAction\":[{\"@type\":\"SearchAction\",\"target\":{\"@type\":\"EntryPoint\",\"urlTemplate\":\"https:\\\/\\\/uossc.ca\\\/fr\\\/?s={search_term_string}\"},\"query-input\":{\"@type\":\"PropertyValueSpecification\",\"valueRequired\":true,\"valueName\":\"search_term_string\"}}],\"inLanguage\":\"fr-CA\"},{\"@type\":\"Organization\",\"@id\":\"https:\\\/\\\/uossc.ca\\\/fr\\\/#organization\",\"name\":\"The University of Ottawa Skills and Simulation Centre\",\"url\":\"https:\\\/\\\/uossc.ca\\\/fr\\\/\",\"logo\":{\"@type\":\"ImageObject\",\"inLanguage\":\"fr-CA\",\"@id\":\"https:\\\/\\\/uossc.ca\\\/fr\\\/#\\\/schema\\\/logo\\\/image\\\/\",\"url\":\"https:\\\/\\\/uossc.ca\\\/wp-content\\\/uploads\\\/2019\\\/07\\\/uossc-logo.jpg\",\"contentUrl\":\"https:\\\/\\\/uossc.ca\\\/wp-content\\\/uploads\\\/2019\\\/07\\\/uossc-logo.jpg\",\"width\":790,\"height\":92,\"caption\":\"The University of Ottawa Skills and Simulation Centre\"},\"image\":{\"@id\":\"https:\\\/\\\/uossc.ca\\\/fr\\\/#\\\/schema\\\/logo\\\/image\\\/\"},\"sameAs\":[\"https:\\\/\\\/x.com\\\/uOSSC_CCSuO\"]}]}<\/script>\n<!-- \/ Yoast SEO plugin. -->","yoast_head_json":{"title":"Centre de comp\u00e9tences et de simulation de l&#039;Universit\u00e9 d&#039;Ottawa - Portes ouvertes Ottawa","robots":{"index":"index","follow":"follow","max-snippet":"max-snippet:-1","max-image-preview":"max-image-preview:large","max-video-preview":"max-video-preview:-1"},"canonical":"https:\/\/uossc.ca\/fr\/activites-publiques-et-formations-d%ca%bcequipes\/portes-ouvertes-ottawa\/","og_locale":"fr_CA","og_type":"article","og_title":"Centre de comp\u00e9tences et de simulation de l&#039;Universit\u00e9 d&#039;Ottawa - Portes ouvertes Ottawa","og_description":"Le Centre de comp\u00e9tences et de simulation de l\u2019Universit\u00e9 d\u2019Ottawa est le fruit d\u2019un partenariat entre L\u2019H\u00f4pital d\u2019Ottawa et l\u2019Universit\u00e9 d\u2019Ottawa. MARS 2026 Portes ouvertes Ottawa 2026. 7 juin, 2026 Veuillez revenir plus tard pour conna\u00eetre les d\u00e9tails de l&rsquo;\u00e9v\u00e9nement \u00a0 \u00a0 Le Centre de comp\u00e9tences et de simulation de l\u2019Universit\u00e9 d\u2019Ottawa simule des situations [&hellip;]","og_url":"https:\/\/uossc.ca\/fr\/activites-publiques-et-formations-d%ca%bcequipes\/portes-ouvertes-ottawa\/","og_site_name":"Centre de comp\u00e9tences et de simulation de l&#039;Universit\u00e9 d&#039;Ottawa","article_modified_time":"2026-03-16T18:03:52+00:00","og_image":[{"width":226,"height":223,"url":"https:\/\/uossc.ca\/wp-content\/uploads\/2026\/03\/Doors-Open-Ottawa.jpeg","type":"image\/jpeg"}],"twitter_card":"summary_large_image","twitter_site":"@uOSSC_CCSuO","twitter_misc":{"Estimation du temps de lecture":"1 minute"},"schema":{"@context":"https:\/\/schema.org","@graph":[{"@type":"WebPage","@id":"https:\/\/uossc.ca\/fr\/activites-publiques-et-formations-d%ca%bcequipes\/portes-ouvertes-ottawa\/","url":"https:\/\/uossc.ca\/fr\/activites-publiques-et-formations-d%ca%bcequipes\/portes-ouvertes-ottawa\/","name":"Centre de comp\u00e9tences et de simulation de l&#039;Universit\u00e9 d&#039;Ottawa - Portes ouvertes Ottawa","isPartOf":{"@id":"https:\/\/uossc.ca\/fr\/#website"},"primaryImageOfPage":{"@id":"https:\/\/uossc.ca\/fr\/activites-publiques-et-formations-d%ca%bcequipes\/portes-ouvertes-ottawa\/#primaryimage"},"image":{"@id":"https:\/\/uossc.ca\/fr\/activites-publiques-et-formations-d%ca%bcequipes\/portes-ouvertes-ottawa\/#primaryimage"},"thumbnailUrl":"https:\/\/uossc.ca\/wp-content\/uploads\/2026\/03\/Doors-Open-Ottawa.jpeg","datePublished":"2023-02-08T20:31:26+00:00","dateModified":"2026-03-16T18:03:52+00:00","breadcrumb":{"@id":"https:\/\/uossc.ca\/fr\/activites-publiques-et-formations-d%ca%bcequipes\/portes-ouvertes-ottawa\/#breadcrumb"},"inLanguage":"fr-CA","potentialAction":[{"@type":"ReadAction","target":["https:\/\/uossc.ca\/fr\/activites-publiques-et-formations-d%ca%bcequipes\/portes-ouvertes-ottawa\/"]}]},{"@type":"ImageObject","inLanguage":"fr-CA","@id":"https:\/\/uossc.ca\/fr\/activites-publiques-et-formations-d%ca%bcequipes\/portes-ouvertes-ottawa\/#primaryimage","url":"https:\/\/uossc.ca\/wp-content\/uploads\/2026\/03\/Doors-Open-Ottawa.jpeg","contentUrl":"https:\/\/uossc.ca\/wp-content\/uploads\/2026\/03\/Doors-Open-Ottawa.jpeg"},{"@type":"BreadcrumbList","@id":"https:\/\/uossc.ca\/fr\/activites-publiques-et-formations-d%ca%bcequipes\/portes-ouvertes-ottawa\/#breadcrumb","itemListElement":[{"@type":"ListItem","position":1,"name":"Home","item":"https:\/\/uossc.ca\/fr\/"},{"@type":"ListItem","position":2,"name":"Consolidation d\u2019\u00e9quipe et activit\u00e9s publiques","item":"https:\/\/uossc.ca\/fr\/activites-publiques-et-formations-d%ca%bcequipes\/"},{"@type":"ListItem","position":3,"name":"Portes ouvertes Ottawa"}]},{"@type":"WebSite","@id":"https:\/\/uossc.ca\/fr\/#website","url":"https:\/\/uossc.ca\/fr\/","name":"Centre de comp\u00e9tences et de simulation de l&#039;Universit\u00e9 d&#039;Ottawa","description":"An international leader in collaborative simulation-based education.","publisher":{"@id":"https:\/\/uossc.ca\/fr\/#organization"},"potentialAction":[{"@type":"SearchAction","target":{"@type":"EntryPoint","urlTemplate":"https:\/\/uossc.ca\/fr\/?s={search_term_string}"},"query-input":{"@type":"PropertyValueSpecification","valueRequired":true,"valueName":"search_term_string"}}],"inLanguage":"fr-CA"},{"@type":"Organization","@id":"https:\/\/uossc.ca\/fr\/#organization","name":"The University of Ottawa Skills and Simulation Centre","url":"https:\/\/uossc.ca\/fr\/","logo":{"@type":"ImageObject","inLanguage":"fr-CA","@id":"https:\/\/uossc.ca\/fr\/#\/schema\/logo\/image\/","url":"https:\/\/uossc.ca\/wp-content\/uploads\/2019\/07\/uossc-logo.jpg","contentUrl":"https:\/\/uossc.ca\/wp-content\/uploads\/2019\/07\/uossc-logo.jpg","width":790,"height":92,"caption":"The University of Ottawa Skills and Simulation Centre"},"image":{"@id":"https:\/\/uossc.ca\/fr\/#\/schema\/logo\/image\/"},"sameAs":["https:\/\/x.com\/uOSSC_CCSuO"]}]}},"_links":{"self":[{"href":"https:\/\/uossc.ca\/fr\/wp-json\/wp\/v2\/pages\/6484","targetHints":{"allow":["GET"]}}],"collection":[{"href":"https:\/\/uossc.ca\/fr\/wp-json\/wp\/v2\/pages"}],"about":[{"href":"https:\/\/uossc.ca\/fr\/wp-json\/wp\/v2\/types\/page"}],"author":[{"embeddable":true,"href":"https:\/\/uossc.ca\/fr\/wp-json\/wp\/v2\/users\/1"}],"replies":[{"embeddable":true,"href":"https:\/\/uossc.ca\/fr\/wp-json\/wp\/v2\/comments?post=6484"}],"version-history":[{"count":11,"href":"https:\/\/uossc.ca\/fr\/wp-json\/wp\/v2\/pages\/6484\/revisions"}],"predecessor-version":[{"id":11499,"href":"https:\/\/uossc.ca\/fr\/wp-json\/wp\/v2\/pages\/6484\/revisions\/11499"}],"up":[{"embeddable":true,"href":"https:\/\/uossc.ca\/fr\/wp-json\/wp\/v2\/pages\/893"}],"wp:attachment":[{"href":"https:\/\/uossc.ca\/fr\/wp-json\/wp\/v2\/media?parent=6484"}],"curies":[{"name":"wp","href":"https:\/\/api.w.org\/{rel}","templated":true}]}}