{"id":2850,"date":"2019-09-23T14:03:58","date_gmt":"2019-09-23T18:03:58","guid":{"rendered":"https:\/\/uossc.ca\/nous-joindre\/"},"modified":"2020-02-05T09:54:15","modified_gmt":"2020-02-05T14:54:15","slug":"nous-joindre","status":"publish","type":"page","link":"https:\/\/uossc.ca\/fr\/nous-joindre\/","title":{"rendered":"Nous joindre"},"content":{"rendered":"\t\t<div data-elementor-type=\"wp-post\" data-elementor-id=\"2850\" class=\"elementor elementor-2850 elementor-58\" data-elementor-post-type=\"page\">\n\t\t\t\t\t\t<section class=\"elementor-section elementor-top-section elementor-element elementor-element-5a77ab2 elementor-section-boxed elementor-section-height-default elementor-section-height-default\" data-id=\"5a77ab2\" data-element_type=\"section\" data-e-type=\"section\">\n\t\t\t\t\t\t<div class=\"elementor-container elementor-column-gap-default\">\n\t\t\t\t\t<div class=\"elementor-column elementor-col-100 elementor-top-column elementor-element elementor-element-3701c04\" data-id=\"3701c04\" data-element_type=\"column\" data-e-type=\"column\">\n\t\t\t<div class=\"elementor-widget-wrap elementor-element-populated\">\n\t\t\t\t\t\t<div class=\"elementor-element elementor-element-24794a9 elementor-widget elementor-widget-text-editor\" data-id=\"24794a9\" data-element_type=\"widget\" data-e-type=\"widget\" data-widget_type=\"text-editor.default\">\n\t\t\t\t<div class=\"elementor-widget-container\">\n\t\t\t\t\t\t\t\t\t<h2 style=\"text-align: center;\">Communiquez avec nous pour cerner vos besoins.<\/h2>\n\t\t\t\t\t\t\t\t<\/div>\n\t\t\t\t<\/div>\n\t\t\t\t<section class=\"elementor-section elementor-inner-section elementor-element elementor-element-9b72691 elementor-section-boxed elementor-section-height-default elementor-section-height-default\" data-id=\"9b72691\" data-element_type=\"section\" data-e-type=\"section\">\n\t\t\t\t\t\t<div class=\"elementor-container elementor-column-gap-default\">\n\t\t\t\t\t<div class=\"elementor-column elementor-col-50 elementor-inner-column elementor-element elementor-element-8d32046\" data-id=\"8d32046\" data-element_type=\"column\" data-e-type=\"column\">\n\t\t\t<div class=\"elementor-widget-wrap elementor-element-populated\">\n\t\t\t\t\t\t<div class=\"elementor-element elementor-element-c4cc986 elementor-widget elementor-widget-text-editor\" data-id=\"c4cc986\" data-element_type=\"widget\" data-e-type=\"widget\" data-widget_type=\"text-editor.default\">\n\t\t\t\t<div class=\"elementor-widget-container\">\n\t\t\t\t\t\t\t\t\t<p>L\u2019H\u00f4pital d\u2019Ottawa \u2013 Campus Civic<br>\u00c9difice de recherche Loeb, 1<sup>er<\/sup> \u00e9tage<br>725, avenue Parkdale<br>Ottawa, ON &nbsp;K1Y 4E9<\/p>\n<p>T\u00e9l.&nbsp;: 613-798-5555, poste&nbsp;13300<br>T\u00e9l\u00e9c.&nbsp;: 613-761-4058<br><a href=\"mailto:uossc@lho.ca\">uossc@lho.ca<\/a><\/p>\n<p>Cliquez sur le lien ci-dessous pour obtenir des renseignements d\u00e9taill\u00e9s sur le Campus Civic de L\u2019H\u00f4pital d\u2019Ottawa.<\/p>\t\t\t\t\t\t\t\t<\/div>\n\t\t\t\t<\/div>\n\t\t\t\t<div class=\"elementor-element elementor-element-769be31 elementor-widget elementor-widget-button\" data-id=\"769be31\" data-element_type=\"widget\" data-e-type=\"widget\" data-widget_type=\"button.default\">\n\t\t\t\t<div class=\"elementor-widget-container\">\n\t\t\t\t\t\t\t\t\t<div class=\"elementor-button-wrapper\">\n\t\t\t\t\t<a class=\"elementor-button elementor-button-link elementor-size-sm\" href=\"https:\/\/www.ottawahospital.on.ca\/fr\/patients-et-visiteurs\/directions-et-plans-des-campus\/\" target=\"_blank\" rel=\"nofollow\">\n\t\t\t\t\t\t<span class=\"elementor-button-content-wrapper\">\n\t\t\t\t\t\t\t\t\t<span class=\"elementor-button-text\">RENSEIGNEMENTS SUR LE CAMPUS CIVIC<\/span>\n\t\t\t\t\t<\/span>\n\t\t\t\t\t<\/a>\n\t\t\t\t<\/div>\n\t\t\t\t\t\t\t\t<\/div>\n\t\t\t\t<\/div>\n\t\t\t\t\t<\/div>\n\t\t<\/div>\n\t\t\t\t<div class=\"elementor-column elementor-col-50 elementor-inner-column elementor-element elementor-element-9233290\" data-id=\"9233290\" data-element_type=\"column\" data-e-type=\"column\">\n\t\t\t<div class=\"elementor-widget-wrap elementor-element-populated\">\n\t\t\t\t\t\t<div class=\"elementor-element elementor-element-ed58483 elementor-widget elementor-widget-image\" data-id=\"ed58483\" data-element_type=\"widget\" data-e-type=\"widget\" data-widget_type=\"image.default\">\n\t\t\t\t<div class=\"elementor-widget-container\">\n\t\t\t\t\t\t\t\t\t\t\t\t\t\t\t<img fetchpriority=\"high\" decoding=\"async\" width=\"720\" height=\"480\" src=\"https:\/\/uossc.ca\/wp-content\/uploads\/2019\/03\/uOSSC-Building.jpg\" class=\"attachment-large size-large wp-image-1360\" alt=\"\" srcset=\"https:\/\/uossc.ca\/wp-content\/uploads\/2019\/03\/uOSSC-Building.jpg 720w, https:\/\/uossc.ca\/wp-content\/uploads\/2019\/03\/uOSSC-Building-300x200.jpg 300w\" sizes=\"(max-width: 720px) 100vw, 720px\" \/>\t\t\t\t\t\t\t\t\t\t\t\t\t\t\t<\/div>\n\t\t\t\t<\/div>\n\t\t\t\t\t<\/div>\n\t\t<\/div>\n\t\t\t\t\t<\/div>\n\t\t<\/section>\n\t\t\t\t\t<\/div>\n\t\t<\/div>\n\t\t\t\t\t<\/div>\n\t\t<\/section>\n\t\t\t\t<section class=\"elementor-section elementor-top-section elementor-element elementor-element-33c09bb elementor-section-full_width elementor-section-height-min-height elementor-section-height-default elementor-section-items-middle\" data-id=\"33c09bb\" data-element_type=\"section\" data-e-type=\"section\">\n\t\t\t\t\t\t<div class=\"elementor-container elementor-column-gap-no\">\n\t\t\t\t\t<div class=\"elementor-column elementor-col-100 elementor-top-column elementor-element elementor-element-b45468b\" data-id=\"b45468b\" data-element_type=\"column\" data-e-type=\"column\">\n\t\t\t<div class=\"elementor-widget-wrap elementor-element-populated\">\n\t\t\t\t\t\t<div class=\"elementor-element elementor-element-678142f elementor-widget elementor-widget-google_maps\" data-id=\"678142f\" data-element_type=\"widget\" data-e-type=\"widget\" data-widget_type=\"google_maps.default\">\n\t\t\t\t<div class=\"elementor-widget-container\">\n\t\t\t\t\t\t\t<div class=\"elementor-custom-embed\">\n\t\t\t<iframe loading=\"lazy\"\n\t\t\t\t\tsrc=\"https:\/\/maps.google.com\/maps?q=uOSSC%20Ottawa%20Ontario%20Canada&#038;t=m&#038;z=16&#038;output=embed&#038;iwloc=near\"\n\t\t\t\t\ttitle=\"uOSSC Ottawa Ontario Canada\"\n\t\t\t\t\taria-label=\"uOSSC Ottawa Ontario Canada\"\n\t\t\t><\/iframe>\n\t\t<\/div>\n\t\t\t\t\t\t<\/div>\n\t\t\t\t<\/div>\n\t\t\t\t\t<\/div>\n\t\t<\/div>\n\t\t\t\t\t<\/div>\n\t\t<\/section>\n\t\t\t\t<\/div>\n\t\t","protected":false},"excerpt":{"rendered":"<p>Communiquez avec nous pour cerner vos besoins. L\u2019H\u00f4pital d\u2019Ottawa \u2013 Campus Civic\u00c9difice de recherche Loeb, 1er \u00e9tage725, avenue ParkdaleOttawa, ON &nbsp;K1Y 4E9 T\u00e9l.&nbsp;: 613-798-5555, poste&nbsp;13300T\u00e9l\u00e9c.&nbsp;: 613-761-4058uossc@lho.ca Cliquez sur le lien ci-dessous pour obtenir des renseignements d\u00e9taill\u00e9s sur le Campus Civic de L\u2019H\u00f4pital d\u2019Ottawa. RENSEIGNEMENTS SUR LE CAMPUS CIVIC<\/p>\n","protected":false},"author":1,"featured_media":0,"parent":0,"menu_order":0,"comment_status":"closed","ping_status":"closed","template":"","meta":{"_acf_changed":false,"site-sidebar-layout":"no-sidebar","site-content-layout":"page-builder","ast-site-content-layout":"default","site-content-style":"default","site-sidebar-style":"default","ast-global-header-display":"","ast-banner-title-visibility":"","ast-main-header-display":"","ast-hfb-above-header-display":"","ast-hfb-below-header-display":"","ast-hfb-mobile-header-display":"","site-post-title":"","ast-breadcrumbs-content":"","ast-featured-img":"","footer-sml-layout":"","ast-disable-related-posts":"","theme-transparent-header-meta":"default","adv-header-id-meta":"","stick-header-meta":"","header-above-stick-meta":"","header-main-stick-meta":"","header-below-stick-meta":"","astra-migrate-meta-layouts":"default","ast-page-background-enabled":"default","ast-page-background-meta":{"desktop":{"background-color":"","background-image":"","background-repeat":"repeat","background-position":"center center","background-size":"auto","background-attachment":"scroll","background-type":"","background-media":"","overlay-type":"","overlay-color":"","overlay-opacity":"","overlay-gradient":""},"tablet":{"background-color":"","background-image":"","background-repeat":"repeat","background-position":"center center","background-size":"auto","background-attachment":"scroll","background-type":"","background-media":"","overlay-type":"","overlay-color":"","overlay-opacity":"","overlay-gradient":""},"mobile":{"background-color":"","background-image":"","background-repeat":"repeat","background-position":"center center","background-size":"auto","background-attachment":"scroll","background-type":"","background-media":"","overlay-type":"","overlay-color":"","overlay-opacity":"","overlay-gradient":""}},"ast-content-background-meta":{"desktop":{"background-color":"var(--ast-global-color-5)","background-image":"","background-repeat":"repeat","background-position":"center center","background-size":"auto","background-attachment":"scroll","background-type":"","background-media":"","overlay-type":"","overlay-color":"","overlay-opacity":"","overlay-gradient":""},"tablet":{"background-color":"var(--ast-global-color-5)","background-image":"","background-repeat":"repeat","background-position":"center center","background-size":"auto","background-attachment":"scroll","background-type":"","background-media":"","overlay-type":"","overlay-color":"","overlay-opacity":"","overlay-gradient":""},"mobile":{"background-color":"var(--ast-global-color-5)","background-image":"","background-repeat":"repeat","background-position":"center center","background-size":"auto","background-attachment":"scroll","background-type":"","background-media":"","overlay-type":"","overlay-color":"","overlay-opacity":"","overlay-gradient":""}},"footnotes":"","_links_to":"","_links_to_target":""},"class_list":["post-2850","page","type-page","status-publish","hentry"],"acf":[],"yoast_head":"<!-- This site is optimized with the Yoast SEO plugin v27.4 - https:\/\/yoast.com\/product\/yoast-seo-wordpress\/ -->\n<title>Centre de comp\u00e9tences et de simulation de l&#039;Universit\u00e9 d&#039;Ottawa - Nous joindre<\/title>\n<meta name=\"robots\" content=\"index, follow, max-snippet:-1, max-image-preview:large, max-video-preview:-1\" \/>\n<link rel=\"canonical\" href=\"https:\/\/uossc.ca\/fr\/nous-joindre\/\" \/>\n<meta property=\"og:locale\" content=\"fr_CA\" \/>\n<meta property=\"og:type\" content=\"article\" \/>\n<meta property=\"og:title\" content=\"Centre de comp\u00e9tences et de simulation de l&#039;Universit\u00e9 d&#039;Ottawa - Nous joindre\" \/>\n<meta property=\"og:description\" content=\"Communiquez avec nous pour cerner vos besoins. L\u2019H\u00f4pital d\u2019Ottawa \u2013 Campus Civic\u00c9difice de recherche Loeb, 1er \u00e9tage725, avenue ParkdaleOttawa, ON &nbsp;K1Y 4E9 T\u00e9l.&nbsp;: 613-798-5555, poste&nbsp;13300T\u00e9l\u00e9c.&nbsp;: 613-761-4058uossc@lho.ca Cliquez sur le lien ci-dessous pour obtenir des renseignements d\u00e9taill\u00e9s sur le Campus Civic de L\u2019H\u00f4pital d\u2019Ottawa. RENSEIGNEMENTS SUR LE CAMPUS CIVIC\" \/>\n<meta property=\"og:url\" content=\"https:\/\/uossc.ca\/fr\/nous-joindre\/\" \/>\n<meta property=\"og:site_name\" content=\"Centre de comp\u00e9tences et de simulation de l&#039;Universit\u00e9 d&#039;Ottawa\" \/>\n<meta property=\"article:modified_time\" content=\"2020-02-05T14:54:15+00:00\" \/>\n<meta property=\"og:image\" content=\"https:\/\/uossc.ca\/wp-content\/uploads\/2019\/03\/uOSSC-Building.jpg\" \/>\n<meta name=\"twitter:card\" content=\"summary_large_image\" \/>\n<meta name=\"twitter:site\" content=\"@uOSSC_CCSuO\" \/>\n<script type=\"application\/ld+json\" class=\"yoast-schema-graph\">{\"@context\":\"https:\\\/\\\/schema.org\",\"@graph\":[{\"@type\":\"WebPage\",\"@id\":\"https:\\\/\\\/uossc.ca\\\/fr\\\/nous-joindre\\\/\",\"url\":\"https:\\\/\\\/uossc.ca\\\/fr\\\/nous-joindre\\\/\",\"name\":\"Centre de comp\u00e9tences et de simulation de l&#039;Universit\u00e9 d&#039;Ottawa - Nous joindre\",\"isPartOf\":{\"@id\":\"https:\\\/\\\/uossc.ca\\\/fr\\\/#website\"},\"primaryImageOfPage\":{\"@id\":\"https:\\\/\\\/uossc.ca\\\/fr\\\/nous-joindre\\\/#primaryimage\"},\"image\":{\"@id\":\"https:\\\/\\\/uossc.ca\\\/fr\\\/nous-joindre\\\/#primaryimage\"},\"thumbnailUrl\":\"https:\\\/\\\/uossc.ca\\\/wp-content\\\/uploads\\\/2019\\\/03\\\/uOSSC-Building.jpg\",\"datePublished\":\"2019-09-23T18:03:58+00:00\",\"dateModified\":\"2020-02-05T14:54:15+00:00\",\"breadcrumb\":{\"@id\":\"https:\\\/\\\/uossc.ca\\\/fr\\\/nous-joindre\\\/#breadcrumb\"},\"inLanguage\":\"fr-CA\",\"potentialAction\":[{\"@type\":\"ReadAction\",\"target\":[\"https:\\\/\\\/uossc.ca\\\/fr\\\/nous-joindre\\\/\"]}]},{\"@type\":\"ImageObject\",\"inLanguage\":\"fr-CA\",\"@id\":\"https:\\\/\\\/uossc.ca\\\/fr\\\/nous-joindre\\\/#primaryimage\",\"url\":\"https:\\\/\\\/uossc.ca\\\/wp-content\\\/uploads\\\/2019\\\/03\\\/uOSSC-Building.jpg\",\"contentUrl\":\"https:\\\/\\\/uossc.ca\\\/wp-content\\\/uploads\\\/2019\\\/03\\\/uOSSC-Building.jpg\"},{\"@type\":\"BreadcrumbList\",\"@id\":\"https:\\\/\\\/uossc.ca\\\/fr\\\/nous-joindre\\\/#breadcrumb\",\"itemListElement\":[{\"@type\":\"ListItem\",\"position\":1,\"name\":\"Home\",\"item\":\"https:\\\/\\\/uossc.ca\\\/fr\\\/\"},{\"@type\":\"ListItem\",\"position\":2,\"name\":\"Nous joindre\"}]},{\"@type\":\"WebSite\",\"@id\":\"https:\\\/\\\/uossc.ca\\\/fr\\\/#website\",\"url\":\"https:\\\/\\\/uossc.ca\\\/fr\\\/\",\"name\":\"Centre de comp\u00e9tences et de simulation de l&#039;Universit\u00e9 d&#039;Ottawa\",\"description\":\"An international leader in collaborative simulation-based education.\",\"publisher\":{\"@id\":\"https:\\\/\\\/uossc.ca\\\/fr\\\/#organization\"},\"potentialAction\":[{\"@type\":\"SearchAction\",\"target\":{\"@type\":\"EntryPoint\",\"urlTemplate\":\"https:\\\/\\\/uossc.ca\\\/fr\\\/?s={search_term_string}\"},\"query-input\":{\"@type\":\"PropertyValueSpecification\",\"valueRequired\":true,\"valueName\":\"search_term_string\"}}],\"inLanguage\":\"fr-CA\"},{\"@type\":\"Organization\",\"@id\":\"https:\\\/\\\/uossc.ca\\\/fr\\\/#organization\",\"name\":\"The University of Ottawa Skills and Simulation Centre\",\"url\":\"https:\\\/\\\/uossc.ca\\\/fr\\\/\",\"logo\":{\"@type\":\"ImageObject\",\"inLanguage\":\"fr-CA\",\"@id\":\"https:\\\/\\\/uossc.ca\\\/fr\\\/#\\\/schema\\\/logo\\\/image\\\/\",\"url\":\"https:\\\/\\\/uossc.ca\\\/wp-content\\\/uploads\\\/2019\\\/07\\\/uossc-logo.jpg\",\"contentUrl\":\"https:\\\/\\\/uossc.ca\\\/wp-content\\\/uploads\\\/2019\\\/07\\\/uossc-logo.jpg\",\"width\":790,\"height\":92,\"caption\":\"The University of Ottawa Skills and Simulation Centre\"},\"image\":{\"@id\":\"https:\\\/\\\/uossc.ca\\\/fr\\\/#\\\/schema\\\/logo\\\/image\\\/\"},\"sameAs\":[\"https:\\\/\\\/x.com\\\/uOSSC_CCSuO\"]}]}<\/script>\n<!-- \/ Yoast SEO plugin. -->","yoast_head_json":{"title":"Centre de comp\u00e9tences et de simulation de l&#039;Universit\u00e9 d&#039;Ottawa - Nous joindre","robots":{"index":"index","follow":"follow","max-snippet":"max-snippet:-1","max-image-preview":"max-image-preview:large","max-video-preview":"max-video-preview:-1"},"canonical":"https:\/\/uossc.ca\/fr\/nous-joindre\/","og_locale":"fr_CA","og_type":"article","og_title":"Centre de comp\u00e9tences et de simulation de l&#039;Universit\u00e9 d&#039;Ottawa - Nous joindre","og_description":"Communiquez avec nous pour cerner vos besoins. L\u2019H\u00f4pital d\u2019Ottawa \u2013 Campus Civic\u00c9difice de recherche Loeb, 1er \u00e9tage725, avenue ParkdaleOttawa, ON &nbsp;K1Y 4E9 T\u00e9l.&nbsp;: 613-798-5555, poste&nbsp;13300T\u00e9l\u00e9c.&nbsp;: 613-761-4058uossc@lho.ca Cliquez sur le lien ci-dessous pour obtenir des renseignements d\u00e9taill\u00e9s sur le Campus Civic de L\u2019H\u00f4pital d\u2019Ottawa. RENSEIGNEMENTS SUR LE CAMPUS CIVIC","og_url":"https:\/\/uossc.ca\/fr\/nous-joindre\/","og_site_name":"Centre de comp\u00e9tences et de simulation de l&#039;Universit\u00e9 d&#039;Ottawa","article_modified_time":"2020-02-05T14:54:15+00:00","og_image":[{"url":"https:\/\/uossc.ca\/wp-content\/uploads\/2019\/03\/uOSSC-Building.jpg","type":"","width":"","height":""}],"twitter_card":"summary_large_image","twitter_site":"@uOSSC_CCSuO","schema":{"@context":"https:\/\/schema.org","@graph":[{"@type":"WebPage","@id":"https:\/\/uossc.ca\/fr\/nous-joindre\/","url":"https:\/\/uossc.ca\/fr\/nous-joindre\/","name":"Centre de comp\u00e9tences et de simulation de l&#039;Universit\u00e9 d&#039;Ottawa - Nous joindre","isPartOf":{"@id":"https:\/\/uossc.ca\/fr\/#website"},"primaryImageOfPage":{"@id":"https:\/\/uossc.ca\/fr\/nous-joindre\/#primaryimage"},"image":{"@id":"https:\/\/uossc.ca\/fr\/nous-joindre\/#primaryimage"},"thumbnailUrl":"https:\/\/uossc.ca\/wp-content\/uploads\/2019\/03\/uOSSC-Building.jpg","datePublished":"2019-09-23T18:03:58+00:00","dateModified":"2020-02-05T14:54:15+00:00","breadcrumb":{"@id":"https:\/\/uossc.ca\/fr\/nous-joindre\/#breadcrumb"},"inLanguage":"fr-CA","potentialAction":[{"@type":"ReadAction","target":["https:\/\/uossc.ca\/fr\/nous-joindre\/"]}]},{"@type":"ImageObject","inLanguage":"fr-CA","@id":"https:\/\/uossc.ca\/fr\/nous-joindre\/#primaryimage","url":"https:\/\/uossc.ca\/wp-content\/uploads\/2019\/03\/uOSSC-Building.jpg","contentUrl":"https:\/\/uossc.ca\/wp-content\/uploads\/2019\/03\/uOSSC-Building.jpg"},{"@type":"BreadcrumbList","@id":"https:\/\/uossc.ca\/fr\/nous-joindre\/#breadcrumb","itemListElement":[{"@type":"ListItem","position":1,"name":"Home","item":"https:\/\/uossc.ca\/fr\/"},{"@type":"ListItem","position":2,"name":"Nous joindre"}]},{"@type":"WebSite","@id":"https:\/\/uossc.ca\/fr\/#website","url":"https:\/\/uossc.ca\/fr\/","name":"Centre de comp\u00e9tences et de simulation de l&#039;Universit\u00e9 d&#039;Ottawa","description":"An international leader in collaborative simulation-based education.","publisher":{"@id":"https:\/\/uossc.ca\/fr\/#organization"},"potentialAction":[{"@type":"SearchAction","target":{"@type":"EntryPoint","urlTemplate":"https:\/\/uossc.ca\/fr\/?s={search_term_string}"},"query-input":{"@type":"PropertyValueSpecification","valueRequired":true,"valueName":"search_term_string"}}],"inLanguage":"fr-CA"},{"@type":"Organization","@id":"https:\/\/uossc.ca\/fr\/#organization","name":"The University of Ottawa Skills and Simulation Centre","url":"https:\/\/uossc.ca\/fr\/","logo":{"@type":"ImageObject","inLanguage":"fr-CA","@id":"https:\/\/uossc.ca\/fr\/#\/schema\/logo\/image\/","url":"https:\/\/uossc.ca\/wp-content\/uploads\/2019\/07\/uossc-logo.jpg","contentUrl":"https:\/\/uossc.ca\/wp-content\/uploads\/2019\/07\/uossc-logo.jpg","width":790,"height":92,"caption":"The University of Ottawa Skills and Simulation Centre"},"image":{"@id":"https:\/\/uossc.ca\/fr\/#\/schema\/logo\/image\/"},"sameAs":["https:\/\/x.com\/uOSSC_CCSuO"]}]}},"_links":{"self":[{"href":"https:\/\/uossc.ca\/fr\/wp-json\/wp\/v2\/pages\/2850","targetHints":{"allow":["GET"]}}],"collection":[{"href":"https:\/\/uossc.ca\/fr\/wp-json\/wp\/v2\/pages"}],"about":[{"href":"https:\/\/uossc.ca\/fr\/wp-json\/wp\/v2\/types\/page"}],"author":[{"embeddable":true,"href":"https:\/\/uossc.ca\/fr\/wp-json\/wp\/v2\/users\/1"}],"replies":[{"embeddable":true,"href":"https:\/\/uossc.ca\/fr\/wp-json\/wp\/v2\/comments?post=2850"}],"version-history":[{"count":4,"href":"https:\/\/uossc.ca\/fr\/wp-json\/wp\/v2\/pages\/2850\/revisions"}],"predecessor-version":[{"id":3851,"href":"https:\/\/uossc.ca\/fr\/wp-json\/wp\/v2\/pages\/2850\/revisions\/3851"}],"wp:attachment":[{"href":"https:\/\/uossc.ca\/fr\/wp-json\/wp\/v2\/media?parent=2850"}],"curies":[{"name":"wp","href":"https:\/\/api.w.org\/{rel}","templated":true}]}}