{"id":2795,"date":"2019-01-17T16:21:41","date_gmt":"2019-01-17T21:21:41","guid":{"rendered":"https:\/\/uossc.ca\/ce-que-nous-offrons\/theatre-based-simulation\/"},"modified":"2019-10-07T09:19:26","modified_gmt":"2019-10-07T13:19:26","slug":"simulation-par-jeux-de-role","status":"publish","type":"page","link":"https:\/\/uossc.ca\/fr\/ce-que-nous-offrons\/simulation-par-jeux-de-role\/","title":{"rendered":"Simulation par jeux de r\u00f4le"},"content":{"rendered":"\t\t<div data-elementor-type=\"wp-post\" data-elementor-id=\"2795\" class=\"elementor elementor-2795 elementor-34\" data-elementor-post-type=\"page\">\n\t\t\t\t\t\t<section class=\"elementor-section elementor-top-section elementor-element elementor-element-e58020b elementor-section-boxed elementor-section-height-default elementor-section-height-default\" data-id=\"e58020b\" data-element_type=\"section\" data-e-type=\"section\">\n\t\t\t\t\t\t<div class=\"elementor-container elementor-column-gap-default\">\n\t\t\t\t\t<div class=\"elementor-column elementor-col-100 elementor-top-column elementor-element elementor-element-abeaed8\" data-id=\"abeaed8\" data-element_type=\"column\" data-e-type=\"column\">\n\t\t\t<div class=\"elementor-widget-wrap elementor-element-populated\">\n\t\t\t\t\t\t<div class=\"elementor-element elementor-element-e01fa15 elementor-widget elementor-widget-text-editor\" data-id=\"e01fa15\" data-element_type=\"widget\" data-e-type=\"widget\" data-widget_type=\"text-editor.default\">\n\t\t\t\t<div class=\"elementor-widget-container\">\n\t\t\t\t\t\t\t\t\t<h2>Le Centre de comp\u00e9tences et de simulation de l\u2019Universit\u00e9 d\u2019Ottawa dispose de quatre salles de simulation \u00e0 la fine pointe de la technologie, dont deux salles d\u2019op\u00e9ration, une salle de soins intensifs et une salle de travail et d\u2019accouchement pouvant aussi servir de salle d\u2019urgence.<\/h2>\n<p>Ces salles respectent les normes cliniques \u00e9tablies, ce qui contribue au r\u00e9alisme des simulations. Pendant les simulations, les stagiaires ont \u00e0 leur disposition tout ce qui se trouve dans un milieu clinique r\u00e9el. Les salles sont dot\u00e9es de multiples cam\u00e9ras et microphones qui enregistrent les simulations. Les stagiaires peuvent ainsi examiner leurs simulations et obtenir de la r\u00e9troaction des formateurs.<\/p>\n<p>Des mannequins complets permettent de reproduire les soins prodigu\u00e9s aux patients dans une unit\u00e9 de soins, une urgence, une unit\u00e9 de soins intensifs et une salle d\u2019op\u00e9ration. Dirig\u00e9s par ordinateur, ces mannequins parlent et simulent le pouls, la fr\u00e9quence cardiaque et la respiration, et r\u00e9agissent avec pr\u00e9cision aux m\u00e9dicaments, aux fluides et aux compressions thoraciques.<\/p>\n<p>R\u00e9servez d\u00e8s maintenant une salle de simulation \u00e0 la fine pointe de la technologie pour votre activit\u00e9 de formation!<\/p>\n\t\t\t\t\t\t\t\t<\/div>\n\t\t\t\t<\/div>\n\t\t\t\t\t<\/div>\n\t\t<\/div>\n\t\t\t\t\t<\/div>\n\t\t<\/section>\n\t\t\t\t<section class=\"elementor-section elementor-top-section elementor-element elementor-element-c63042d elementor-section-boxed elementor-section-height-default elementor-section-height-default\" data-id=\"c63042d\" data-element_type=\"section\" data-e-type=\"section\">\n\t\t\t\t\t\t<div class=\"elementor-container elementor-column-gap-default\">\n\t\t\t\t\t<div class=\"elementor-column elementor-col-100 elementor-top-column elementor-element elementor-element-7e62fa2\" data-id=\"7e62fa2\" data-element_type=\"column\" data-e-type=\"column\">\n\t\t\t<div class=\"elementor-widget-wrap elementor-element-populated\">\n\t\t\t\t\t\t<div class=\"elementor-element elementor-element-c01074f elementor-arrows-position-outside elementor-widget elementor-widget-image-carousel\" data-id=\"c01074f\" data-element_type=\"widget\" data-e-type=\"widget\" data-settings=\"{&quot;slides_to_show&quot;:&quot;1&quot;,&quot;navigation&quot;:&quot;arrows&quot;,&quot;speed&quot;:2000,&quot;autoplay_speed&quot;:8000,&quot;infinite&quot;:&quot;no&quot;,&quot;autoplay&quot;:&quot;yes&quot;,&quot;pause_on_hover&quot;:&quot;yes&quot;,&quot;pause_on_interaction&quot;:&quot;yes&quot;,&quot;effect&quot;:&quot;slide&quot;}\" data-widget_type=\"image-carousel.default\">\n\t\t\t\t<div class=\"elementor-widget-container\">\n\t\t\t\t\t\t\t<div class=\"elementor-image-carousel-wrapper swiper\" role=\"region\" aria-roledescription=\"carousel\" aria-label=\"Carrousel d\u2019images\" dir=\"ltr\">\n\t\t\t<div class=\"elementor-image-carousel swiper-wrapper\" aria-live=\"off\">\n\t\t\t\t\t\t\t\t<div class=\"swiper-slide\" role=\"group\" aria-roledescription=\"slide\" aria-label=\"1 of 6\"><figure class=\"swiper-slide-inner\"><img decoding=\"async\" class=\"swiper-slide-image\" src=\"https:\/\/uossc.ca\/wp-content\/uploads\/2019\/04\/sim-room-0.jpg\" alt=\"sim-room-0\" \/><\/figure><\/div><div class=\"swiper-slide\" role=\"group\" aria-roledescription=\"slide\" aria-label=\"2 of 6\"><figure class=\"swiper-slide-inner\"><img decoding=\"async\" class=\"swiper-slide-image\" src=\"https:\/\/uossc.ca\/wp-content\/uploads\/2019\/04\/sim-room-1.jpg\" alt=\"sim-room-1\" \/><\/figure><\/div><div class=\"swiper-slide\" role=\"group\" aria-roledescription=\"slide\" aria-label=\"3 of 6\"><figure class=\"swiper-slide-inner\"><img decoding=\"async\" class=\"swiper-slide-image\" src=\"https:\/\/uossc.ca\/wp-content\/uploads\/2019\/04\/sim-room-3.jpg\" alt=\"sim-room-3\" \/><\/figure><\/div><div class=\"swiper-slide\" role=\"group\" aria-roledescription=\"slide\" aria-label=\"4 of 6\"><figure class=\"swiper-slide-inner\"><img decoding=\"async\" class=\"swiper-slide-image\" src=\"https:\/\/uossc.ca\/wp-content\/uploads\/2019\/04\/sim-room-2.jpg\" alt=\"sim-room-2\" \/><\/figure><\/div><div class=\"swiper-slide\" role=\"group\" aria-roledescription=\"slide\" aria-label=\"5 of 6\"><figure class=\"swiper-slide-inner\"><img decoding=\"async\" class=\"swiper-slide-image\" src=\"https:\/\/uossc.ca\/wp-content\/uploads\/2019\/04\/sim-room-4.jpg\" alt=\"sim-room-4\" \/><\/figure><\/div><div class=\"swiper-slide\" role=\"group\" aria-roledescription=\"slide\" aria-label=\"6 of 6\"><figure class=\"swiper-slide-inner\"><img decoding=\"async\" class=\"swiper-slide-image\" src=\"https:\/\/uossc.ca\/wp-content\/uploads\/2019\/04\/exam_rooms.jpg\" alt=\"exam_rooms\" \/><\/figure><\/div>\t\t\t<\/div>\n\t\t\t\t\t\t\t\t\t\t\t\t<div class=\"elementor-swiper-button elementor-swiper-button-prev\" role=\"button\" tabindex=\"0\">\n\t\t\t\t\t\t<i aria-hidden=\"true\" class=\"eicon-chevron-left\"><\/i>\t\t\t\t\t<\/div>\n\t\t\t\t\t<div class=\"elementor-swiper-button elementor-swiper-button-next\" role=\"button\" tabindex=\"0\">\n\t\t\t\t\t\t<i aria-hidden=\"true\" class=\"eicon-chevron-right\"><\/i>\t\t\t\t\t<\/div>\n\t\t\t\t\n\t\t\t\t\t\t\t\t\t<\/div>\n\t\t\t\t\t\t<\/div>\n\t\t\t\t<\/div>\n\t\t\t\t\t<\/div>\n\t\t<\/div>\n\t\t\t\t\t<\/div>\n\t\t<\/section>\n\t\t\t\t<\/div>\n\t\t","protected":false},"excerpt":{"rendered":"<p>Le Centre de comp\u00e9tences et de simulation de l\u2019Universit\u00e9 d\u2019Ottawa dispose de quatre salles de simulation \u00e0 la fine pointe de la technologie, dont deux salles d\u2019op\u00e9ration, une salle de soins intensifs et une salle de travail et d\u2019accouchement pouvant aussi servir de salle d\u2019urgence. Ces salles respectent les normes cliniques \u00e9tablies, ce qui contribue [&hellip;]<\/p>\n","protected":false},"author":1,"featured_media":0,"parent":875,"menu_order":0,"comment_status":"closed","ping_status":"closed","template":"","meta":{"_acf_changed":false,"site-sidebar-layout":"no-sidebar","site-content-layout":"page-builder","ast-site-content-layout":"default","site-content-style":"default","site-sidebar-style":"default","ast-global-header-display":"","ast-banner-title-visibility":"","ast-main-header-display":"","ast-hfb-above-header-display":"","ast-hfb-below-header-display":"","ast-hfb-mobile-header-display":"","site-post-title":"disabled","ast-breadcrumbs-content":"","ast-featured-img":"disabled","footer-sml-layout":"","ast-disable-related-posts":"","theme-transparent-header-meta":"default","adv-header-id-meta":"","stick-header-meta":"","header-above-stick-meta":"","header-main-stick-meta":"","header-below-stick-meta":"","astra-migrate-meta-layouts":"default","ast-page-background-enabled":"default","ast-page-background-meta":{"desktop":{"background-color":"","background-image":"","background-repeat":"repeat","background-position":"center center","background-size":"auto","background-attachment":"scroll","background-type":"","background-media":"","overlay-type":"","overlay-color":"","overlay-opacity":"","overlay-gradient":""},"tablet":{"background-color":"","background-image":"","background-repeat":"repeat","background-position":"center center","background-size":"auto","background-attachment":"scroll","background-type":"","background-media":"","overlay-type":"","overlay-color":"","overlay-opacity":"","overlay-gradient":""},"mobile":{"background-color":"","background-image":"","background-repeat":"repeat","background-position":"center center","background-size":"auto","background-attachment":"scroll","background-type":"","background-media":"","overlay-type":"","overlay-color":"","overlay-opacity":"","overlay-gradient":""}},"ast-content-background-meta":{"desktop":{"background-color":"var(--ast-global-color-5)","background-image":"","background-repeat":"repeat","background-position":"center center","background-size":"auto","background-attachment":"scroll","background-type":"","background-media":"","overlay-type":"","overlay-color":"","overlay-opacity":"","overlay-gradient":""},"tablet":{"background-color":"var(--ast-global-color-5)","background-image":"","background-repeat":"repeat","background-position":"center center","background-size":"auto","background-attachment":"scroll","background-type":"","background-media":"","overlay-type":"","overlay-color":"","overlay-opacity":"","overlay-gradient":""},"mobile":{"background-color":"var(--ast-global-color-5)","background-image":"","background-repeat":"repeat","background-position":"center center","background-size":"auto","background-attachment":"scroll","background-type":"","background-media":"","overlay-type":"","overlay-color":"","overlay-opacity":"","overlay-gradient":""}},"footnotes":"","_links_to":"","_links_to_target":""},"class_list":["post-2795","page","type-page","status-publish","hentry"],"acf":[],"yoast_head":"<!-- This site is optimized with the Yoast SEO plugin v27.5 - https:\/\/yoast.com\/product\/yoast-seo-wordpress\/ -->\n<title>Centre de comp\u00e9tences et de simulation de l&#039;Universit\u00e9 d&#039;Ottawa - Simulation par jeux de r\u00f4le<\/title>\n<meta name=\"robots\" content=\"index, follow, max-snippet:-1, max-image-preview:large, max-video-preview:-1\" \/>\n<link rel=\"canonical\" href=\"https:\/\/uossc.ca\/fr\/ce-que-nous-offrons\/simulation-par-jeux-de-role\/\" \/>\n<meta property=\"og:locale\" content=\"fr_CA\" \/>\n<meta property=\"og:type\" content=\"article\" \/>\n<meta property=\"og:title\" content=\"Centre de comp\u00e9tences et de simulation de l&#039;Universit\u00e9 d&#039;Ottawa - Simulation par jeux de r\u00f4le\" \/>\n<meta property=\"og:description\" content=\"Le Centre de comp\u00e9tences et de simulation de l\u2019Universit\u00e9 d\u2019Ottawa dispose de quatre salles de simulation \u00e0 la fine pointe de la technologie, dont deux salles d\u2019op\u00e9ration, une salle de soins intensifs et une salle de travail et d\u2019accouchement pouvant aussi servir de salle d\u2019urgence. Ces salles respectent les normes cliniques \u00e9tablies, ce qui contribue [&hellip;]\" \/>\n<meta property=\"og:url\" content=\"https:\/\/uossc.ca\/fr\/ce-que-nous-offrons\/simulation-par-jeux-de-role\/\" \/>\n<meta property=\"og:site_name\" content=\"Centre de comp\u00e9tences et de simulation de l&#039;Universit\u00e9 d&#039;Ottawa\" \/>\n<meta property=\"article:modified_time\" content=\"2019-10-07T13:19:26+00:00\" \/>\n<meta property=\"og:image\" content=\"https:\/\/uossc.ca\/wp-content\/uploads\/2019\/04\/sim-room-0.jpg\" \/>\n<meta name=\"twitter:card\" content=\"summary_large_image\" \/>\n<meta name=\"twitter:site\" content=\"@uOSSC_CCSuO\" \/>\n<meta name=\"twitter:label1\" content=\"Estimation du temps de lecture\" \/>\n\t<meta name=\"twitter:data1\" content=\"1 minute\" \/>\n<script type=\"application\/ld+json\" class=\"yoast-schema-graph\">{\"@context\":\"https:\\\/\\\/schema.org\",\"@graph\":[{\"@type\":\"WebPage\",\"@id\":\"https:\\\/\\\/uossc.ca\\\/fr\\\/ce-que-nous-offrons\\\/simulation-par-jeux-de-role\\\/\",\"url\":\"https:\\\/\\\/uossc.ca\\\/fr\\\/ce-que-nous-offrons\\\/simulation-par-jeux-de-role\\\/\",\"name\":\"Centre de comp\u00e9tences et de simulation de l&#039;Universit\u00e9 d&#039;Ottawa - Simulation par jeux de r\u00f4le\",\"isPartOf\":{\"@id\":\"https:\\\/\\\/uossc.ca\\\/fr\\\/#website\"},\"primaryImageOfPage\":{\"@id\":\"https:\\\/\\\/uossc.ca\\\/fr\\\/ce-que-nous-offrons\\\/simulation-par-jeux-de-role\\\/#primaryimage\"},\"image\":{\"@id\":\"https:\\\/\\\/uossc.ca\\\/fr\\\/ce-que-nous-offrons\\\/simulation-par-jeux-de-role\\\/#primaryimage\"},\"thumbnailUrl\":\"https:\\\/\\\/uossc.ca\\\/wp-content\\\/uploads\\\/2019\\\/04\\\/sim-room-0.jpg\",\"datePublished\":\"2019-01-17T21:21:41+00:00\",\"dateModified\":\"2019-10-07T13:19:26+00:00\",\"breadcrumb\":{\"@id\":\"https:\\\/\\\/uossc.ca\\\/fr\\\/ce-que-nous-offrons\\\/simulation-par-jeux-de-role\\\/#breadcrumb\"},\"inLanguage\":\"fr-CA\",\"potentialAction\":[{\"@type\":\"ReadAction\",\"target\":[\"https:\\\/\\\/uossc.ca\\\/fr\\\/ce-que-nous-offrons\\\/simulation-par-jeux-de-role\\\/\"]}]},{\"@type\":\"ImageObject\",\"inLanguage\":\"fr-CA\",\"@id\":\"https:\\\/\\\/uossc.ca\\\/fr\\\/ce-que-nous-offrons\\\/simulation-par-jeux-de-role\\\/#primaryimage\",\"url\":\"https:\\\/\\\/uossc.ca\\\/wp-content\\\/uploads\\\/2019\\\/04\\\/sim-room-0.jpg\",\"contentUrl\":\"https:\\\/\\\/uossc.ca\\\/wp-content\\\/uploads\\\/2019\\\/04\\\/sim-room-0.jpg\"},{\"@type\":\"BreadcrumbList\",\"@id\":\"https:\\\/\\\/uossc.ca\\\/fr\\\/ce-que-nous-offrons\\\/simulation-par-jeux-de-role\\\/#breadcrumb\",\"itemListElement\":[{\"@type\":\"ListItem\",\"position\":1,\"name\":\"Home\",\"item\":\"https:\\\/\\\/uossc.ca\\\/fr\\\/\"},{\"@type\":\"ListItem\",\"position\":2,\"name\":\"Ce que nous offrons\",\"item\":\"https:\\\/\\\/uossc.ca\\\/fr\\\/ce-que-nous-offrons\\\/\"},{\"@type\":\"ListItem\",\"position\":3,\"name\":\"Simulation par jeux de r\u00f4le\"}]},{\"@type\":\"WebSite\",\"@id\":\"https:\\\/\\\/uossc.ca\\\/fr\\\/#website\",\"url\":\"https:\\\/\\\/uossc.ca\\\/fr\\\/\",\"name\":\"Centre de comp\u00e9tences et de simulation de l&#039;Universit\u00e9 d&#039;Ottawa\",\"description\":\"An international leader in collaborative simulation-based education.\",\"publisher\":{\"@id\":\"https:\\\/\\\/uossc.ca\\\/fr\\\/#organization\"},\"potentialAction\":[{\"@type\":\"SearchAction\",\"target\":{\"@type\":\"EntryPoint\",\"urlTemplate\":\"https:\\\/\\\/uossc.ca\\\/fr\\\/?s={search_term_string}\"},\"query-input\":{\"@type\":\"PropertyValueSpecification\",\"valueRequired\":true,\"valueName\":\"search_term_string\"}}],\"inLanguage\":\"fr-CA\"},{\"@type\":\"Organization\",\"@id\":\"https:\\\/\\\/uossc.ca\\\/fr\\\/#organization\",\"name\":\"The University of Ottawa Skills and Simulation Centre\",\"url\":\"https:\\\/\\\/uossc.ca\\\/fr\\\/\",\"logo\":{\"@type\":\"ImageObject\",\"inLanguage\":\"fr-CA\",\"@id\":\"https:\\\/\\\/uossc.ca\\\/fr\\\/#\\\/schema\\\/logo\\\/image\\\/\",\"url\":\"https:\\\/\\\/uossc.ca\\\/wp-content\\\/uploads\\\/2019\\\/07\\\/uossc-logo.jpg\",\"contentUrl\":\"https:\\\/\\\/uossc.ca\\\/wp-content\\\/uploads\\\/2019\\\/07\\\/uossc-logo.jpg\",\"width\":790,\"height\":92,\"caption\":\"The University of Ottawa Skills and Simulation Centre\"},\"image\":{\"@id\":\"https:\\\/\\\/uossc.ca\\\/fr\\\/#\\\/schema\\\/logo\\\/image\\\/\"},\"sameAs\":[\"https:\\\/\\\/x.com\\\/uOSSC_CCSuO\"]}]}<\/script>\n<!-- \/ Yoast SEO plugin. -->","yoast_head_json":{"title":"Centre de comp\u00e9tences et de simulation de l&#039;Universit\u00e9 d&#039;Ottawa - Simulation par jeux de r\u00f4le","robots":{"index":"index","follow":"follow","max-snippet":"max-snippet:-1","max-image-preview":"max-image-preview:large","max-video-preview":"max-video-preview:-1"},"canonical":"https:\/\/uossc.ca\/fr\/ce-que-nous-offrons\/simulation-par-jeux-de-role\/","og_locale":"fr_CA","og_type":"article","og_title":"Centre de comp\u00e9tences et de simulation de l&#039;Universit\u00e9 d&#039;Ottawa - Simulation par jeux de r\u00f4le","og_description":"Le Centre de comp\u00e9tences et de simulation de l\u2019Universit\u00e9 d\u2019Ottawa dispose de quatre salles de simulation \u00e0 la fine pointe de la technologie, dont deux salles d\u2019op\u00e9ration, une salle de soins intensifs et une salle de travail et d\u2019accouchement pouvant aussi servir de salle d\u2019urgence. Ces salles respectent les normes cliniques \u00e9tablies, ce qui contribue [&hellip;]","og_url":"https:\/\/uossc.ca\/fr\/ce-que-nous-offrons\/simulation-par-jeux-de-role\/","og_site_name":"Centre de comp\u00e9tences et de simulation de l&#039;Universit\u00e9 d&#039;Ottawa","article_modified_time":"2019-10-07T13:19:26+00:00","og_image":[{"url":"https:\/\/uossc.ca\/wp-content\/uploads\/2019\/04\/sim-room-0.jpg","type":"","width":"","height":""}],"twitter_card":"summary_large_image","twitter_site":"@uOSSC_CCSuO","twitter_misc":{"Estimation du temps de lecture":"1 minute"},"schema":{"@context":"https:\/\/schema.org","@graph":[{"@type":"WebPage","@id":"https:\/\/uossc.ca\/fr\/ce-que-nous-offrons\/simulation-par-jeux-de-role\/","url":"https:\/\/uossc.ca\/fr\/ce-que-nous-offrons\/simulation-par-jeux-de-role\/","name":"Centre de comp\u00e9tences et de simulation de l&#039;Universit\u00e9 d&#039;Ottawa - Simulation par jeux de r\u00f4le","isPartOf":{"@id":"https:\/\/uossc.ca\/fr\/#website"},"primaryImageOfPage":{"@id":"https:\/\/uossc.ca\/fr\/ce-que-nous-offrons\/simulation-par-jeux-de-role\/#primaryimage"},"image":{"@id":"https:\/\/uossc.ca\/fr\/ce-que-nous-offrons\/simulation-par-jeux-de-role\/#primaryimage"},"thumbnailUrl":"https:\/\/uossc.ca\/wp-content\/uploads\/2019\/04\/sim-room-0.jpg","datePublished":"2019-01-17T21:21:41+00:00","dateModified":"2019-10-07T13:19:26+00:00","breadcrumb":{"@id":"https:\/\/uossc.ca\/fr\/ce-que-nous-offrons\/simulation-par-jeux-de-role\/#breadcrumb"},"inLanguage":"fr-CA","potentialAction":[{"@type":"ReadAction","target":["https:\/\/uossc.ca\/fr\/ce-que-nous-offrons\/simulation-par-jeux-de-role\/"]}]},{"@type":"ImageObject","inLanguage":"fr-CA","@id":"https:\/\/uossc.ca\/fr\/ce-que-nous-offrons\/simulation-par-jeux-de-role\/#primaryimage","url":"https:\/\/uossc.ca\/wp-content\/uploads\/2019\/04\/sim-room-0.jpg","contentUrl":"https:\/\/uossc.ca\/wp-content\/uploads\/2019\/04\/sim-room-0.jpg"},{"@type":"BreadcrumbList","@id":"https:\/\/uossc.ca\/fr\/ce-que-nous-offrons\/simulation-par-jeux-de-role\/#breadcrumb","itemListElement":[{"@type":"ListItem","position":1,"name":"Home","item":"https:\/\/uossc.ca\/fr\/"},{"@type":"ListItem","position":2,"name":"Ce que nous offrons","item":"https:\/\/uossc.ca\/fr\/ce-que-nous-offrons\/"},{"@type":"ListItem","position":3,"name":"Simulation par jeux de r\u00f4le"}]},{"@type":"WebSite","@id":"https:\/\/uossc.ca\/fr\/#website","url":"https:\/\/uossc.ca\/fr\/","name":"Centre de comp\u00e9tences et de simulation de l&#039;Universit\u00e9 d&#039;Ottawa","description":"An international leader in collaborative simulation-based education.","publisher":{"@id":"https:\/\/uossc.ca\/fr\/#organization"},"potentialAction":[{"@type":"SearchAction","target":{"@type":"EntryPoint","urlTemplate":"https:\/\/uossc.ca\/fr\/?s={search_term_string}"},"query-input":{"@type":"PropertyValueSpecification","valueRequired":true,"valueName":"search_term_string"}}],"inLanguage":"fr-CA"},{"@type":"Organization","@id":"https:\/\/uossc.ca\/fr\/#organization","name":"The University of Ottawa Skills and Simulation Centre","url":"https:\/\/uossc.ca\/fr\/","logo":{"@type":"ImageObject","inLanguage":"fr-CA","@id":"https:\/\/uossc.ca\/fr\/#\/schema\/logo\/image\/","url":"https:\/\/uossc.ca\/wp-content\/uploads\/2019\/07\/uossc-logo.jpg","contentUrl":"https:\/\/uossc.ca\/wp-content\/uploads\/2019\/07\/uossc-logo.jpg","width":790,"height":92,"caption":"The University of Ottawa Skills and Simulation Centre"},"image":{"@id":"https:\/\/uossc.ca\/fr\/#\/schema\/logo\/image\/"},"sameAs":["https:\/\/x.com\/uOSSC_CCSuO"]}]}},"_links":{"self":[{"href":"https:\/\/uossc.ca\/fr\/wp-json\/wp\/v2\/pages\/2795","targetHints":{"allow":["GET"]}}],"collection":[{"href":"https:\/\/uossc.ca\/fr\/wp-json\/wp\/v2\/pages"}],"about":[{"href":"https:\/\/uossc.ca\/fr\/wp-json\/wp\/v2\/types\/page"}],"author":[{"embeddable":true,"href":"https:\/\/uossc.ca\/fr\/wp-json\/wp\/v2\/users\/1"}],"replies":[{"embeddable":true,"href":"https:\/\/uossc.ca\/fr\/wp-json\/wp\/v2\/comments?post=2795"}],"version-history":[{"count":4,"href":"https:\/\/uossc.ca\/fr\/wp-json\/wp\/v2\/pages\/2795\/revisions"}],"predecessor-version":[{"id":2800,"href":"https:\/\/uossc.ca\/fr\/wp-json\/wp\/v2\/pages\/2795\/revisions\/2800"}],"up":[{"embeddable":true,"href":"https:\/\/uossc.ca\/fr\/wp-json\/wp\/v2\/pages\/875"}],"wp:attachment":[{"href":"https:\/\/uossc.ca\/fr\/wp-json\/wp\/v2\/media?parent=2795"}],"curies":[{"name":"wp","href":"https:\/\/api.w.org\/{rel}","templated":true}]}}