{"id":2788,"date":"2019-09-23T12:22:33","date_gmt":"2019-09-23T16:22:33","guid":{"rendered":"https:\/\/uossc.ca\/ce-que-nous-offrons\/rencontres-structurees-avec-des-patients\/"},"modified":"2019-09-23T12:24:26","modified_gmt":"2019-09-23T16:24:26","slug":"rencontres-structurees-avec-des-patients","status":"publish","type":"page","link":"https:\/\/uossc.ca\/fr\/ce-que-nous-offrons\/rencontres-structurees-avec-des-patients\/","title":{"rendered":"Rencontres structur\u00e9es avec des patients"},"content":{"rendered":"\t\t<div data-elementor-type=\"wp-post\" data-elementor-id=\"2788\" class=\"elementor elementor-2788 elementor-38\" data-elementor-post-type=\"page\">\n\t\t\t\t\t\t<section class=\"elementor-section elementor-top-section elementor-element elementor-element-73d8aed elementor-section-boxed elementor-section-height-default elementor-section-height-default\" data-id=\"73d8aed\" data-element_type=\"section\" data-e-type=\"section\">\n\t\t\t\t\t\t<div class=\"elementor-container elementor-column-gap-default\">\n\t\t\t\t\t<div class=\"elementor-column elementor-col-100 elementor-top-column elementor-element elementor-element-9ee392c\" data-id=\"9ee392c\" data-element_type=\"column\" data-e-type=\"column\">\n\t\t\t<div class=\"elementor-widget-wrap elementor-element-populated\">\n\t\t\t\t\t\t<div class=\"elementor-element elementor-element-d3bedc7 elementor-widget elementor-widget-text-editor\" data-id=\"d3bedc7\" data-element_type=\"widget\" data-e-type=\"widget\" data-widget_type=\"text-editor.default\">\n\t\t\t\t<div class=\"elementor-widget-container\">\n\t\t\t\t\t\t\t\t\t<h2 style=\"text-align: center;\">Le Centre dispose de six salles d\u2019examen clinique.<\/h2>\n<p>Ces salles servent principalement aux rencontres structur\u00e9es avec des patients, aux cours de soins avanc\u00e9s de r\u00e9animation cardiorespiratoire, aux cours de soins imm\u00e9diats en r\u00e9animation cardiorespiratoire et \u00e0 la formation d\u2019\u00e9quipes. Chaque salle contient des lits ou des civi\u00e8res, des bonbonnes d\u2019oxyg\u00e8ne, des appareils \u00e0 succion, l\u2019\u00e9quipement m\u00e9dical de base, ainsi qu\u2019une cam\u00e9ra et un microphone pour enregistrer et visionner les simulations, ce qui renforce le processus d\u2019apprentissage.<\/p>\n\t\t\t\t\t\t\t\t<\/div>\n\t\t\t\t<\/div>\n\t\t\t\t\t<\/div>\n\t\t<\/div>\n\t\t\t\t\t<\/div>\n\t\t<\/section>\n\t\t\t\t<section class=\"elementor-section elementor-top-section elementor-element elementor-element-e7b42ac elementor-section-boxed elementor-section-height-default elementor-section-height-default\" data-id=\"e7b42ac\" data-element_type=\"section\" data-e-type=\"section\">\n\t\t\t\t\t\t<div class=\"elementor-container elementor-column-gap-default\">\n\t\t\t\t\t<div class=\"elementor-column elementor-col-100 elementor-top-column elementor-element elementor-element-5b84447\" data-id=\"5b84447\" data-element_type=\"column\" data-e-type=\"column\">\n\t\t\t<div class=\"elementor-widget-wrap elementor-element-populated\">\n\t\t\t\t\t\t<div class=\"elementor-element elementor-element-9961e44 elementor-arrows-position-outside elementor-widget elementor-widget-image-carousel\" data-id=\"9961e44\" data-element_type=\"widget\" data-e-type=\"widget\" data-settings=\"{&quot;slides_to_show&quot;:&quot;1&quot;,&quot;navigation&quot;:&quot;arrows&quot;,&quot;speed&quot;:2000,&quot;autoplay_speed&quot;:8000,&quot;infinite&quot;:&quot;no&quot;,&quot;autoplay&quot;:&quot;yes&quot;,&quot;pause_on_hover&quot;:&quot;yes&quot;,&quot;pause_on_interaction&quot;:&quot;yes&quot;,&quot;effect&quot;:&quot;slide&quot;}\" data-widget_type=\"image-carousel.default\">\n\t\t\t\t<div class=\"elementor-widget-container\">\n\t\t\t\t\t\t\t<div class=\"elementor-image-carousel-wrapper swiper\" role=\"region\" aria-roledescription=\"carousel\" aria-label=\"Carrousel d\u2019images\" dir=\"ltr\">\n\t\t\t<div class=\"elementor-image-carousel swiper-wrapper swiper-image-stretch\" aria-live=\"off\">\n\t\t\t\t\t\t\t\t<div class=\"swiper-slide\" role=\"group\" aria-roledescription=\"slide\" aria-label=\"1 of 3\"><figure class=\"swiper-slide-inner\"><img decoding=\"async\" class=\"swiper-slide-image\" src=\"https:\/\/uossc.ca\/wp-content\/uploads\/2019\/04\/exam-rooms-2.jpg\" alt=\"exam-rooms (2)\" \/><\/figure><\/div><div class=\"swiper-slide\" role=\"group\" aria-roledescription=\"slide\" aria-label=\"2 of 3\"><figure class=\"swiper-slide-inner\"><img decoding=\"async\" class=\"swiper-slide-image\" src=\"https:\/\/uossc.ca\/wp-content\/uploads\/2019\/04\/exam-rooms-3.jpg\" alt=\"exam-rooms (3)\" \/><\/figure><\/div><div class=\"swiper-slide\" role=\"group\" aria-roledescription=\"slide\" aria-label=\"3 of 3\"><figure class=\"swiper-slide-inner\"><img decoding=\"async\" class=\"swiper-slide-image\" src=\"https:\/\/uossc.ca\/wp-content\/uploads\/2019\/04\/exam-rooms-4.jpg\" alt=\"exam-rooms (4)\" \/><\/figure><\/div>\t\t\t<\/div>\n\t\t\t\t\t\t\t\t\t\t\t\t<div class=\"elementor-swiper-button elementor-swiper-button-prev\" role=\"button\" tabindex=\"0\">\n\t\t\t\t\t\t<i aria-hidden=\"true\" class=\"eicon-chevron-left\"><\/i>\t\t\t\t\t<\/div>\n\t\t\t\t\t<div class=\"elementor-swiper-button elementor-swiper-button-next\" role=\"button\" tabindex=\"0\">\n\t\t\t\t\t\t<i aria-hidden=\"true\" class=\"eicon-chevron-right\"><\/i>\t\t\t\t\t<\/div>\n\t\t\t\t\n\t\t\t\t\t\t\t\t\t<\/div>\n\t\t\t\t\t\t<\/div>\n\t\t\t\t<\/div>\n\t\t\t\t\t<\/div>\n\t\t<\/div>\n\t\t\t\t\t<\/div>\n\t\t<\/section>\n\t\t\t\t<\/div>\n\t\t","protected":false},"excerpt":{"rendered":"<p>Le Centre dispose de six salles d\u2019examen clinique. Ces salles servent principalement aux rencontres structur\u00e9es avec des patients, aux cours de soins avanc\u00e9s de r\u00e9animation cardiorespiratoire, aux cours de soins imm\u00e9diats en r\u00e9animation cardiorespiratoire et \u00e0 la formation d\u2019\u00e9quipes. Chaque salle contient des lits ou des civi\u00e8res, des bonbonnes d\u2019oxyg\u00e8ne, des appareils \u00e0 succion, l\u2019\u00e9quipement [&hellip;]<\/p>\n","protected":false},"author":1,"featured_media":0,"parent":875,"menu_order":0,"comment_status":"closed","ping_status":"closed","template":"","meta":{"_acf_changed":false,"site-sidebar-layout":"default","site-content-layout":"default","ast-site-content-layout":"default","site-content-style":"default","site-sidebar-style":"default","ast-global-header-display":"","ast-banner-title-visibility":"","ast-main-header-display":"","ast-hfb-above-header-display":"","ast-hfb-below-header-display":"","ast-hfb-mobile-header-display":"","site-post-title":"","ast-breadcrumbs-content":"","ast-featured-img":"","footer-sml-layout":"","ast-disable-related-posts":"","theme-transparent-header-meta":"default","adv-header-id-meta":"","stick-header-meta":"","header-above-stick-meta":"","header-main-stick-meta":"","header-below-stick-meta":"","astra-migrate-meta-layouts":"default","ast-page-background-enabled":"default","ast-page-background-meta":{"desktop":{"background-color":"","background-image":"","background-repeat":"repeat","background-position":"center center","background-size":"auto","background-attachment":"scroll","background-type":"","background-media":"","overlay-type":"","overlay-color":"","overlay-opacity":"","overlay-gradient":""},"tablet":{"background-color":"","background-image":"","background-repeat":"repeat","background-position":"center center","background-size":"auto","background-attachment":"scroll","background-type":"","background-media":"","overlay-type":"","overlay-color":"","overlay-opacity":"","overlay-gradient":""},"mobile":{"background-color":"","background-image":"","background-repeat":"repeat","background-position":"center center","background-size":"auto","background-attachment":"scroll","background-type":"","background-media":"","overlay-type":"","overlay-color":"","overlay-opacity":"","overlay-gradient":""}},"ast-content-background-meta":{"desktop":{"background-color":"var(--ast-global-color-5)","background-image":"","background-repeat":"repeat","background-position":"center center","background-size":"auto","background-attachment":"scroll","background-type":"","background-media":"","overlay-type":"","overlay-color":"","overlay-opacity":"","overlay-gradient":""},"tablet":{"background-color":"var(--ast-global-color-5)","background-image":"","background-repeat":"repeat","background-position":"center center","background-size":"auto","background-attachment":"scroll","background-type":"","background-media":"","overlay-type":"","overlay-color":"","overlay-opacity":"","overlay-gradient":""},"mobile":{"background-color":"var(--ast-global-color-5)","background-image":"","background-repeat":"repeat","background-position":"center center","background-size":"auto","background-attachment":"scroll","background-type":"","background-media":"","overlay-type":"","overlay-color":"","overlay-opacity":"","overlay-gradient":""}},"footnotes":"","_links_to":"","_links_to_target":""},"class_list":["post-2788","page","type-page","status-publish","hentry"],"acf":[],"yoast_head":"<!-- This site is optimized with the Yoast SEO plugin v27.5 - https:\/\/yoast.com\/product\/yoast-seo-wordpress\/ -->\n<title>Centre de comp\u00e9tences et de simulation de l&#039;Universit\u00e9 d&#039;Ottawa - Rencontres structur\u00e9es avec des patients<\/title>\n<meta name=\"robots\" content=\"index, follow, max-snippet:-1, max-image-preview:large, max-video-preview:-1\" \/>\n<link rel=\"canonical\" href=\"https:\/\/uossc.ca\/fr\/ce-que-nous-offrons\/rencontres-structurees-avec-des-patients\/\" \/>\n<meta property=\"og:locale\" content=\"fr_CA\" \/>\n<meta property=\"og:type\" content=\"article\" \/>\n<meta property=\"og:title\" content=\"Centre de comp\u00e9tences et de simulation de l&#039;Universit\u00e9 d&#039;Ottawa - Rencontres structur\u00e9es avec des patients\" \/>\n<meta property=\"og:description\" content=\"Le Centre dispose de six salles d\u2019examen clinique. Ces salles servent principalement aux rencontres structur\u00e9es avec des patients, aux cours de soins avanc\u00e9s de r\u00e9animation cardiorespiratoire, aux cours de soins imm\u00e9diats en r\u00e9animation cardiorespiratoire et \u00e0 la formation d\u2019\u00e9quipes. Chaque salle contient des lits ou des civi\u00e8res, des bonbonnes d\u2019oxyg\u00e8ne, des appareils \u00e0 succion, l\u2019\u00e9quipement [&hellip;]\" \/>\n<meta property=\"og:url\" content=\"https:\/\/uossc.ca\/fr\/ce-que-nous-offrons\/rencontres-structurees-avec-des-patients\/\" \/>\n<meta property=\"og:site_name\" content=\"Centre de comp\u00e9tences et de simulation de l&#039;Universit\u00e9 d&#039;Ottawa\" \/>\n<meta property=\"article:modified_time\" content=\"2019-09-23T16:24:26+00:00\" \/>\n<meta property=\"og:image\" content=\"https:\/\/uossc.ca\/wp-content\/uploads\/2019\/04\/exam-rooms-2.jpg\" \/>\n<meta name=\"twitter:card\" content=\"summary_large_image\" \/>\n<meta name=\"twitter:site\" content=\"@uOSSC_CCSuO\" \/>\n<script type=\"application\/ld+json\" class=\"yoast-schema-graph\">{\"@context\":\"https:\\\/\\\/schema.org\",\"@graph\":[{\"@type\":\"WebPage\",\"@id\":\"https:\\\/\\\/uossc.ca\\\/fr\\\/ce-que-nous-offrons\\\/rencontres-structurees-avec-des-patients\\\/\",\"url\":\"https:\\\/\\\/uossc.ca\\\/fr\\\/ce-que-nous-offrons\\\/rencontres-structurees-avec-des-patients\\\/\",\"name\":\"Centre de comp\u00e9tences et de simulation de l&#039;Universit\u00e9 d&#039;Ottawa - Rencontres structur\u00e9es avec des patients\",\"isPartOf\":{\"@id\":\"https:\\\/\\\/uossc.ca\\\/fr\\\/#website\"},\"primaryImageOfPage\":{\"@id\":\"https:\\\/\\\/uossc.ca\\\/fr\\\/ce-que-nous-offrons\\\/rencontres-structurees-avec-des-patients\\\/#primaryimage\"},\"image\":{\"@id\":\"https:\\\/\\\/uossc.ca\\\/fr\\\/ce-que-nous-offrons\\\/rencontres-structurees-avec-des-patients\\\/#primaryimage\"},\"thumbnailUrl\":\"https:\\\/\\\/uossc.ca\\\/wp-content\\\/uploads\\\/2019\\\/04\\\/exam-rooms-2.jpg\",\"datePublished\":\"2019-09-23T16:22:33+00:00\",\"dateModified\":\"2019-09-23T16:24:26+00:00\",\"breadcrumb\":{\"@id\":\"https:\\\/\\\/uossc.ca\\\/fr\\\/ce-que-nous-offrons\\\/rencontres-structurees-avec-des-patients\\\/#breadcrumb\"},\"inLanguage\":\"fr-CA\",\"potentialAction\":[{\"@type\":\"ReadAction\",\"target\":[\"https:\\\/\\\/uossc.ca\\\/fr\\\/ce-que-nous-offrons\\\/rencontres-structurees-avec-des-patients\\\/\"]}]},{\"@type\":\"ImageObject\",\"inLanguage\":\"fr-CA\",\"@id\":\"https:\\\/\\\/uossc.ca\\\/fr\\\/ce-que-nous-offrons\\\/rencontres-structurees-avec-des-patients\\\/#primaryimage\",\"url\":\"https:\\\/\\\/uossc.ca\\\/wp-content\\\/uploads\\\/2019\\\/04\\\/exam-rooms-2.jpg\",\"contentUrl\":\"https:\\\/\\\/uossc.ca\\\/wp-content\\\/uploads\\\/2019\\\/04\\\/exam-rooms-2.jpg\"},{\"@type\":\"BreadcrumbList\",\"@id\":\"https:\\\/\\\/uossc.ca\\\/fr\\\/ce-que-nous-offrons\\\/rencontres-structurees-avec-des-patients\\\/#breadcrumb\",\"itemListElement\":[{\"@type\":\"ListItem\",\"position\":1,\"name\":\"Home\",\"item\":\"https:\\\/\\\/uossc.ca\\\/fr\\\/\"},{\"@type\":\"ListItem\",\"position\":2,\"name\":\"Ce que nous offrons\",\"item\":\"https:\\\/\\\/uossc.ca\\\/fr\\\/ce-que-nous-offrons\\\/\"},{\"@type\":\"ListItem\",\"position\":3,\"name\":\"Rencontres structur\u00e9es avec des patients\"}]},{\"@type\":\"WebSite\",\"@id\":\"https:\\\/\\\/uossc.ca\\\/fr\\\/#website\",\"url\":\"https:\\\/\\\/uossc.ca\\\/fr\\\/\",\"name\":\"Centre de comp\u00e9tences et de simulation de l&#039;Universit\u00e9 d&#039;Ottawa\",\"description\":\"An international leader in collaborative simulation-based education.\",\"publisher\":{\"@id\":\"https:\\\/\\\/uossc.ca\\\/fr\\\/#organization\"},\"potentialAction\":[{\"@type\":\"SearchAction\",\"target\":{\"@type\":\"EntryPoint\",\"urlTemplate\":\"https:\\\/\\\/uossc.ca\\\/fr\\\/?s={search_term_string}\"},\"query-input\":{\"@type\":\"PropertyValueSpecification\",\"valueRequired\":true,\"valueName\":\"search_term_string\"}}],\"inLanguage\":\"fr-CA\"},{\"@type\":\"Organization\",\"@id\":\"https:\\\/\\\/uossc.ca\\\/fr\\\/#organization\",\"name\":\"The University of Ottawa Skills and Simulation Centre\",\"url\":\"https:\\\/\\\/uossc.ca\\\/fr\\\/\",\"logo\":{\"@type\":\"ImageObject\",\"inLanguage\":\"fr-CA\",\"@id\":\"https:\\\/\\\/uossc.ca\\\/fr\\\/#\\\/schema\\\/logo\\\/image\\\/\",\"url\":\"https:\\\/\\\/uossc.ca\\\/wp-content\\\/uploads\\\/2019\\\/07\\\/uossc-logo.jpg\",\"contentUrl\":\"https:\\\/\\\/uossc.ca\\\/wp-content\\\/uploads\\\/2019\\\/07\\\/uossc-logo.jpg\",\"width\":790,\"height\":92,\"caption\":\"The University of Ottawa Skills and Simulation Centre\"},\"image\":{\"@id\":\"https:\\\/\\\/uossc.ca\\\/fr\\\/#\\\/schema\\\/logo\\\/image\\\/\"},\"sameAs\":[\"https:\\\/\\\/x.com\\\/uOSSC_CCSuO\"]}]}<\/script>\n<!-- \/ Yoast SEO plugin. -->","yoast_head_json":{"title":"Centre de comp\u00e9tences et de simulation de l&#039;Universit\u00e9 d&#039;Ottawa - Rencontres structur\u00e9es avec des patients","robots":{"index":"index","follow":"follow","max-snippet":"max-snippet:-1","max-image-preview":"max-image-preview:large","max-video-preview":"max-video-preview:-1"},"canonical":"https:\/\/uossc.ca\/fr\/ce-que-nous-offrons\/rencontres-structurees-avec-des-patients\/","og_locale":"fr_CA","og_type":"article","og_title":"Centre de comp\u00e9tences et de simulation de l&#039;Universit\u00e9 d&#039;Ottawa - Rencontres structur\u00e9es avec des patients","og_description":"Le Centre dispose de six salles d\u2019examen clinique. Ces salles servent principalement aux rencontres structur\u00e9es avec des patients, aux cours de soins avanc\u00e9s de r\u00e9animation cardiorespiratoire, aux cours de soins imm\u00e9diats en r\u00e9animation cardiorespiratoire et \u00e0 la formation d\u2019\u00e9quipes. Chaque salle contient des lits ou des civi\u00e8res, des bonbonnes d\u2019oxyg\u00e8ne, des appareils \u00e0 succion, l\u2019\u00e9quipement [&hellip;]","og_url":"https:\/\/uossc.ca\/fr\/ce-que-nous-offrons\/rencontres-structurees-avec-des-patients\/","og_site_name":"Centre de comp\u00e9tences et de simulation de l&#039;Universit\u00e9 d&#039;Ottawa","article_modified_time":"2019-09-23T16:24:26+00:00","og_image":[{"url":"https:\/\/uossc.ca\/wp-content\/uploads\/2019\/04\/exam-rooms-2.jpg","type":"","width":"","height":""}],"twitter_card":"summary_large_image","twitter_site":"@uOSSC_CCSuO","schema":{"@context":"https:\/\/schema.org","@graph":[{"@type":"WebPage","@id":"https:\/\/uossc.ca\/fr\/ce-que-nous-offrons\/rencontres-structurees-avec-des-patients\/","url":"https:\/\/uossc.ca\/fr\/ce-que-nous-offrons\/rencontres-structurees-avec-des-patients\/","name":"Centre de comp\u00e9tences et de simulation de l&#039;Universit\u00e9 d&#039;Ottawa - Rencontres structur\u00e9es avec des patients","isPartOf":{"@id":"https:\/\/uossc.ca\/fr\/#website"},"primaryImageOfPage":{"@id":"https:\/\/uossc.ca\/fr\/ce-que-nous-offrons\/rencontres-structurees-avec-des-patients\/#primaryimage"},"image":{"@id":"https:\/\/uossc.ca\/fr\/ce-que-nous-offrons\/rencontres-structurees-avec-des-patients\/#primaryimage"},"thumbnailUrl":"https:\/\/uossc.ca\/wp-content\/uploads\/2019\/04\/exam-rooms-2.jpg","datePublished":"2019-09-23T16:22:33+00:00","dateModified":"2019-09-23T16:24:26+00:00","breadcrumb":{"@id":"https:\/\/uossc.ca\/fr\/ce-que-nous-offrons\/rencontres-structurees-avec-des-patients\/#breadcrumb"},"inLanguage":"fr-CA","potentialAction":[{"@type":"ReadAction","target":["https:\/\/uossc.ca\/fr\/ce-que-nous-offrons\/rencontres-structurees-avec-des-patients\/"]}]},{"@type":"ImageObject","inLanguage":"fr-CA","@id":"https:\/\/uossc.ca\/fr\/ce-que-nous-offrons\/rencontres-structurees-avec-des-patients\/#primaryimage","url":"https:\/\/uossc.ca\/wp-content\/uploads\/2019\/04\/exam-rooms-2.jpg","contentUrl":"https:\/\/uossc.ca\/wp-content\/uploads\/2019\/04\/exam-rooms-2.jpg"},{"@type":"BreadcrumbList","@id":"https:\/\/uossc.ca\/fr\/ce-que-nous-offrons\/rencontres-structurees-avec-des-patients\/#breadcrumb","itemListElement":[{"@type":"ListItem","position":1,"name":"Home","item":"https:\/\/uossc.ca\/fr\/"},{"@type":"ListItem","position":2,"name":"Ce que nous offrons","item":"https:\/\/uossc.ca\/fr\/ce-que-nous-offrons\/"},{"@type":"ListItem","position":3,"name":"Rencontres structur\u00e9es avec des patients"}]},{"@type":"WebSite","@id":"https:\/\/uossc.ca\/fr\/#website","url":"https:\/\/uossc.ca\/fr\/","name":"Centre de comp\u00e9tences et de simulation de l&#039;Universit\u00e9 d&#039;Ottawa","description":"An international leader in collaborative simulation-based education.","publisher":{"@id":"https:\/\/uossc.ca\/fr\/#organization"},"potentialAction":[{"@type":"SearchAction","target":{"@type":"EntryPoint","urlTemplate":"https:\/\/uossc.ca\/fr\/?s={search_term_string}"},"query-input":{"@type":"PropertyValueSpecification","valueRequired":true,"valueName":"search_term_string"}}],"inLanguage":"fr-CA"},{"@type":"Organization","@id":"https:\/\/uossc.ca\/fr\/#organization","name":"The University of Ottawa Skills and Simulation Centre","url":"https:\/\/uossc.ca\/fr\/","logo":{"@type":"ImageObject","inLanguage":"fr-CA","@id":"https:\/\/uossc.ca\/fr\/#\/schema\/logo\/image\/","url":"https:\/\/uossc.ca\/wp-content\/uploads\/2019\/07\/uossc-logo.jpg","contentUrl":"https:\/\/uossc.ca\/wp-content\/uploads\/2019\/07\/uossc-logo.jpg","width":790,"height":92,"caption":"The University of Ottawa Skills and Simulation Centre"},"image":{"@id":"https:\/\/uossc.ca\/fr\/#\/schema\/logo\/image\/"},"sameAs":["https:\/\/x.com\/uOSSC_CCSuO"]}]}},"_links":{"self":[{"href":"https:\/\/uossc.ca\/fr\/wp-json\/wp\/v2\/pages\/2788","targetHints":{"allow":["GET"]}}],"collection":[{"href":"https:\/\/uossc.ca\/fr\/wp-json\/wp\/v2\/pages"}],"about":[{"href":"https:\/\/uossc.ca\/fr\/wp-json\/wp\/v2\/types\/page"}],"author":[{"embeddable":true,"href":"https:\/\/uossc.ca\/fr\/wp-json\/wp\/v2\/users\/1"}],"replies":[{"embeddable":true,"href":"https:\/\/uossc.ca\/fr\/wp-json\/wp\/v2\/comments?post=2788"}],"version-history":[{"count":5,"href":"https:\/\/uossc.ca\/fr\/wp-json\/wp\/v2\/pages\/2788\/revisions"}],"predecessor-version":[{"id":2794,"href":"https:\/\/uossc.ca\/fr\/wp-json\/wp\/v2\/pages\/2788\/revisions\/2794"}],"up":[{"embeddable":true,"href":"https:\/\/uossc.ca\/fr\/wp-json\/wp\/v2\/pages\/875"}],"wp:attachment":[{"href":"https:\/\/uossc.ca\/fr\/wp-json\/wp\/v2\/media?parent=2788"}],"curies":[{"name":"wp","href":"https:\/\/api.w.org\/{rel}","templated":true}]}}