{"id":2773,"date":"2019-09-23T11:55:57","date_gmt":"2019-09-23T15:55:57","guid":{"rendered":"https:\/\/uossc.ca\/activites-publiques-et-formations-d%ca%bcequipes\/medecin-dun-jour\/"},"modified":"2022-10-05T14:23:48","modified_gmt":"2022-10-05T18:23:48","slug":"medecin-dun-jour","status":"publish","type":"page","link":"https:\/\/uossc.ca\/fr\/activites-publiques-et-formations-d%ca%bcequipes\/medecin-dun-jour\/","title":{"rendered":"M\u00e9decin d\u2019un jour"},"content":{"rendered":"\t\t<div data-elementor-type=\"wp-post\" data-elementor-id=\"2773\" class=\"elementor elementor-2773 elementor-44\" data-elementor-post-type=\"page\">\n\t\t\t\t\t\t<section class=\"elementor-section elementor-top-section elementor-element elementor-element-33234ac elementor-section-boxed elementor-section-height-default elementor-section-height-default\" data-id=\"33234ac\" data-element_type=\"section\" data-e-type=\"section\">\n\t\t\t\t\t\t<div class=\"elementor-container elementor-column-gap-default\">\n\t\t\t\t\t<div class=\"elementor-column elementor-col-100 elementor-top-column elementor-element elementor-element-5ee4909\" data-id=\"5ee4909\" data-element_type=\"column\" data-e-type=\"column\">\n\t\t\t<div class=\"elementor-widget-wrap elementor-element-populated\">\n\t\t\t\t\t\t\t<\/div>\n\t\t<\/div>\n\t\t\t\t\t<\/div>\n\t\t<\/section>\n\t\t\t\t<section class=\"elementor-section elementor-top-section elementor-element elementor-element-bb37a87 elementor-section-boxed elementor-section-height-default elementor-section-height-default\" data-id=\"bb37a87\" data-element_type=\"section\" data-e-type=\"section\">\n\t\t\t\t\t\t<div class=\"elementor-container elementor-column-gap-default\">\n\t\t\t\t\t<div class=\"elementor-column elementor-col-100 elementor-top-column elementor-element elementor-element-d740bb1\" data-id=\"d740bb1\" data-element_type=\"column\" data-e-type=\"column\">\n\t\t\t<div class=\"elementor-widget-wrap elementor-element-populated\">\n\t\t\t\t\t\t<div class=\"elementor-element elementor-element-84d929d elementor-widget elementor-widget-text-editor\" data-id=\"84d929d\" data-element_type=\"widget\" data-e-type=\"widget\" data-widget_type=\"text-editor.default\">\n\t\t\t\t<div class=\"elementor-widget-container\">\n\t\t\t\t\t\t\t\t\t<h2>Le Centre de comp\u00e9tences et de simulation de l\u2019Universit\u00e9 d\u2019Ottawa est un centre de formation \u00e0 la fine pointe de la technologie pour les professionnels de la sant\u00e9.<\/h2>\n<p>Sp\u00e9cialis\u00e9 dans la formation technique et l\u2019apprentissage des m\u00e9thodes de gestion des urgences m\u00e9dicales dans des salles d\u2019op\u00e9ration simul\u00e9e, le Centre de comp\u00e9tences et de simulation aide les professionnels de la sant\u00e9 et leur rel\u00e8ve \u00e0 fournir des soins de calibre mondial aux patients d\u2019Ottawa.<\/p>\n\t\t\t\t\t\t\t\t<\/div>\n\t\t\t\t<\/div>\n\t\t\t\t<div class=\"elementor-element elementor-element-f2a3f6f elementor-widget elementor-widget-heading\" data-id=\"f2a3f6f\" data-element_type=\"widget\" data-e-type=\"widget\" data-widget_type=\"heading.default\">\n\t\t\t\t<div class=\"elementor-widget-container\">\n\t\t\t\t\t<p class=\"elementor-heading-title elementor-size-medium\">Or, pourquoi les m\u00e9decins et les infirmi\u00e8res devraient-ils \u00eatre les seuls \u00e0 pouvoir apprendre en s\u2019amusant?<\/p>\t\t\t\t<\/div>\n\t\t\t\t<\/div>\n\t\t\t\t<div class=\"elementor-element elementor-element-3a57485 elementor-widget elementor-widget-text-editor\" data-id=\"3a57485\" data-element_type=\"widget\" data-e-type=\"widget\" data-widget_type=\"text-editor.default\">\n\t\t\t\t<div class=\"elementor-widget-container\">\n\t\t\t\t\t\t\t\t\t<p>Il vous est certainement d\u00e9j\u00e0 arriv\u00e9 de regarder un \u00e9pisode de la s\u00e9rie <em>Urgences<\/em> ou <em>D<sup>re<\/sup> Grey, le\u00e7ons d\u2019anatomie<\/em> et de vous imaginer dans le r\u00f4le d\u2019un des m\u00e9decins. La Mini\u00e9cole de m\u00e9decine de l\u2019Universit\u00e9 d\u2019Ottawa vous en offre l\u2019occasion! Notre activit\u00e9 \u00ab\u2009M\u00e9decin d\u2019un jour\u2009\u00bb vous offre la chance de vous retrouver dans la peau d\u2019un m\u00e9decin au sein d\u2019une \u00e9quipe m\u00e9dicale.<\/p>\n\t\t\t\t\t\t\t\t<\/div>\n\t\t\t\t<\/div>\n\t\t\t\t\t<\/div>\n\t\t<\/div>\n\t\t\t\t\t<\/div>\n\t\t<\/section>\n\t\t\t\t<section class=\"elementor-section elementor-top-section elementor-element elementor-element-74b02c8 elementor-section-full_width elementor-reverse-mobile elementor-section-height-default elementor-section-height-default\" data-id=\"74b02c8\" data-element_type=\"section\" data-e-type=\"section\" data-settings=\"{&quot;background_background&quot;:&quot;classic&quot;}\">\n\t\t\t\t\t\t<div class=\"elementor-container elementor-column-gap-default\">\n\t\t\t\t\t<div class=\"elementor-column elementor-col-50 elementor-top-column elementor-element elementor-element-4840d33\" data-id=\"4840d33\" data-element_type=\"column\" data-e-type=\"column\" data-settings=\"{&quot;background_background&quot;:&quot;classic&quot;}\">\n\t\t\t<div class=\"elementor-widget-wrap elementor-element-populated\">\n\t\t\t\t\t\t<div class=\"elementor-element elementor-element-672533d elementor-widget elementor-widget-heading\" data-id=\"672533d\" data-element_type=\"widget\" data-e-type=\"widget\" data-widget_type=\"heading.default\">\n\t\t\t\t<div class=\"elementor-widget-container\">\n\t\t\t\t\t<p class=\"elementor-heading-title elementor-size-large\">L\u2019exp\u00e9rience inclut les activit\u00e9s suivantes :<\/p>\t\t\t\t<\/div>\n\t\t\t\t<\/div>\n\t\t\t\t<div class=\"elementor-element elementor-element-b6dbdcb elementor-icon-list--layout-traditional elementor-list-item-link-full_width elementor-widget elementor-widget-icon-list\" data-id=\"b6dbdcb\" data-element_type=\"widget\" data-e-type=\"widget\" data-widget_type=\"icon-list.default\">\n\t\t\t\t<div class=\"elementor-widget-container\">\n\t\t\t\t\t\t\t<ul class=\"elementor-icon-list-items\">\n\t\t\t\t\t\t\t<li class=\"elementor-icon-list-item\">\n\t\t\t\t\t\t\t\t\t\t\t<span class=\"elementor-icon-list-icon\">\n\t\t\t\t\t\t\t\t\t\t\t\t\t\t\t\t<i class=\"fa fa-check\" aria-hidden=\"true\"><\/i>\n\t\t\t\t\t\t\t\t\t\t\t\t\t<\/span>\n\t\t\t\t\t\t\t\t\t\t<span class=\"elementor-icon-list-text\">Faire des points de suture pour des blessures mineures sur une peau synth\u00e9tique<\/span>\n\t\t\t\t\t\t\t\t\t<\/li>\n\t\t\t\t\t\t\t\t<li class=\"elementor-icon-list-item\">\n\t\t\t\t\t\t\t\t\t\t\t<span class=\"elementor-icon-list-icon\">\n\t\t\t\t\t\t\t\t\t\t\t\t\t\t\t\t<i class=\"fa fa-check\" aria-hidden=\"true\"><\/i>\n\t\t\t\t\t\t\t\t\t\t\t\t\t<\/span>\n\t\t\t\t\t\t\t\t\t\t<span class=\"elementor-icon-list-text\">Effectuer une laparoscopie (toute petite incision) sur des simulateurs vid\u00e9o<\/span>\n\t\t\t\t\t\t\t\t\t<\/li>\n\t\t\t\t\t\t\t\t<li class=\"elementor-icon-list-item\">\n\t\t\t\t\t\t\t\t\t\t\t<span class=\"elementor-icon-list-icon\">\n\t\t\t\t\t\t\t\t\t\t\t\t\t\t\t\t<i class=\"fa fa-check\" aria-hidden=\"true\"><\/i>\n\t\t\t\t\t\t\t\t\t\t\t\t\t<\/span>\n\t\t\t\t\t\t\t\t\t\t<span class=\"elementor-icon-list-text\">Pratiquer un accouchement par simulation<\/span>\n\t\t\t\t\t\t\t\t\t<\/li>\n\t\t\t\t\t\t\t\t<li class=\"elementor-icon-list-item\">\n\t\t\t\t\t\t\t\t\t\t\t<span class=\"elementor-icon-list-icon\">\n\t\t\t\t\t\t\t\t\t\t\t\t\t\t\t\t<i class=\"fa fa-check\" aria-hidden=\"true\"><\/i>\n\t\t\t\t\t\t\t\t\t\t\t\t\t<\/span>\n\t\t\t\t\t\t\t\t\t\t<span class=\"elementor-icon-list-text\">R\u00e9animer une personne bless\u00e9e par un tir<\/span>\n\t\t\t\t\t\t\t\t\t<\/li>\n\t\t\t\t\t\t\t\t<li class=\"elementor-icon-list-item\">\n\t\t\t\t\t\t\t\t\t\t\t<span class=\"elementor-icon-list-icon\">\n\t\t\t\t\t\t\t\t\t\t\t\t\t\t\t\t<i class=\"fa fa-check\" aria-hidden=\"true\"><\/i>\n\t\t\t\t\t\t\t\t\t\t\t\t\t<\/span>\n\t\t\t\t\t\t\t\t\t\t<span class=\"elementor-icon-list-text\">Faire une intubation<\/span>\n\t\t\t\t\t\t\t\t\t<\/li>\n\t\t\t\t\t\t\t\t<li class=\"elementor-icon-list-item\">\n\t\t\t\t\t\t\t\t\t\t\t<span class=\"elementor-icon-list-icon\">\n\t\t\t\t\t\t\t\t\t\t\t\t\t\t\t\t<i class=\"fa fa-check\" aria-hidden=\"true\"><\/i>\n\t\t\t\t\t\t\t\t\t\t\t\t\t<\/span>\n\t\t\t\t\t\t\t\t\t\t<span class=\"elementor-icon-list-text\">Utiliser un d\u00e9fibrillateur sur un mannequin en arr\u00eat cardiaque<\/span>\n\t\t\t\t\t\t\t\t\t<\/li>\n\t\t\t\t\t\t<\/ul>\n\t\t\t\t\t\t<\/div>\n\t\t\t\t<\/div>\n\t\t\t\t<div class=\"elementor-element elementor-element-c21084b elementor-widget elementor-widget-heading\" data-id=\"c21084b\" data-element_type=\"widget\" data-e-type=\"widget\" data-widget_type=\"heading.default\">\n\t\t\t\t<div class=\"elementor-widget-container\">\n\t\t\t\t\t<p class=\"elementor-heading-title elementor-size-medium\">Durant cette activit\u00e9 d\u2019une demi-journ\u00e9e, les participants pourront obtenir diff\u00e9rentes exp\u00e9riences de simulation et formations au Centre de comp\u00e9tences et de simulation.<\/p>\t\t\t\t<\/div>\n\t\t\t\t<\/div>\n\t\t\t\t<div class=\"elementor-element elementor-element-fe92a27 elementor-widget elementor-widget-button\" data-id=\"fe92a27\" data-element_type=\"widget\" data-e-type=\"widget\" data-widget_type=\"button.default\">\n\t\t\t\t<div class=\"elementor-widget-container\">\n\t\t\t\t\t\t\t\t\t<div class=\"elementor-button-wrapper\">\n\t\t\t\t\t<a class=\"elementor-button elementor-button-link elementor-size-sm\" href=\"https:\/\/uossc.ca\/fr\/reservations\/\">\n\t\t\t\t\t\t<span class=\"elementor-button-content-wrapper\">\n\t\t\t\t\t\t\t\t\t<span class=\"elementor-button-text\">R\u00c9SERVATIONS<\/span>\n\t\t\t\t\t<\/span>\n\t\t\t\t\t<\/a>\n\t\t\t\t<\/div>\n\t\t\t\t\t\t\t\t<\/div>\n\t\t\t\t<\/div>\n\t\t\t\t\t<\/div>\n\t\t<\/div>\n\t\t\t\t<div class=\"elementor-column elementor-col-50 elementor-top-column elementor-element elementor-element-21d0115 uossc-angle\" data-id=\"21d0115\" data-element_type=\"column\" data-e-type=\"column\">\n\t\t\t<div class=\"elementor-widget-wrap elementor-element-populated\">\n\t\t\t\t\t\t<div class=\"elementor-element elementor-element-399d65a elementor-widget elementor-widget-spacer\" data-id=\"399d65a\" data-element_type=\"widget\" data-e-type=\"widget\" data-widget_type=\"spacer.default\">\n\t\t\t\t<div class=\"elementor-widget-container\">\n\t\t\t\t\t\t\t<div class=\"elementor-spacer\">\n\t\t\t<div class=\"elementor-spacer-inner\"><\/div>\n\t\t<\/div>\n\t\t\t\t\t\t<\/div>\n\t\t\t\t<\/div>\n\t\t\t\t\t<\/div>\n\t\t<\/div>\n\t\t\t\t\t<\/div>\n\t\t<\/section>\n\t\t\t\t<section class=\"elementor-section elementor-top-section elementor-element elementor-element-2936736 elementor-section-boxed elementor-section-height-default elementor-section-height-default\" data-id=\"2936736\" data-element_type=\"section\" data-e-type=\"section\">\n\t\t\t\t\t\t<div class=\"elementor-container elementor-column-gap-default\">\n\t\t\t\t\t<div class=\"elementor-column elementor-col-100 elementor-top-column elementor-element elementor-element-655b64a\" data-id=\"655b64a\" data-element_type=\"column\" data-e-type=\"column\">\n\t\t\t<div class=\"elementor-widget-wrap elementor-element-populated\">\n\t\t\t\t\t\t<div class=\"elementor-element elementor-element-7056467 elementor-widget elementor-widget-text-editor\" data-id=\"7056467\" data-element_type=\"widget\" data-e-type=\"widget\" data-widget_type=\"text-editor.default\">\n\t\t\t\t<div class=\"elementor-widget-container\">\n\t\t\t\t\t\t\t\t\t<h2 style=\"text-align: center;\">Mini\u00e9cole de m\u00e9decine<\/h2>\n<p>Affili\u00e9 \u00e0 la Mini\u00e9cole de m\u00e9decine, le programme \u00ab\u2009M\u00e9decin d\u2019un jour\u2009\u00bb gagne en popularit\u00e9 aupr\u00e8s du public partout au Canada et aux \u00c9tats-Unis. Il s\u2019agit d\u2019une s\u00e9rie d\u2019expos\u00e9s magistraux innovants et divertissants dans l\u2019ambiance d\u2019une facult\u00e9 de m\u00e9decine (sans les longues heures d\u2019\u00e9tudes stressantes!) M\u00eame si vous n\u2019en sortirez pas avec un permis d\u2019exercice de la m\u00e9decine, vous aurez acquis \u00e9norm\u00e9ment de connaissances. Au terme des six semaines de formation, vous serez un consommateur averti du syst\u00e8me de sant\u00e9.<\/p>\n\t\t\t\t\t\t\t\t<\/div>\n\t\t\t\t<\/div>\n\t\t\t\t<div class=\"elementor-element elementor-element-7465623 elementor-align-center elementor-widget elementor-widget-button\" data-id=\"7465623\" data-element_type=\"widget\" data-e-type=\"widget\" data-widget_type=\"button.default\">\n\t\t\t\t<div class=\"elementor-widget-container\">\n\t\t\t\t\t\t\t\t\t<div class=\"elementor-button-wrapper\">\n\t\t\t\t\t<a class=\"elementor-button elementor-button-link elementor-size-sm\" href=\"https:\/\/med.uottawa.ca\/professional-development\/public-education\/mini-medical-school\" target=\"_blank\" rel=\"nofollow\">\n\t\t\t\t\t\t<span class=\"elementor-button-content-wrapper\">\n\t\t\t\t\t\t\t\t\t<span class=\"elementor-button-text\">D\u00c9COUVREZ LA MINI\u00c9COLE DE M\u00c9DECINE<\/span>\n\t\t\t\t\t<\/span>\n\t\t\t\t\t<\/a>\n\t\t\t\t<\/div>\n\t\t\t\t\t\t\t\t<\/div>\n\t\t\t\t<\/div>\n\t\t\t\t\t<\/div>\n\t\t<\/div>\n\t\t\t\t\t<\/div>\n\t\t<\/section>\n\t\t\t\t<\/div>\n\t\t","protected":false},"excerpt":{"rendered":"<p>Le Centre de comp\u00e9tences et de simulation de l\u2019Universit\u00e9 d\u2019Ottawa est un centre de formation \u00e0 la fine pointe de la technologie pour les professionnels de la sant\u00e9. Sp\u00e9cialis\u00e9 dans la formation technique et l\u2019apprentissage des m\u00e9thodes de gestion des urgences m\u00e9dicales dans des salles d\u2019op\u00e9ration simul\u00e9e, le Centre de comp\u00e9tences et de simulation aide [&hellip;]<\/p>\n","protected":false},"author":1,"featured_media":0,"parent":893,"menu_order":0,"comment_status":"closed","ping_status":"closed","template":"","meta":{"_acf_changed":false,"site-sidebar-layout":"no-sidebar","site-content-layout":"page-builder","ast-site-content-layout":"default","site-content-style":"default","site-sidebar-style":"default","ast-global-header-display":"","ast-banner-title-visibility":"","ast-main-header-display":"","ast-hfb-above-header-display":"","ast-hfb-below-header-display":"","ast-hfb-mobile-header-display":"","site-post-title":"disabled","ast-breadcrumbs-content":"","ast-featured-img":"disabled","footer-sml-layout":"","ast-disable-related-posts":"","theme-transparent-header-meta":"default","adv-header-id-meta":"","stick-header-meta":"","header-above-stick-meta":"","header-main-stick-meta":"","header-below-stick-meta":"","astra-migrate-meta-layouts":"default","ast-page-background-enabled":"default","ast-page-background-meta":{"desktop":{"background-color":"","background-image":"","background-repeat":"repeat","background-position":"center center","background-size":"auto","background-attachment":"scroll","background-type":"","background-media":"","overlay-type":"","overlay-color":"","overlay-opacity":"","overlay-gradient":""},"tablet":{"background-color":"","background-image":"","background-repeat":"repeat","background-position":"center center","background-size":"auto","background-attachment":"scroll","background-type":"","background-media":"","overlay-type":"","overlay-color":"","overlay-opacity":"","overlay-gradient":""},"mobile":{"background-color":"","background-image":"","background-repeat":"repeat","background-position":"center center","background-size":"auto","background-attachment":"scroll","background-type":"","background-media":"","overlay-type":"","overlay-color":"","overlay-opacity":"","overlay-gradient":""}},"ast-content-background-meta":{"desktop":{"background-color":"var(--ast-global-color-5)","background-image":"","background-repeat":"repeat","background-position":"center center","background-size":"auto","background-attachment":"scroll","background-type":"","background-media":"","overlay-type":"","overlay-color":"","overlay-opacity":"","overlay-gradient":""},"tablet":{"background-color":"var(--ast-global-color-5)","background-image":"","background-repeat":"repeat","background-position":"center center","background-size":"auto","background-attachment":"scroll","background-type":"","background-media":"","overlay-type":"","overlay-color":"","overlay-opacity":"","overlay-gradient":""},"mobile":{"background-color":"var(--ast-global-color-5)","background-image":"","background-repeat":"repeat","background-position":"center center","background-size":"auto","background-attachment":"scroll","background-type":"","background-media":"","overlay-type":"","overlay-color":"","overlay-opacity":"","overlay-gradient":""}},"footnotes":"","_links_to":"","_links_to_target":""},"class_list":["post-2773","page","type-page","status-publish","hentry"],"acf":[],"yoast_head":"<!-- This site is optimized with the Yoast SEO plugin v27.4 - https:\/\/yoast.com\/product\/yoast-seo-wordpress\/ -->\n<title>Centre de comp\u00e9tences et de simulation de l&#039;Universit\u00e9 d&#039;Ottawa - M\u00e9decin d\u2019un jour<\/title>\n<meta name=\"robots\" content=\"index, follow, max-snippet:-1, max-image-preview:large, max-video-preview:-1\" \/>\n<link rel=\"canonical\" href=\"https:\/\/uossc.ca\/fr\/activites-publiques-et-formations-d%ca%bcequipes\/medecin-dun-jour\/\" \/>\n<meta property=\"og:locale\" content=\"fr_CA\" \/>\n<meta property=\"og:type\" content=\"article\" \/>\n<meta property=\"og:title\" content=\"Centre de comp\u00e9tences et de simulation de l&#039;Universit\u00e9 d&#039;Ottawa - M\u00e9decin d\u2019un jour\" \/>\n<meta property=\"og:description\" content=\"Le Centre de comp\u00e9tences et de simulation de l\u2019Universit\u00e9 d\u2019Ottawa est un centre de formation \u00e0 la fine pointe de la technologie pour les professionnels de la sant\u00e9. Sp\u00e9cialis\u00e9 dans la formation technique et l\u2019apprentissage des m\u00e9thodes de gestion des urgences m\u00e9dicales dans des salles d\u2019op\u00e9ration simul\u00e9e, le Centre de comp\u00e9tences et de simulation aide [&hellip;]\" \/>\n<meta property=\"og:url\" content=\"https:\/\/uossc.ca\/fr\/activites-publiques-et-formations-d%ca%bcequipes\/medecin-dun-jour\/\" \/>\n<meta property=\"og:site_name\" content=\"Centre de comp\u00e9tences et de simulation de l&#039;Universit\u00e9 d&#039;Ottawa\" \/>\n<meta property=\"article:modified_time\" content=\"2022-10-05T18:23:48+00:00\" \/>\n<meta name=\"twitter:card\" content=\"summary_large_image\" \/>\n<meta name=\"twitter:site\" content=\"@uOSSC_CCSuO\" \/>\n<meta name=\"twitter:label1\" content=\"Estimation du temps de lecture\" \/>\n\t<meta name=\"twitter:data1\" content=\"2 minutes\" \/>\n<script type=\"application\/ld+json\" class=\"yoast-schema-graph\">{\"@context\":\"https:\\\/\\\/schema.org\",\"@graph\":[{\"@type\":\"WebPage\",\"@id\":\"https:\\\/\\\/uossc.ca\\\/fr\\\/activites-publiques-et-formations-d%ca%bcequipes\\\/medecin-dun-jour\\\/\",\"url\":\"https:\\\/\\\/uossc.ca\\\/fr\\\/activites-publiques-et-formations-d%ca%bcequipes\\\/medecin-dun-jour\\\/\",\"name\":\"Centre de comp\u00e9tences et de simulation de l&#039;Universit\u00e9 d&#039;Ottawa - M\u00e9decin d\u2019un jour\",\"isPartOf\":{\"@id\":\"https:\\\/\\\/uossc.ca\\\/fr\\\/#website\"},\"datePublished\":\"2019-09-23T15:55:57+00:00\",\"dateModified\":\"2022-10-05T18:23:48+00:00\",\"breadcrumb\":{\"@id\":\"https:\\\/\\\/uossc.ca\\\/fr\\\/activites-publiques-et-formations-d%ca%bcequipes\\\/medecin-dun-jour\\\/#breadcrumb\"},\"inLanguage\":\"fr-CA\",\"potentialAction\":[{\"@type\":\"ReadAction\",\"target\":[\"https:\\\/\\\/uossc.ca\\\/fr\\\/activites-publiques-et-formations-d%ca%bcequipes\\\/medecin-dun-jour\\\/\"]}]},{\"@type\":\"BreadcrumbList\",\"@id\":\"https:\\\/\\\/uossc.ca\\\/fr\\\/activites-publiques-et-formations-d%ca%bcequipes\\\/medecin-dun-jour\\\/#breadcrumb\",\"itemListElement\":[{\"@type\":\"ListItem\",\"position\":1,\"name\":\"Home\",\"item\":\"https:\\\/\\\/uossc.ca\\\/fr\\\/\"},{\"@type\":\"ListItem\",\"position\":2,\"name\":\"Consolidation d\u2019\u00e9quipe et activit\u00e9s publiques\",\"item\":\"https:\\\/\\\/uossc.ca\\\/fr\\\/activites-publiques-et-formations-d%ca%bcequipes\\\/\"},{\"@type\":\"ListItem\",\"position\":3,\"name\":\"M\u00e9decin d\u2019un jour\"}]},{\"@type\":\"WebSite\",\"@id\":\"https:\\\/\\\/uossc.ca\\\/fr\\\/#website\",\"url\":\"https:\\\/\\\/uossc.ca\\\/fr\\\/\",\"name\":\"Centre de comp\u00e9tences et de simulation de l&#039;Universit\u00e9 d&#039;Ottawa\",\"description\":\"An international leader in collaborative simulation-based education.\",\"publisher\":{\"@id\":\"https:\\\/\\\/uossc.ca\\\/fr\\\/#organization\"},\"potentialAction\":[{\"@type\":\"SearchAction\",\"target\":{\"@type\":\"EntryPoint\",\"urlTemplate\":\"https:\\\/\\\/uossc.ca\\\/fr\\\/?s={search_term_string}\"},\"query-input\":{\"@type\":\"PropertyValueSpecification\",\"valueRequired\":true,\"valueName\":\"search_term_string\"}}],\"inLanguage\":\"fr-CA\"},{\"@type\":\"Organization\",\"@id\":\"https:\\\/\\\/uossc.ca\\\/fr\\\/#organization\",\"name\":\"The University of Ottawa Skills and Simulation Centre\",\"url\":\"https:\\\/\\\/uossc.ca\\\/fr\\\/\",\"logo\":{\"@type\":\"ImageObject\",\"inLanguage\":\"fr-CA\",\"@id\":\"https:\\\/\\\/uossc.ca\\\/fr\\\/#\\\/schema\\\/logo\\\/image\\\/\",\"url\":\"https:\\\/\\\/uossc.ca\\\/wp-content\\\/uploads\\\/2019\\\/07\\\/uossc-logo.jpg\",\"contentUrl\":\"https:\\\/\\\/uossc.ca\\\/wp-content\\\/uploads\\\/2019\\\/07\\\/uossc-logo.jpg\",\"width\":790,\"height\":92,\"caption\":\"The University of Ottawa Skills and Simulation Centre\"},\"image\":{\"@id\":\"https:\\\/\\\/uossc.ca\\\/fr\\\/#\\\/schema\\\/logo\\\/image\\\/\"},\"sameAs\":[\"https:\\\/\\\/x.com\\\/uOSSC_CCSuO\"]}]}<\/script>\n<!-- \/ Yoast SEO plugin. -->","yoast_head_json":{"title":"Centre de comp\u00e9tences et de simulation de l&#039;Universit\u00e9 d&#039;Ottawa - M\u00e9decin d\u2019un jour","robots":{"index":"index","follow":"follow","max-snippet":"max-snippet:-1","max-image-preview":"max-image-preview:large","max-video-preview":"max-video-preview:-1"},"canonical":"https:\/\/uossc.ca\/fr\/activites-publiques-et-formations-d%ca%bcequipes\/medecin-dun-jour\/","og_locale":"fr_CA","og_type":"article","og_title":"Centre de comp\u00e9tences et de simulation de l&#039;Universit\u00e9 d&#039;Ottawa - M\u00e9decin d\u2019un jour","og_description":"Le Centre de comp\u00e9tences et de simulation de l\u2019Universit\u00e9 d\u2019Ottawa est un centre de formation \u00e0 la fine pointe de la technologie pour les professionnels de la sant\u00e9. Sp\u00e9cialis\u00e9 dans la formation technique et l\u2019apprentissage des m\u00e9thodes de gestion des urgences m\u00e9dicales dans des salles d\u2019op\u00e9ration simul\u00e9e, le Centre de comp\u00e9tences et de simulation aide [&hellip;]","og_url":"https:\/\/uossc.ca\/fr\/activites-publiques-et-formations-d%ca%bcequipes\/medecin-dun-jour\/","og_site_name":"Centre de comp\u00e9tences et de simulation de l&#039;Universit\u00e9 d&#039;Ottawa","article_modified_time":"2022-10-05T18:23:48+00:00","twitter_card":"summary_large_image","twitter_site":"@uOSSC_CCSuO","twitter_misc":{"Estimation du temps de lecture":"2 minutes"},"schema":{"@context":"https:\/\/schema.org","@graph":[{"@type":"WebPage","@id":"https:\/\/uossc.ca\/fr\/activites-publiques-et-formations-d%ca%bcequipes\/medecin-dun-jour\/","url":"https:\/\/uossc.ca\/fr\/activites-publiques-et-formations-d%ca%bcequipes\/medecin-dun-jour\/","name":"Centre de comp\u00e9tences et de simulation de l&#039;Universit\u00e9 d&#039;Ottawa - M\u00e9decin d\u2019un jour","isPartOf":{"@id":"https:\/\/uossc.ca\/fr\/#website"},"datePublished":"2019-09-23T15:55:57+00:00","dateModified":"2022-10-05T18:23:48+00:00","breadcrumb":{"@id":"https:\/\/uossc.ca\/fr\/activites-publiques-et-formations-d%ca%bcequipes\/medecin-dun-jour\/#breadcrumb"},"inLanguage":"fr-CA","potentialAction":[{"@type":"ReadAction","target":["https:\/\/uossc.ca\/fr\/activites-publiques-et-formations-d%ca%bcequipes\/medecin-dun-jour\/"]}]},{"@type":"BreadcrumbList","@id":"https:\/\/uossc.ca\/fr\/activites-publiques-et-formations-d%ca%bcequipes\/medecin-dun-jour\/#breadcrumb","itemListElement":[{"@type":"ListItem","position":1,"name":"Home","item":"https:\/\/uossc.ca\/fr\/"},{"@type":"ListItem","position":2,"name":"Consolidation d\u2019\u00e9quipe et activit\u00e9s publiques","item":"https:\/\/uossc.ca\/fr\/activites-publiques-et-formations-d%ca%bcequipes\/"},{"@type":"ListItem","position":3,"name":"M\u00e9decin d\u2019un jour"}]},{"@type":"WebSite","@id":"https:\/\/uossc.ca\/fr\/#website","url":"https:\/\/uossc.ca\/fr\/","name":"Centre de comp\u00e9tences et de simulation de l&#039;Universit\u00e9 d&#039;Ottawa","description":"An international leader in collaborative simulation-based education.","publisher":{"@id":"https:\/\/uossc.ca\/fr\/#organization"},"potentialAction":[{"@type":"SearchAction","target":{"@type":"EntryPoint","urlTemplate":"https:\/\/uossc.ca\/fr\/?s={search_term_string}"},"query-input":{"@type":"PropertyValueSpecification","valueRequired":true,"valueName":"search_term_string"}}],"inLanguage":"fr-CA"},{"@type":"Organization","@id":"https:\/\/uossc.ca\/fr\/#organization","name":"The University of Ottawa Skills and Simulation Centre","url":"https:\/\/uossc.ca\/fr\/","logo":{"@type":"ImageObject","inLanguage":"fr-CA","@id":"https:\/\/uossc.ca\/fr\/#\/schema\/logo\/image\/","url":"https:\/\/uossc.ca\/wp-content\/uploads\/2019\/07\/uossc-logo.jpg","contentUrl":"https:\/\/uossc.ca\/wp-content\/uploads\/2019\/07\/uossc-logo.jpg","width":790,"height":92,"caption":"The University of Ottawa Skills and Simulation Centre"},"image":{"@id":"https:\/\/uossc.ca\/fr\/#\/schema\/logo\/image\/"},"sameAs":["https:\/\/x.com\/uOSSC_CCSuO"]}]}},"_links":{"self":[{"href":"https:\/\/uossc.ca\/fr\/wp-json\/wp\/v2\/pages\/2773","targetHints":{"allow":["GET"]}}],"collection":[{"href":"https:\/\/uossc.ca\/fr\/wp-json\/wp\/v2\/pages"}],"about":[{"href":"https:\/\/uossc.ca\/fr\/wp-json\/wp\/v2\/types\/page"}],"author":[{"embeddable":true,"href":"https:\/\/uossc.ca\/fr\/wp-json\/wp\/v2\/users\/1"}],"replies":[{"embeddable":true,"href":"https:\/\/uossc.ca\/fr\/wp-json\/wp\/v2\/comments?post=2773"}],"version-history":[{"count":5,"href":"https:\/\/uossc.ca\/fr\/wp-json\/wp\/v2\/pages\/2773\/revisions"}],"predecessor-version":[{"id":5880,"href":"https:\/\/uossc.ca\/fr\/wp-json\/wp\/v2\/pages\/2773\/revisions\/5880"}],"up":[{"embeddable":true,"href":"https:\/\/uossc.ca\/fr\/wp-json\/wp\/v2\/pages\/893"}],"wp:attachment":[{"href":"https:\/\/uossc.ca\/fr\/wp-json\/wp\/v2\/media?parent=2773"}],"curies":[{"name":"wp","href":"https:\/\/api.w.org\/{rel}","templated":true}]}}